{"id":77,"date":"2017-04-17T11:32:17","date_gmt":"2017-04-17T11:32:17","guid":{"rendered":"http:\/\/mybnb.packs.siteorigin.com\/?page_id=77"},"modified":"2024-11-12T19:58:24","modified_gmt":"2024-11-12T22:58:24","slug":"aboutchile","status":"publish","type":"page","link":"https:\/\/www.idfwds2025.com\/es\/aboutchile\/","title":{"rendered":"Acerca de Chile"},"content":{"rendered":"<div id=\"pl-77\"  class=\"panel-layout\" ><div id=\"pg-77-0\"  class=\"panel-grid panel-has-style\" ><div class=\"siteorigin-panels-stretch panel-row-style panel-row-style-for-77-0\" data-stretch-type=\"full-width-stretch\" ><div id=\"pgc-77-0-0\"  class=\"panel-grid-cell\" ><div id=\"panel-77-0-0-0\" class=\"so-panel widget widget_sow-hero panel-first-child panel-last-child\" data-index=\"0\" ><div class=\"panel-widget-style panel-widget-style-for-77-0-0-0\" ><div\n\t\t\t\n\t\t\tclass=\"so-widget-sow-hero so-widget-sow-hero-default-4064f2d76c82-77 so-widget-fittext-wrapper\"\n\t\t\t data-fit-text-compressor=\"0.85\"\n\t\t>\t\t\t\t<div class=\"sow-slider-base\" style=\"display: none\" tabindex=\"0\">\n\t\t\t\t\t<ul\n\t\t\t\t\tclass=\"sow-slider-images\"\n\t\t\t\t\tdata-settings=\"{&quot;pagination&quot;:true,&quot;speed&quot;:800,&quot;timeout&quot;:8000,&quot;paused&quot;:false,&quot;pause_on_hover&quot;:false,&quot;swipe&quot;:true,&quot;nav_always_show_desktop&quot;:&quot;&quot;,&quot;nav_always_show_mobile&quot;:&quot;&quot;,&quot;breakpoint&quot;:&quot;780px&quot;,&quot;unmute&quot;:false,&quot;anchor&quot;:null}\"\n\t\t\t\t\t\t\t\t\t\tdata-anchor-id=\"\"\n\t\t\t\t>\t\t<li class=\"sow-slider-image  sow-slider-image-cover\" style=\"visibility: visible;;background-color: #333333\" >\n\t\t\t\t\t<div class=\"sow-slider-image-container\">\n\t\t\t<div class=\"sow-slider-image-wrapper\">\n\t\t\t\t<h1 style=\"text-align: center\"><strong>Descubre Chile<\/strong><\/h1>\n\t\t\t<\/div>\n\t\t<\/div>\n\t\t<div class=\"sow-slider-image-overlay sow-slider-image-cover\" style=\"opacity: 0.85;background-image: url(https:\/\/www.idfwds2025.com\/wp-content\/uploads\/2024\/06\/Slider-IDF-Stgo.jpg)\"  ><\/div>\t\t<\/li>\n\t\t\t\t<li class=\"sow-slider-image  sow-slider-image-cover\" style=\"visibility: hidden;;background-color: #333333\" >\n\t\t\t\t\t<div class=\"sow-slider-image-container\">\n\t\t\t<div class=\"sow-slider-image-wrapper\">\n\t\t\t\t<h1 class=\"tourism_title\" style=\"text-align: center\">Donde lo imposible es posible<\/h1>\n\t\t\t<\/div>\n\t\t<\/div>\n\t\t<div class=\"sow-slider-image-overlay sow-slider-image-cover\" style=\"opacity: 0.85\" data-background=\"url(https:\/\/www.idfwds2025.com\/wp-content\/uploads\/2024\/06\/Slider-IDF-traveler.jpg)\"  ><\/div>\t\t<\/li>\n\t\t<\/ul>\t\t\t\t<ol class=\"sow-slider-pagination\">\n\t\t\t\t\t\t\t\t\t\t\t<li><a href=\"#\" data-goto=\"0\" aria-label=\"Mostrar diapositiva 1\"><\/a><\/li>\n\t\t\t\t\t\t\t\t\t\t\t<li><a href=\"#\" data-goto=\"1\" aria-label=\"Mostrar diapositiva 2\"><\/a><\/li>\n\t\t\t\t\t\t\t\t\t<\/ol>\n\n\t\t\t\t<div class=\"sow-slide-nav sow-slide-nav-next\">\n\t\t\t\t\t<a href=\"#\" data-goto=\"next\" aria-label=\"Diapositiva siguiente\" data-action=\"next\">\n\t\t\t\t\t\t<em class=\"sow-sld-icon-thin-right\"><\/em>\n\t\t\t\t\t<\/a>\n\t\t\t\t<\/div>\n\n\t\t\t\t<div class=\"sow-slide-nav sow-slide-nav-prev\">\n\t\t\t\t\t<a href=\"#\" data-goto=\"previous\" aria-label=\"Diapositiva anterior\" data-action=\"prev\">\n\t\t\t\t\t\t<em class=\"sow-sld-icon-thin-left\"><\/em>\n\t\t\t\t\t<\/a>\n\t\t\t\t<\/div>\n\t\t\t\t<\/div><\/div><\/div><\/div><\/div><\/div><\/div><div id=\"pg-77-1\"  class=\"panel-grid panel-has-style\" ><div class=\"panel-row-style panel-row-style-for-77-1\" ><div id=\"pgc-77-1-0\"  class=\"panel-grid-cell\" ><div id=\"panel-77-1-0-0\" class=\"so-panel widget widget_sow-headline panel-first-child panel-last-child\" data-index=\"1\" ><div\n\t\t\t\n\t\t\tclass=\"so-widget-sow-headline so-widget-sow-headline-default-d88336650208-77\"\n\t\t\t\n\t\t><div class=\"sow-headline-container\">\n\t\t\t\t\t\t\t<h1 class=\"sow-headline\">\n\t\t\t\t\t\t<b>SOBRE<\/b> CHILE\t\t\t\t\t\t<\/h1>\n\t\t\t\t\t\t<\/div>\n<\/div><\/div><\/div><\/div><\/div><div id=\"pg-77-2\"  class=\"panel-grid panel-no-style\" ><div id=\"pgc-77-2-0\"  class=\"panel-grid-cell\" ><div id=\"panel-77-2-0-0\" class=\"so-panel widget widget_lsow-gallery-carousel panel-first-child panel-last-child\" data-index=\"2\" ><div\n\t\t\t\n\t\t\tclass=\"so-widget-lsow-gallery-carousel so-widget-lsow-gallery-carousel-default-3dd089290af6-77\"\n\t\t\t\n\t\t><div id=\"lsow-gallery-carousel-69d0fb026fcfb\" class=\"lsow-gallery-carousel lsow-container gallery-carousel-2\" data-settings='{\"enable_lightbox\":true,\"image_size\":\"siteorigin-unwind-360x238-crop\",\"link_target\":\"_self\",\"display_item_title\":true,\"display_item_tags\":true,\"arrows\":true,\"autoplay\":true,\"autoplay_speed\":3000,\"animation_speed\":300,\"pause_on_hover\":true,\"display_columns\":3,\"scroll_columns\":3,\"gutter\":10,\"customize\":\"\",\"so_field_container_state\":\"open\",\"dots\":\"\",\"tablet_width\":800,\"tablet_display_columns\":2,\"tablet_scroll_columns\":2,\"mobile_width\":480,\"mobile_display_columns\":1,\"mobile_scroll_columns\":1}'><div class=\"lsow-gallery-carousel-item  lsow-image-type\"><div class=\"lsow-project-image\"><img fetchpriority=\"high\" decoding=\"async\" width=\"847\" height=\"565\" src=\"https:\/\/www.idfwds2025.com\/wp-content\/uploads\/2024\/08\/13966810_m-Valle-de-La-Luna-Salar.jpg\" class=\"lsow-image large\" alt=\"The Moon Valley\" srcset=\"https:\/\/www.idfwds2025.com\/wp-content\/uploads\/2024\/08\/13966810_m-Valle-de-La-Luna-Salar.jpg 847w, https:\/\/www.idfwds2025.com\/wp-content\/uploads\/2024\/08\/13966810_m-Valle-de-La-Luna-Salar-300x200.jpg 300w, https:\/\/www.idfwds2025.com\/wp-content\/uploads\/2024\/08\/13966810_m-Valle-de-La-Luna-Salar-768x512.jpg 768w, https:\/\/www.idfwds2025.com\/wp-content\/uploads\/2024\/08\/13966810_m-Valle-de-La-Luna-Salar-263x174.jpg 263w, https:\/\/www.idfwds2025.com\/wp-content\/uploads\/2024\/08\/13966810_m-Valle-de-La-Luna-Salar-272x182.jpg 272w, https:\/\/www.idfwds2025.com\/wp-content\/uploads\/2024\/08\/13966810_m-Valle-de-La-Luna-Salar-720x480.jpg 720w\" sizes=\"(max-width: 847px) 100vw, 847px\" \/><div class=\"lsow-image-info\"><div class=\"lsow-entry-info\"><h3 class=\"lsow-entry-title\">Valle de la luna<\/h3><span class=\"lsow-terms\"><\/span><\/div><a class=\"lsow-lightbox-item lsow-click-anywhere\" data-fancybox=\"gallery-carousel-2\" data-thumb=\"https:\/\/www.idfwds2025.com\/wp-content\/uploads\/2024\/08\/13966810_m-Valle-de-La-Luna-Salar-150x150.jpg\" href=\"https:\/\/www.idfwds2025.com\/wp-content\/uploads\/2024\/08\/13966810_m-Valle-de-La-Luna-Salar.jpg\" title=\"Valle de la luna\" data-description=\"\"><i class=\"lsow-icon-full-screen\"><\/i><\/a><\/div><!-- .lsow-image-info --><\/div><!-- .lsow-project-image --><\/div><!-- .lsow-gallery-carousel-item --><div class=\"lsow-gallery-carousel-item  lsow-image-type\"><div class=\"lsow-project-image\"><img decoding=\"async\" width=\"848\" height=\"565\" src=\"https:\/\/www.idfwds2025.com\/wp-content\/uploads\/2024\/08\/5804_ficha-Valle-del-Elqui.jpg\" class=\"lsow-image large\" alt=\"Elqui Valley\" srcset=\"https:\/\/www.idfwds2025.com\/wp-content\/uploads\/2024\/08\/5804_ficha-Valle-del-Elqui.jpg 848w, https:\/\/www.idfwds2025.com\/wp-content\/uploads\/2024\/08\/5804_ficha-Valle-del-Elqui-300x200.jpg 300w, https:\/\/www.idfwds2025.com\/wp-content\/uploads\/2024\/08\/5804_ficha-Valle-del-Elqui-768x512.jpg 768w, https:\/\/www.idfwds2025.com\/wp-content\/uploads\/2024\/08\/5804_ficha-Valle-del-Elqui-263x174.jpg 263w, https:\/\/www.idfwds2025.com\/wp-content\/uploads\/2024\/08\/5804_ficha-Valle-del-Elqui-272x182.jpg 272w, https:\/\/www.idfwds2025.com\/wp-content\/uploads\/2024\/08\/5804_ficha-Valle-del-Elqui-720x480.jpg 720w\" sizes=\"(max-width: 848px) 100vw, 848px\" \/><div class=\"lsow-image-info\"><div class=\"lsow-entry-info\"><h3 class=\"lsow-entry-title\">Valle del Elqui<\/h3><span class=\"lsow-terms\"><\/span><\/div><a class=\"lsow-lightbox-item lsow-click-anywhere\" data-fancybox=\"gallery-carousel-2\" data-thumb=\"https:\/\/www.idfwds2025.com\/wp-content\/uploads\/2024\/08\/5804_ficha-Valle-del-Elqui-150x150.jpg\" href=\"https:\/\/www.idfwds2025.com\/wp-content\/uploads\/2024\/08\/5804_ficha-Valle-del-Elqui.jpg\" title=\"Valle del Elqui\" data-description=\"\"><i class=\"lsow-icon-full-screen\"><\/i><\/a><\/div><!-- .lsow-image-info --><\/div><!-- .lsow-project-image --><\/div><!-- .lsow-gallery-carousel-item --><div class=\"lsow-gallery-carousel-item  lsow-image-type\"><div class=\"lsow-project-image\"><img decoding=\"async\" width=\"848\" height=\"565\" src=\"https:\/\/www.idfwds2025.com\/wp-content\/uploads\/2024\/08\/DesiertoAtacama.jpg\" class=\"lsow-image large\" alt=\"Atacama desert\" srcset=\"https:\/\/www.idfwds2025.com\/wp-content\/uploads\/2024\/08\/DesiertoAtacama.jpg 848w, https:\/\/www.idfwds2025.com\/wp-content\/uploads\/2024\/08\/DesiertoAtacama-300x200.jpg 300w, https:\/\/www.idfwds2025.com\/wp-content\/uploads\/2024\/08\/DesiertoAtacama-768x512.jpg 768w, https:\/\/www.idfwds2025.com\/wp-content\/uploads\/2024\/08\/DesiertoAtacama-263x174.jpg 263w, https:\/\/www.idfwds2025.com\/wp-content\/uploads\/2024\/08\/DesiertoAtacama-272x182.jpg 272w, https:\/\/www.idfwds2025.com\/wp-content\/uploads\/2024\/08\/DesiertoAtacama-720x480.jpg 720w\" sizes=\"(max-width: 848px) 100vw, 848px\" \/><div class=\"lsow-image-info\"><div class=\"lsow-entry-info\"><h3 class=\"lsow-entry-title\">Desierto de Atacama<\/h3><span class=\"lsow-terms\"><\/span><\/div><a class=\"lsow-lightbox-item lsow-click-anywhere\" data-fancybox=\"gallery-carousel-2\" data-thumb=\"https:\/\/www.idfwds2025.com\/wp-content\/uploads\/2024\/08\/DesiertoAtacama-150x150.jpg\" href=\"https:\/\/www.idfwds2025.com\/wp-content\/uploads\/2024\/08\/DesiertoAtacama.jpg\" title=\"Desierto de Atacama\" data-description=\"\"><i class=\"lsow-icon-full-screen\"><\/i><\/a><\/div><!-- .lsow-image-info --><\/div><!-- .lsow-project-image --><\/div><!-- .lsow-gallery-carousel-item --><div class=\"lsow-gallery-carousel-item  lsow-image-type\"><div class=\"lsow-project-image\"><img loading=\"lazy\" decoding=\"async\" width=\"849\" height=\"564\" src=\"https:\/\/www.idfwds2025.com\/wp-content\/uploads\/2024\/08\/13338817_m.jpg\" class=\"lsow-image large\" alt=\"Easter Island\" srcset=\"https:\/\/www.idfwds2025.com\/wp-content\/uploads\/2024\/08\/13338817_m.jpg 849w, https:\/\/www.idfwds2025.com\/wp-content\/uploads\/2024\/08\/13338817_m-300x199.jpg 300w, https:\/\/www.idfwds2025.com\/wp-content\/uploads\/2024\/08\/13338817_m-768x510.jpg 768w, https:\/\/www.idfwds2025.com\/wp-content\/uploads\/2024\/08\/13338817_m-263x174.jpg 263w, https:\/\/www.idfwds2025.com\/wp-content\/uploads\/2024\/08\/13338817_m-360x238.jpg 360w, https:\/\/www.idfwds2025.com\/wp-content\/uploads\/2024\/08\/13338817_m-272x182.jpg 272w\" sizes=\"(max-width: 849px) 100vw, 849px\" \/><div class=\"lsow-image-info\"><div class=\"lsow-entry-info\"><h3 class=\"lsow-entry-title\">Isla de Pascua<\/h3><span class=\"lsow-terms\"><\/span><\/div><a class=\"lsow-lightbox-item lsow-click-anywhere\" data-fancybox=\"gallery-carousel-2\" data-thumb=\"https:\/\/www.idfwds2025.com\/wp-content\/uploads\/2024\/08\/13338817_m-150x150.jpg\" href=\"https:\/\/www.idfwds2025.com\/wp-content\/uploads\/2024\/08\/13338817_m.jpg\" title=\"Isla de Pascua\" data-description=\"\"><i class=\"lsow-icon-full-screen\"><\/i><\/a><\/div><!-- .lsow-image-info --><\/div><!-- .lsow-project-image --><\/div><!-- .lsow-gallery-carousel-item --><div class=\"lsow-gallery-carousel-item  lsow-image-type\"><div class=\"lsow-project-image\"><img loading=\"lazy\" decoding=\"async\" width=\"1280\" height=\"960\" src=\"https:\/\/www.idfwds2025.com\/wp-content\/uploads\/2024\/08\/Valparaiso-Chile.jpg\" class=\"lsow-image large\" alt=\"Valparaiso\" srcset=\"https:\/\/www.idfwds2025.com\/wp-content\/uploads\/2024\/08\/Valparaiso-Chile.jpg 1280w, https:\/\/www.idfwds2025.com\/wp-content\/uploads\/2024\/08\/Valparaiso-Chile-300x225.jpg 300w, https:\/\/www.idfwds2025.com\/wp-content\/uploads\/2024\/08\/Valparaiso-Chile-1024x768.jpg 1024w, https:\/\/www.idfwds2025.com\/wp-content\/uploads\/2024\/08\/Valparaiso-Chile-768x576.jpg 768w\" sizes=\"(max-width: 1280px) 100vw, 1280px\" \/><div class=\"lsow-image-info\"><div class=\"lsow-entry-info\"><h3 class=\"lsow-entry-title\">Valparaiso<\/h3><span class=\"lsow-terms\"><\/span><\/div><a class=\"lsow-lightbox-item lsow-click-anywhere\" data-fancybox=\"gallery-carousel-2\" data-thumb=\"https:\/\/www.idfwds2025.com\/wp-content\/uploads\/2024\/08\/Valparaiso-Chile-150x150.jpg\" href=\"https:\/\/www.idfwds2025.com\/wp-content\/uploads\/2024\/08\/Valparaiso-Chile.jpg\" title=\"Valparaiso\" data-description=\"\"><i class=\"lsow-icon-full-screen\"><\/i><\/a><\/div><!-- .lsow-image-info --><\/div><!-- .lsow-project-image --><\/div><!-- .lsow-gallery-carousel-item --><div class=\"lsow-gallery-carousel-item  lsow-image-type\"><div class=\"lsow-project-image\"><img loading=\"lazy\" decoding=\"async\" width=\"1024\" height=\"768\" src=\"https:\/\/www.idfwds2025.com\/wp-content\/uploads\/2024\/08\/pucon.jpg\" class=\"lsow-image large\" alt=\"Villarrica Volcano\" srcset=\"https:\/\/www.idfwds2025.com\/wp-content\/uploads\/2024\/08\/pucon.jpg 1024w, https:\/\/www.idfwds2025.com\/wp-content\/uploads\/2024\/08\/pucon-300x225.jpg 300w, https:\/\/www.idfwds2025.com\/wp-content\/uploads\/2024\/08\/pucon-768x576.jpg 768w\" sizes=\"(max-width: 1024px) 100vw, 1024px\" \/><div class=\"lsow-image-info\"><div class=\"lsow-entry-info\"><h3 class=\"lsow-entry-title\">Volc\u00e1n Villarrica<\/h3><span class=\"lsow-terms\"><\/span><\/div><a class=\"lsow-lightbox-item lsow-click-anywhere\" data-fancybox=\"gallery-carousel-2\" data-thumb=\"https:\/\/www.idfwds2025.com\/wp-content\/uploads\/2024\/08\/pucon-150x150.jpg\" href=\"https:\/\/www.idfwds2025.com\/wp-content\/uploads\/2024\/08\/pucon.jpg\" title=\"Volc\u00e1n Villarrica\" data-description=\"\"><i class=\"lsow-icon-full-screen\"><\/i><\/a><\/div><!-- .lsow-image-info --><\/div><!-- .lsow-project-image --><\/div><!-- .lsow-gallery-carousel-item --><div class=\"lsow-gallery-carousel-item  lsow-image-type\"><div class=\"lsow-project-image\"><img loading=\"lazy\" decoding=\"async\" width=\"400\" height=\"300\" src=\"https:\/\/www.idfwds2025.com\/wp-content\/uploads\/2024\/08\/valdivia.jpg\" class=\"lsow-image large\" alt=\"Valdivia city\" srcset=\"https:\/\/www.idfwds2025.com\/wp-content\/uploads\/2024\/08\/valdivia.jpg 400w, https:\/\/www.idfwds2025.com\/wp-content\/uploads\/2024\/08\/valdivia-300x225.jpg 300w\" sizes=\"(max-width: 400px) 100vw, 400px\" \/><div class=\"lsow-image-info\"><div class=\"lsow-entry-info\"><h3 class=\"lsow-entry-title\">Ciudad de Valdivia<\/h3><span class=\"lsow-terms\"><\/span><\/div><a class=\"lsow-lightbox-item lsow-click-anywhere\" data-fancybox=\"gallery-carousel-2\" data-thumb=\"https:\/\/www.idfwds2025.com\/wp-content\/uploads\/2024\/08\/valdivia-150x150.jpg\" href=\"https:\/\/www.idfwds2025.com\/wp-content\/uploads\/2024\/08\/valdivia.jpg\" title=\"Ciudad de Valdivia\" data-description=\"\"><i class=\"lsow-icon-full-screen\"><\/i><\/a><\/div><!-- .lsow-image-info --><\/div><!-- .lsow-project-image --><\/div><!-- .lsow-gallery-carousel-item --><div class=\"lsow-gallery-carousel-item  lsow-image-type\"><div class=\"lsow-project-image\"><img loading=\"lazy\" decoding=\"async\" width=\"896\" height=\"535\" src=\"https:\/\/www.idfwds2025.com\/wp-content\/uploads\/2024\/08\/9849039_m-Torres-del-Paine.jpg\" class=\"lsow-image large\" alt=\"Torres del Paine\" srcset=\"https:\/\/www.idfwds2025.com\/wp-content\/uploads\/2024\/08\/9849039_m-Torres-del-Paine.jpg 896w, https:\/\/www.idfwds2025.com\/wp-content\/uploads\/2024\/08\/9849039_m-Torres-del-Paine-300x179.jpg 300w, https:\/\/www.idfwds2025.com\/wp-content\/uploads\/2024\/08\/9849039_m-Torres-del-Paine-768x459.jpg 768w\" sizes=\"(max-width: 896px) 100vw, 896px\" \/><div class=\"lsow-image-info\"><div class=\"lsow-entry-info\"><h3 class=\"lsow-entry-title\">Torres del Paine<\/h3><span class=\"lsow-terms\"><\/span><\/div><a class=\"lsow-lightbox-item lsow-click-anywhere\" data-fancybox=\"gallery-carousel-2\" data-thumb=\"https:\/\/www.idfwds2025.com\/wp-content\/uploads\/2024\/08\/9849039_m-Torres-del-Paine-150x150.jpg\" href=\"https:\/\/www.idfwds2025.com\/wp-content\/uploads\/2024\/08\/9849039_m-Torres-del-Paine.jpg\" title=\"Torres del Paine\" data-description=\"\"><i class=\"lsow-icon-full-screen\"><\/i><\/a><\/div><!-- .lsow-image-info --><\/div><!-- .lsow-project-image --><\/div><!-- .lsow-gallery-carousel-item --><\/div><!-- .lsow-gallery-carousel --><\/div><\/div><\/div><\/div><div id=\"pg-77-3\"  class=\"panel-grid panel-no-style\" ><div id=\"pgc-77-3-0\"  class=\"panel-grid-cell\" ><div id=\"panel-77-3-0-0\" class=\"so-panel widget widget_sow-editor panel-first-child panel-last-child\" data-index=\"3\" ><div\n\t\t\t\n\t\t\tclass=\"so-widget-sow-editor so-widget-sow-editor-base\"\n\t\t\t\n\t\t>\n<div class=\"siteorigin-widget-tinymce textwidget\">\n\t<style>\n        body {<br \/>            font-family: Arial, sans-serif;<br \/>            margin: 40px;<br \/>        }<br \/>        .justified-text {<br \/>            text-align: justify;<br \/>            margin: 0; \/* Remove margins from the container *\/<br \/>        }<br \/>        .justified-text p {<br \/>            margin: 0;<br \/>            padding: 0;<br \/>            text-indent: 0; \/* No indentation on paragraphs *\/<br \/>        }<br \/>    <\/style>\n<div class=\"justified-text\">\n<p>Chile es un pa\u00eds de incre\u00edble diversidad, que se extiende a lo largo de la costa suroeste de Am\u00e9rica del Sur. Desde el desierto m\u00e1s \u00e1rido del mundo, el Desierto de Atacama, hasta los exuberantes bosques y fiordos de la Patagonia, Chile ofrece un paisaje sin igual. La forma larga y estrecha del pa\u00eds permite que, en tan solo unas horas, se pueda pasar de playas de arena a monta\u00f1as cubiertas de nieve.<\/p>\n<p>En el norte, es posible explorar los paisajes surrealistas del Desierto de Atacama, con sus salares de otro mundo, g\u00e9iseres y el Valle de la Luna. Hacia el sur, la Regi\u00f3n de los Lagos ofrece lagos glaciares, imponentes volcanes y frondosos parques nacionales ideales para la aventura.<\/p>\n<p>M\u00e1s al sur, la escenograf\u00eda dram\u00e1tica de la Patagonia incluye el ic\u00f3nico Parque Nacional Torres del Paine, un para\u00edso para excursionistas y amantes de la naturaleza. Para quienes buscan una experiencia cultural, la vibrante capital, Santiago, combina modernidad y tradici\u00f3n con sus mercados, museos y barrios llenos de vida.<\/p>\n<p>El pa\u00eds del vino tambi\u00e9n es imperdible: los reconocidos vi\u00f1edos de Chile producen algunos de los mejores vinos de Sudam\u00e9rica. Ya sea que busque aventura, naturaleza o cultura, Chile tiene algo para ofrecer a todos.<\/p>\n<p>Venga a descubrir la magia de Chile, un pa\u00eds donde la belleza natural no tiene l\u00edmites y cada viaje es una aventura por descubrir.<\/p>\n<\/div>\n<\/div>\n<\/div><\/div><\/div><\/div><div id=\"pg-77-4\"  class=\"panel-grid panel-has-style\" ><div class=\"panel-row-style panel-row-style-for-77-4\" ><div id=\"pgc-77-4-0\"  class=\"panel-grid-cell\" ><div id=\"panel-77-4-0-0\" class=\"so-panel widget widget_lsow-accordion panel-first-child panel-last-child\" data-index=\"4\" ><div\n\t\t\t\n\t\t\tclass=\"so-widget-lsow-accordion so-widget-lsow-accordion-default-d75171398898-77\"\n\t\t\t\n\t\t>\n<div class=\"lsow-accordion style3\" data-toggle=\"false\" data-expanded=\"false\"><div class=\"lsow-panel\" id=\"documents-and-requirements\"><div class=\"lsow-panel-title\">Documentos y requisitos<\/div><div class=\"lsow-panel-content\"><p>Para ingresar a Chile solo es necesario presentar su documento de identificaci\u00f3n (c\u00e9dula o pasaporte), y dependiendo de su pa\u00eds de origen, una visa estampada.<\/p>\n<p>Si usted es ciudadano de Sudam\u00e9rica, la Uni\u00f3n Europea, Estados Unidos o Canad\u00e1, no necesita una visa de turista. Sin embargo, algunos pa\u00edses deben pagar una tarifa en efectivo (tasa de reciprocidad) al llegar al aeropuerto en Chile.<\/p>\n<p>Los ciudadanos de Australia requieren una visa electr\u00f3nica espec\u00edfica, la cual puede obtener\u00a0<a href=\"https:\/\/www.consulado.gob.cl\/servicios\/e-visa-para-australia\" target=\"_blank\" rel=\"noopener noreferrer\">aqu\u00ed<\/a>.<\/p>\n<\/div><\/div><!-- .lsow-panel --><div class=\"lsow-panel\" id=\"health-and-safety\"><div class=\"lsow-panel-title\">Salud y seguridad<\/div><div class=\"lsow-panel-content\"><p>Si visita Chile, tenga en cuenta la siguiente informaci\u00f3n para una experiencia segura y agradable:<\/p>\n<p><img loading=\"lazy\" decoding=\"async\" class=\"\" src=\"https:\/\/www.chile.travel\/wp-content\/uploads\/2021\/08\/icono_list_check.png\" width=\"17\" height=\"16\" \/> Al desplazarse por el pa\u00eds, como en cualquier gran ciudad del mundo, cuide sus bolsos y equipajes para evitar robos menores.<\/p>\n<p><img loading=\"lazy\" decoding=\"async\" class=\"\" src=\"https:\/\/www.chile.travel\/wp-content\/uploads\/2021\/08\/icono_list_check.png\" width=\"18\" height=\"17\" \/>\u00a0Lleve copias de documentos importantes, como el pasaporte.<\/p>\n<p><img loading=\"lazy\" decoding=\"async\" class=\"\" src=\"https:\/\/www.chile.travel\/wp-content\/uploads\/2021\/08\/icono_list_check.png\" width=\"18\" height=\"17\" \/> Evite caminar solo por la noche en ciertas zonas.<\/p>\n<p><img loading=\"lazy\" decoding=\"async\" class=\"\" src=\"https:\/\/www.chile.travel\/wp-content\/uploads\/2021\/08\/icono_list_check.png\" width=\"18\" height=\"17\" \/> Mant\u00e9ngase informado y respete los protocolos de protecci\u00f3n contra el COVID-19.<\/p>\n<p><img loading=\"lazy\" decoding=\"async\" class=\"\" src=\"https:\/\/www.chile.travel\/wp-content\/uploads\/2021\/08\/icono_list_check.png\" width=\"18\" height=\"17\" \/> Be constantly informed and observe the COVID 19 protection protocols.<\/p>\n<\/div><\/div><!-- .lsow-panel --><\/div><!-- .lsow-accordion --><\/div><\/div><\/div><div id=\"pgc-77-4-1\"  class=\"panel-grid-cell\" ><div id=\"panel-77-4-1-0\" class=\"so-panel widget widget_lsow-accordion panel-first-child panel-last-child\" data-index=\"5\" ><div\n\t\t\t\n\t\t\tclass=\"so-widget-lsow-accordion so-widget-lsow-accordion-default-d75171398898-77\"\n\t\t\t\n\t\t>\n<div class=\"lsow-accordion style3\" data-toggle=\"false\" data-expanded=\"false\"><div class=\"lsow-panel\" id=\"language\"><div class=\"lsow-panel-title\">Idioma<\/div><div class=\"lsow-panel-content\"><p>El idioma oficial de Chile es el espa\u00f1ol, aunque existen comunidades que tambi\u00e9n hablan lenguas ind\u00edgenas.<\/p>\n<\/div><\/div><!-- .lsow-panel --><div class=\"lsow-panel\" id=\"seasons-and-wheater\"><div class=\"lsow-panel-title\">Estaciones y clima<\/div><div class=\"lsow-panel-content\"><p>El verano en Chile se extiende entre enero y marzo, mientras que el invierno abarca los meses de julio a septiembre.<\/p>\n<p>El pa\u00eds presenta una amplia variedad de climas, desde el des\u00e9rtico en el norte hasta clima de tundra y polar en el sur.<\/p>\n<\/div><\/div><!-- .lsow-panel --><\/div><!-- .lsow-accordion --><\/div><\/div><\/div><\/div><\/div><div id=\"pg-77-5\"  class=\"panel-grid panel-has-style\" ><div class=\"panel-row-style panel-row-style-for-77-5\" ><div id=\"pgc-77-5-0\"  class=\"panel-grid-cell\" ><div id=\"panel-77-5-0-0\" class=\"so-panel widget widget_sow-headline panel-first-child\" data-index=\"6\" ><div\n\t\t\t\n\t\t\tclass=\"so-widget-sow-headline so-widget-sow-headline-default-3e70768751b9-77\"\n\t\t\t\n\t\t><div class=\"sow-headline-container\">\n\t\t\t\t\t\t\t<h1 class=\"sow-headline translation-block\"><b>BIENVENIDO<\/b> A CHILE<\/h1>\n\t\t\t\t\t\t<\/div>\n<\/div><\/div><div id=\"panel-77-5-0-1\" class=\"so-panel widget widget_media_video panel-last-child\" data-index=\"7\" ><div style=\"width:100%;\" class=\"wp-video\"><video class=\"wp-video-shortcode\" id=\"video-77-1\" preload=\"metadata\" controls=\"controls\"><source type=\"video\/youtube\" src=\"https:\/\/youtu.be\/eSYpegYD4jc?si=Rt4UFV-k__Nfq1Ya&#038;_=1\" \/><a href=\"https:\/\/youtu.be\/eSYpegYD4jc?si=Rt4UFV-k__Nfq1Ya\">https:\/\/youtu.be\/eSYpegYD4jc?si=Rt4UFV-k__Nfq1Ya<\/a><\/video><\/div><\/div><\/div><\/div><\/div><\/div>","protected":false},"excerpt":{"rendered":"<p>Discover Chile Where the impossible is possible ABOUT CHILE The Moon ValleyElqui ValleyAtacama desertEaster IslandValparaisoVillarrica VolcanoValdivia cityTorres del Paine Chile is a land of incredible diversity, stretching along the southwestern coast of South America. From the driest desert in the world, the Atacama, to the lush forests and fjords of Patagonia, Chile offers a landscape&#8230;<\/p>\n<div class=\"more-link-wrapper\"><a class=\"more-link\" href=\"https:\/\/www.idfwds2025.com\/es\/aboutchile\/\"><span class=\"more-text\">Sigue leyendo<\/span><\/a><\/div>","protected":false},"author":1,"featured_media":0,"parent":0,"menu_order":0,"comment_status":"closed","ping_status":"closed","template":"","meta":{"footnotes":""},"class_list":["post-77","page","type-page","status-publish","hentry","post"],"_links":{"self":[{"href":"https:\/\/www.idfwds2025.com\/es\/wp-json\/wp\/v2\/pages\/77","targetHints":{"allow":["GET"]}}],"collection":[{"href":"https:\/\/www.idfwds2025.com\/es\/wp-json\/wp\/v2\/pages"}],"about":[{"href":"https:\/\/www.idfwds2025.com\/es\/wp-json\/wp\/v2\/types\/page"}],"author":[{"embeddable":true,"href":"https:\/\/www.idfwds2025.com\/es\/wp-json\/wp\/v2\/users\/1"}],"replies":[{"embeddable":true,"href":"https:\/\/www.idfwds2025.com\/es\/wp-json\/wp\/v2\/comments?post=77"}],"version-history":[{"count":5,"href":"https:\/\/www.idfwds2025.com\/es\/wp-json\/wp\/v2\/pages\/77\/revisions"}],"predecessor-version":[{"id":172,"href":"https:\/\/www.idfwds2025.com\/es\/wp-json\/wp\/v2\/pages\/77\/revisions\/172"}],"wp:attachment":[{"href":"https:\/\/www.idfwds2025.com\/es\/wp-json\/wp\/v2\/media?parent=77"}],"curies":[{"name":"wp","href":"https:\/\/api.w.org\/{rel}","templated":true}]}}