{"id":716,"date":"2025-06-25T12:42:16","date_gmt":"2025-06-25T15:42:16","guid":{"rendered":"https:\/\/www.idfwds2025.com\/?page_id=716"},"modified":"2025-06-27T11:33:15","modified_gmt":"2025-06-27T14:33:15","slug":"news","status":"publish","type":"page","link":"https:\/\/www.idfwds2025.com\/es\/news\/","title":{"rendered":"News"},"content":{"rendered":"<div data-elementor-type=\"wp-page\" data-elementor-id=\"716\" class=\"elementor elementor-716\" data-elementor-post-type=\"page\">\n\t\t\t\t<div class=\"elementor-element elementor-element-7d479ea7 e-con-full e-flex e-con e-parent\" data-id=\"7d479ea7\" data-element_type=\"container\" data-settings=\"{&quot;background_background&quot;:&quot;gradient&quot;}\">\n\t\t\t\t<div class=\"elementor-element elementor-element-3d191d9c elementor-widget elementor-widget-heading\" data-id=\"3d191d9c\" data-element_type=\"widget\" data-widget_type=\"heading.default\">\n\t\t\t\t<div class=\"elementor-widget-container\">\n\t\t\t\t\t<h1 class=\"elementor-heading-title elementor-size-default\">\u00daltimas noticias<\/h1>\t\t\t\t<\/div>\n\t\t\t\t<\/div>\n\t\t\t\t<div class=\"elementor-element elementor-element-d0c313d elementor-widget elementor-widget-heading\" data-id=\"d0c313d\" data-element_type=\"widget\" data-widget_type=\"heading.default\">\n\t\t\t\t<div class=\"elementor-widget-container\">\n\t\t\t\t\t<h2 class=\"elementor-heading-title elementor-size-default\">Mant\u00e9ngase al d\u00eda de los anuncios oficiales, las principales actualizaciones y las novedades de la Cumbre Mundial IDF 2025.<\/h2>\t\t\t\t<\/div>\n\t\t\t\t<\/div>\n\t\t\t\t<\/div>\n\t\t<div class=\"elementor-element elementor-element-7953de41 e-con-full e-flex e-con e-parent\" data-id=\"7953de41\" data-element_type=\"container\">\n\t\t\t\t<div class=\"elementor-element elementor-element-08b05b6 elementor-grid-3 elementor-grid-tablet-2 elementor-grid-mobile-1 elementor-posts--thumbnail-top elementor-card-shadow-yes elementor-posts__hover-gradient elementor-widget elementor-widget-posts\" data-id=\"08b05b6\" data-element_type=\"widget\" data-settings=\"{&quot;cards_columns&quot;:&quot;3&quot;,&quot;cards_columns_tablet&quot;:&quot;2&quot;,&quot;cards_columns_mobile&quot;:&quot;1&quot;,&quot;cards_row_gap&quot;:{&quot;unit&quot;:&quot;px&quot;,&quot;size&quot;:35,&quot;sizes&quot;:[]},&quot;cards_row_gap_tablet&quot;:{&quot;unit&quot;:&quot;px&quot;,&quot;size&quot;:&quot;&quot;,&quot;sizes&quot;:[]},&quot;cards_row_gap_mobile&quot;:{&quot;unit&quot;:&quot;px&quot;,&quot;size&quot;:&quot;&quot;,&quot;sizes&quot;:[]}}\" data-widget_type=\"posts.cards\">\n\t\t\t\t<div class=\"elementor-widget-container\">\n\t\t\t\t\t\t\t<div class=\"elementor-posts-container elementor-posts elementor-posts--skin-cards elementor-grid\" role=\"list\">\n\t\t\t\t<article class=\"elementor-post elementor-grid-item post-932 post type-post status-publish format-standard has-post-thumbnail hentry category-uncategorized\" role=\"listitem\">\n\t\t\t<div class=\"elementor-post__card\">\n\t\t\t\t<a class=\"elementor-post__thumbnail__link\" href=\"https:\/\/www.idfwds2025.com\/es\/news\/idf-announces-winners-of-the-2025-idf-professor-pavel-jelen-award-for-early-career-scientists\/\" tabindex=\"-1\" ><div class=\"elementor-post__thumbnail\"><img decoding=\"async\" width=\"300\" height=\"164\" src=\"https:\/\/www.idfwds2025.com\/wp-content\/uploads\/2025\/09\/Website-feature-image-734-x-401-6-300x164.png\" class=\"attachment-medium size-medium wp-image-933\" alt=\"\" srcset=\"https:\/\/www.idfwds2025.com\/wp-content\/uploads\/2025\/09\/Website-feature-image-734-x-401-6-300x164.png 300w, https:\/\/www.idfwds2025.com\/wp-content\/uploads\/2025\/09\/Website-feature-image-734-x-401-6-18x10.png 18w, https:\/\/www.idfwds2025.com\/wp-content\/uploads\/2025\/09\/Website-feature-image-734-x-401-6.png 734w\" sizes=\"(max-width: 300px) 100vw, 300px\" \/><\/div><\/a>\n\t\t\t\t<div class=\"elementor-post__text\">\n\t\t\t\t<h3 class=\"elementor-post__title\">\n\t\t\t<a href=\"https:\/\/www.idfwds2025.com\/es\/news\/idf-announces-winners-of-the-2025-idf-professor-pavel-jelen-award-for-early-career-scientists\/\" >\n\t\t\t\tIDF anuncia los ganadores del \u00abPremio IDF Profesor Pavel Jelen para Cient\u00edficos en Etapa Inicial de su Carrera\u00bb 2025\t\t\t<\/a>\n\t\t<\/h3>\n\t\t\t\t<div class=\"elementor-post__excerpt\">\n\t\t\t<p>La Federaci\u00f3n Internacional de Lecher\u00eda (IDF) se enorgullece de anunciar los ganadores del Premio IDF Profesor Pavel Jelen\t\t<\/div>\n\t\t\n\t\t<a class=\"elementor-post__read-more\" href=\"https:\/\/www.idfwds2025.com\/es\/news\/idf-announces-winners-of-the-2025-idf-professor-pavel-jelen-award-for-early-career-scientists\/\" aria-label=\"Read more about IDF announces winners of the 2025 IDF Professor Pavel Jelen Award for Early-Career Scientists\" tabindex=\"-1\" >\n\t\t\tRead More \u00bb\t\t<\/a>\n\n\t\t\t\t<\/div>\n\t\t\t\t\t<\/div>\n\t\t<\/article>\n\t\t\t\t<article class=\"elementor-post elementor-grid-item post-676 post type-post status-publish format-standard has-post-thumbnail hentry category-uncategorized\" role=\"listitem\">\n\t\t\t<div class=\"elementor-post__card\">\n\t\t\t\t<a class=\"elementor-post__thumbnail__link\" href=\"https:\/\/www.idfwds2025.com\/es\/news\/new-deadline-participate-in-the-idf-wds-2025-abstract-poster-competition\/\" tabindex=\"-1\" ><div class=\"elementor-post__thumbnail\"><img fetchpriority=\"high\" decoding=\"async\" width=\"240\" height=\"300\" src=\"https:\/\/www.idfwds2025.com\/wp-content\/uploads\/2025\/06\/web-2-240x300.jpeg\" class=\"attachment-medium size-medium wp-image-680\" alt=\"\" srcset=\"https:\/\/www.idfwds2025.com\/wp-content\/uploads\/2025\/06\/web-2-240x300.jpeg 240w, https:\/\/www.idfwds2025.com\/wp-content\/uploads\/2025\/06\/web-2-819x1024.jpeg 819w, https:\/\/www.idfwds2025.com\/wp-content\/uploads\/2025\/06\/web-2-768x960.jpeg 768w, https:\/\/www.idfwds2025.com\/wp-content\/uploads\/2025\/06\/web-2-1229x1536.jpeg 1229w, https:\/\/www.idfwds2025.com\/wp-content\/uploads\/2025\/06\/web-2-10x12.jpeg 10w, https:\/\/www.idfwds2025.com\/wp-content\/uploads\/2025\/06\/web-2.jpeg 1280w\" sizes=\"(max-width: 240px) 100vw, 240px\" \/><\/div><\/a>\n\t\t\t\t<div class=\"elementor-post__text\">\n\t\t\t\t<h3 class=\"elementor-post__title\">\n\t\t\t<a href=\"https:\/\/www.idfwds2025.com\/es\/news\/new-deadline-participate-in-the-idf-wds-2025-abstract-poster-competition\/\" >\n\t\t\t\tNuevo plazo: Participe en el Concurso de Res\u00famenes y P\u00f3sters de la IDF WDS 2025\t\t\t<\/a>\n\t\t<\/h3>\n\t\t\t\t<div class=\"elementor-post__excerpt\">\n\t\t\t<p>Hemos ampliado el plazo de presentaci\u00f3n de res\u00famenes hasta el 30 de mayo para que pueda participar con su trabajo. Si\t\t<\/div>\n\t\t\n\t\t<a class=\"elementor-post__read-more\" href=\"https:\/\/www.idfwds2025.com\/es\/news\/new-deadline-participate-in-the-idf-wds-2025-abstract-poster-competition\/\" aria-label=\"Read more about New deadline: Participate in the IDF WDS 2025 Abstract &#038; Poster Competition\" tabindex=\"-1\" >\n\t\t\tRead More \u00bb\t\t<\/a>\n\n\t\t\t\t<\/div>\n\t\t\t\t\t<\/div>\n\t\t<\/article>\n\t\t\t\t<article class=\"elementor-post elementor-grid-item post-103 post type-post status-publish format-standard has-post-thumbnail hentry category-uncategorized\" role=\"listitem\">\n\t\t\t<div class=\"elementor-post__card\">\n\t\t\t\t<a class=\"elementor-post__thumbnail__link\" href=\"https:\/\/www.idfwds2025.com\/es\/news\/formidable_programme_announced\/\" tabindex=\"-1\" ><div class=\"elementor-post__thumbnail\"><img decoding=\"async\" width=\"277\" height=\"300\" src=\"https:\/\/www.idfwds2025.com\/wp-content\/uploads\/2017\/05\/web-1-277x300.jpeg\" class=\"attachment-medium size-medium wp-image-636\" alt=\"\" srcset=\"https:\/\/www.idfwds2025.com\/wp-content\/uploads\/2017\/05\/web-1-277x300.jpeg 277w, https:\/\/www.idfwds2025.com\/wp-content\/uploads\/2017\/05\/web-1-945x1024.jpeg 945w, https:\/\/www.idfwds2025.com\/wp-content\/uploads\/2017\/05\/web-1-768x832.jpeg 768w, https:\/\/www.idfwds2025.com\/wp-content\/uploads\/2017\/05\/web-1-11x12.jpeg 11w, https:\/\/www.idfwds2025.com\/wp-content\/uploads\/2017\/05\/web-1.jpeg 1200w\" sizes=\"(max-width: 277px) 100vw, 277px\" \/><\/div><\/a>\n\t\t\t\t<div class=\"elementor-post__text\">\n\t\t\t\t<h3 class=\"elementor-post__title\">\n\t\t\t<a href=\"https:\/\/www.idfwds2025.com\/es\/news\/formidable_programme_announced\/\" >\n\t\t\t\tCumbre Mundial IDF 2025: Se anuncia un programa formidable en todos los sentidos\t\t\t<\/a>\n\t\t<\/h3>\n\t\t\t\t<div class=\"elementor-post__excerpt\">\n\t\t\t<p>Octavio Oltra, Secretario Nacional de la Federaci\u00f3n Internacional de Lecher\u00eda (FIL) en Chile, elogi\u00f3 los diligentes esfuerzos del Consorcio\t\t<\/div>\n\t\t\n\t\t<a class=\"elementor-post__read-more\" href=\"https:\/\/www.idfwds2025.com\/es\/news\/formidable_programme_announced\/\" aria-label=\"Read more about IDF World Dairy Summit 2025: An All-Around Formidable Programme Announced\" tabindex=\"-1\" >\n\t\t\tRead More \u00bb\t\t<\/a>\n\n\t\t\t\t<\/div>\n\t\t\t\t\t<\/div>\n\t\t<\/article>\n\t\t\t\t<article class=\"elementor-post elementor-grid-item post-701 post type-post status-publish format-standard has-post-thumbnail hentry category-uncategorized\" role=\"listitem\">\n\t\t\t<div class=\"elementor-post__card\">\n\t\t\t\t<a class=\"elementor-post__thumbnail__link\" href=\"https:\/\/www.idfwds2025.com\/es\/news\/idf-launches-4th-annual-idf-dairy-innovation-awards\/\" tabindex=\"-1\" ><div class=\"elementor-post__thumbnail\"><img loading=\"lazy\" decoding=\"async\" width=\"300\" height=\"183\" src=\"https:\/\/www.idfwds2025.com\/wp-content\/uploads\/2025\/06\/web-3-300x183.jpeg\" class=\"attachment-medium size-medium wp-image-702\" alt=\"\" srcset=\"https:\/\/www.idfwds2025.com\/wp-content\/uploads\/2025\/06\/web-3-300x183.jpeg 300w, https:\/\/www.idfwds2025.com\/wp-content\/uploads\/2025\/06\/web-3-768x470.jpeg 768w, https:\/\/www.idfwds2025.com\/wp-content\/uploads\/2025\/06\/web-3-18x12.jpeg 18w, https:\/\/www.idfwds2025.com\/wp-content\/uploads\/2025\/06\/web-3.jpeg 1024w\" sizes=\"(max-width: 300px) 100vw, 300px\" \/><\/div><\/a>\n\t\t\t\t<div class=\"elementor-post__text\">\n\t\t\t\t<h3 class=\"elementor-post__title\">\n\t\t\t<a href=\"https:\/\/www.idfwds2025.com\/es\/news\/idf-launches-4th-annual-idf-dairy-innovation-awards\/\" >\n\t\t\t\tLa IDF convoca la 4\u00aa edici\u00f3n de los Premios a la Innovaci\u00f3n\t\t\t<\/a>\n\t\t<\/h3>\n\t\t\t\t<div class=\"elementor-post__excerpt\">\n\t\t\t<p>La Federaci\u00f3n Internacional de Lecher\u00eda (FIL) ha lanzado los Premios a la Innovaci\u00f3n Lechera de la FIL para 2025, que\t\t<\/div>\n\t\t\n\t\t<a class=\"elementor-post__read-more\" href=\"https:\/\/www.idfwds2025.com\/es\/news\/idf-launches-4th-annual-idf-dairy-innovation-awards\/\" aria-label=\"Read more about IDF launches 4th annual IDF Dairy Innovation Awards\" tabindex=\"-1\" >\n\t\t\tRead More \u00bb\t\t<\/a>\n\n\t\t\t\t<\/div>\n\t\t\t\t\t<\/div>\n\t\t<\/article>\n\t\t\t\t<article class=\"elementor-post elementor-grid-item post-777 post type-post status-publish format-standard has-post-thumbnail hentry category-uncategorized\" role=\"listitem\">\n\t\t\t<div class=\"elementor-post__card\">\n\t\t\t\t<a class=\"elementor-post__thumbnail__link\" href=\"https:\/\/www.idfwds2025.com\/es\/news\/gilles-froment-idf-world-president-chile-can-become-a-global-model-for-sustainable-milk-production\/\" tabindex=\"-1\" ><div class=\"elementor-post__thumbnail\"><img loading=\"lazy\" decoding=\"async\" width=\"300\" height=\"300\" src=\"https:\/\/www.idfwds2025.com\/wp-content\/uploads\/2025\/07\/Para-Nota-1-300x300.jpeg\" class=\"attachment-medium size-medium wp-image-778\" alt=\"\" srcset=\"https:\/\/www.idfwds2025.com\/wp-content\/uploads\/2025\/07\/Para-Nota-1-300x300.jpeg 300w, https:\/\/www.idfwds2025.com\/wp-content\/uploads\/2025\/07\/Para-Nota-1-150x150.jpeg 150w, https:\/\/www.idfwds2025.com\/wp-content\/uploads\/2025\/07\/Para-Nota-1-12x12.jpeg 12w, https:\/\/www.idfwds2025.com\/wp-content\/uploads\/2025\/07\/Para-Nota-1-375x375.jpeg 375w, https:\/\/www.idfwds2025.com\/wp-content\/uploads\/2025\/07\/Para-Nota-1-216x216.jpeg 216w, https:\/\/www.idfwds2025.com\/wp-content\/uploads\/2025\/07\/Para-Nota-1.jpeg 470w\" sizes=\"(max-width: 300px) 100vw, 300px\" \/><\/div><\/a>\n\t\t\t\t<div class=\"elementor-post__text\">\n\t\t\t\t<h3 class=\"elementor-post__title\">\n\t\t\t<a href=\"https:\/\/www.idfwds2025.com\/es\/news\/gilles-froment-idf-world-president-chile-can-become-a-global-model-for-sustainable-milk-production\/\" >\n\t\t\t\tGilles Froment, Presidente Mundial de la FIL: \u00abChile puede convertirse en un modelo mundial de producci\u00f3n sostenible de leche\u00bb\t\t\t<\/a>\n\t\t<\/h3>\n\t\t\t\t<div class=\"elementor-post__excerpt\">\n\t\t\t<p>Chile ser\u00e1 el primer pa\u00eds sudamericano en acoger la Cumbre Mundial de la Leche, un encuentro promovido\t\t<\/div>\n\t\t\n\t\t<a class=\"elementor-post__read-more\" href=\"https:\/\/www.idfwds2025.com\/es\/news\/gilles-froment-idf-world-president-chile-can-become-a-global-model-for-sustainable-milk-production\/\" aria-label=\"Read more about Gilles Froment, IDF World President: &#8220;Chile can become a global model for sustainable milk production&#8221;\" tabindex=\"-1\" >\n\t\t\tRead More \u00bb\t\t<\/a>\n\n\t\t\t\t<\/div>\n\t\t\t\t\t<\/div>\n\t\t<\/article>\n\t\t\t\t<article class=\"elementor-post elementor-grid-item post-789 post type-post status-publish format-standard has-post-thumbnail hentry category-uncategorized\" role=\"listitem\">\n\t\t\t<div class=\"elementor-post__card\">\n\t\t\t\t<a class=\"elementor-post__thumbnail__link\" href=\"https:\/\/www.idfwds2025.com\/es\/news\/ariel-londinsky-secretary-general-of-the-pan-american-dairy-federation-fepale-and-idf-wds-2025-the-summit-will-be-a-historic-meeting\/\" tabindex=\"-1\" ><div class=\"elementor-post__thumbnail\"><img loading=\"lazy\" decoding=\"async\" width=\"200\" height=\"300\" src=\"https:\/\/www.idfwds2025.com\/wp-content\/uploads\/2025\/07\/Nota-2-200x300.jpg\" class=\"attachment-medium size-medium wp-image-790\" alt=\"\" srcset=\"https:\/\/www.idfwds2025.com\/wp-content\/uploads\/2025\/07\/Nota-2-200x300.jpg 200w, https:\/\/www.idfwds2025.com\/wp-content\/uploads\/2025\/07\/Nota-2-8x12.jpg 8w, https:\/\/www.idfwds2025.com\/wp-content\/uploads\/2025\/07\/Nota-2.jpg 355w\" sizes=\"(max-width: 200px) 100vw, 200px\" \/><\/div><\/a>\n\t\t\t\t<div class=\"elementor-post__text\">\n\t\t\t\t<h3 class=\"elementor-post__title translation-block\">Ariel Londinsky, Secretario General de la Federaci\u00f3n Panamericana de Lecher\u00eda, Fepale y la IDF WDS 2025:<br><i> \u201cLa Cumbre ser\u00e1 un encuentro hist\u00f3rico\u201d.<\/i><\/h3>\n\t\t\t\t<div class=\"elementor-post__excerpt\">\n\t\t\t<p>La IDF WDS 2025 se celebrar\u00e1 en Santiago de Chile del 20 al 23 de octubre y es la primera\t\t<\/div>\n\t\t\n\t\t<a class=\"elementor-post__read-more\" href=\"https:\/\/www.idfwds2025.com\/es\/news\/ariel-londinsky-secretary-general-of-the-pan-american-dairy-federation-fepale-and-idf-wds-2025-the-summit-will-be-a-historic-meeting\/\" aria-label=\"Read more about Ariel Londinsky, Secretary General of the Pan-American Dairy Federation, Fepale and IDF WDS 2025: \u201cThe Summit will be a historic meeting\u201d.\" tabindex=\"-1\" >\n\t\t\tRead More \u00bb\t\t<\/a>\n\n\t\t\t\t<\/div>\n\t\t\t\t\t<\/div>\n\t\t<\/article>\n\t\t\t\t<\/div>\n\t\t\n\t\t\t\t\t\t<\/div>\n\t\t\t\t<\/div>\n\t\t\t\t<\/div>\n\t\t\t\t<\/div>","protected":false},"excerpt":{"rendered":"<p>Latest News Stay up to date with official announcements, key updates, and developments for the IDF World Dairy Summit 2025.<\/p>","protected":false},"author":1,"featured_media":0,"parent":0,"menu_order":0,"comment_status":"closed","ping_status":"closed","template":"elementor_header_footer","meta":{"footnotes":""},"class_list":["post-716","page","type-page","status-publish","hentry","post"],"_links":{"self":[{"href":"https:\/\/www.idfwds2025.com\/es\/wp-json\/wp\/v2\/pages\/716","targetHints":{"allow":["GET"]}}],"collection":[{"href":"https:\/\/www.idfwds2025.com\/es\/wp-json\/wp\/v2\/pages"}],"about":[{"href":"https:\/\/www.idfwds2025.com\/es\/wp-json\/wp\/v2\/types\/page"}],"author":[{"embeddable":true,"href":"https:\/\/www.idfwds2025.com\/es\/wp-json\/wp\/v2\/users\/1"}],"replies":[{"embeddable":true,"href":"https:\/\/www.idfwds2025.com\/es\/wp-json\/wp\/v2\/comments?post=716"}],"version-history":[{"count":19,"href":"https:\/\/www.idfwds2025.com\/es\/wp-json\/wp\/v2\/pages\/716\/revisions"}],"predecessor-version":[{"id":764,"href":"https:\/\/www.idfwds2025.com\/es\/wp-json\/wp\/v2\/pages\/716\/revisions\/764"}],"wp:attachment":[{"href":"https:\/\/www.idfwds2025.com\/es\/wp-json\/wp\/v2\/media?parent=716"}],"curies":[{"name":"wp","href":"https:\/\/api.w.org\/{rel}","templated":true}]}}