{"id":517,"date":"2025-04-17T23:21:00","date_gmt":"2025-04-18T02:21:00","guid":{"rendered":"https:\/\/www.idfwds2025.com\/?page_id=517"},"modified":"2025-10-06T10:48:38","modified_gmt":"2025-10-06T13:48:38","slug":"visa-to-visit-chile","status":"publish","type":"page","link":"https:\/\/www.idfwds2025.com\/es\/visa-to-visit-chile\/","title":{"rendered":"Visa para Chile"},"content":{"rendered":"<div id=\"pl-517\"  class=\"panel-layout\" ><div id=\"pg-517-0\"  class=\"panel-grid panel-no-style\" ><div id=\"pgc-517-0-0\"  class=\"panel-grid-cell\" ><div id=\"panel-517-0-0-0\" class=\"so-panel widget widget_sow-headline panel-first-child\" data-index=\"0\" ><div\n\t\t\t\n\t\t\tclass=\"so-widget-sow-headline so-widget-sow-headline-default-ec1eb4cebc48-517\"\n\t\t\t\n\t\t><div class=\"sow-headline-container\">\n\t\t\t\t\t\t\t<h2 class=\"sow-headline\">\n\t\t\t\t\t\tInformaci\u00f3n sobre la Visa\t\t\t\t\t\t<\/h2>\n\t\t\t\t\t\t\t\t\t\t\t<div class=\"decoration\">\n\t\t\t\t\t\t<div class=\"decoration-inside\"><\/div>\n\t\t\t\t\t<\/div>\n\t\t\t\t\t<\/div>\n<\/div><\/div><div id=\"panel-517-0-0-1\" class=\"so-panel widget widget_siteorigin-panels-builder\" data-index=\"1\" ><div id=\"pl-w68e3c8b6a8dcc\"  class=\"panel-layout\" ><div id=\"pg-w68e3c8b6a8dcc-0\"  class=\"panel-grid panel-no-style\" ><div id=\"pgc-w68e3c8b6a8dcc-0-0\"  class=\"panel-grid-cell\" ><div id=\"panel-w68e3c8b6a8dcc-0-0-0\" class=\"so-panel widget widget_sow-editor panel-first-child\" data-index=\"0\" ><div\n\t\t\t\n\t\t\tclass=\"so-widget-sow-editor so-widget-sow-editor-base\"\n\t\t\t\n\t\t>\n<div class=\"siteorigin-widget-tinymce textwidget\">\n\t<p>Los visitantes deben obtener una visa para ingresar a Chile, a menos que est\u00e9n exentos. Es responsabilidad de cada participante obtener su visa con antelaci\u00f3n, si as\u00ed se requiere.<br \/>\nNecesitas una visa para viajar a Chile, a menos que seas ciudadano de uno de los siguientes pa\u00edses (es decir, los siguientes pa\u00edses no requieren visa para ingresar a Chile):<\/p>\n<\/div>\n<\/div><\/div><div id=\"panel-w68e3c8b6a8dcc-0-0-1\" class=\"so-panel widget widget_siteorigin-panels-builder panel-last-child\" data-index=\"1\" ><div id=\"pl-w68e3c8b6a8dd5\"  class=\"panel-layout\" ><div id=\"pg-w68e3c8b6a8dd5-0\"  class=\"panel-grid panel-no-style\" ><div id=\"pgc-w68e3c8b6a8dd5-0-0\"  class=\"panel-grid-cell\" ><div id=\"panel-w68e3c8b6a8dd5-0-0-0\" class=\"so-panel widget widget_sow-editor panel-first-child panel-last-child\" data-index=\"0\" ><div\n\t\t\t\n\t\t\tclass=\"so-widget-sow-editor so-widget-sow-editor-base\"\n\t\t\t\n\t\t>\n<div class=\"siteorigin-widget-tinymce textwidget\">\n\t<ul>\n<li>Cualquier pa\u00eds de la Uni\u00f3n Europea<\/li>\n<li>Albania<\/li>\n<li>Andorra<\/li>\n<li>Antigua y Barbuda<\/li>\n<li>Argentina<\/li>\n<li>Bahamas<\/li>\n<li>Barbados<\/li>\n<li>Belice<\/li>\n<li>Bolivia<\/li>\n<li>Bosnia y Herzegovina<\/li>\n<li>Brasil<\/li>\n<li>Canada<\/li>\n<li>Colombia<\/li>\n<li>Costa Rica<\/li>\n<li>Ecuador<\/li>\n<li>El Salvador<\/li>\n<li>Fiji<\/li>\n<li>Georgia<\/li>\n<li>Grenada<\/li>\n<li>Guatemala<\/li>\n<li>Guyana<\/li>\n<li>Honduras<\/li>\n<li>Hong Kong<\/li>\n<li>Islandia<\/li>\n<li>Indonesia<\/li>\n<li>Israel<\/li>\n<li>Jamaica<\/li>\n<li>Jap\u00f3n<\/li>\n<li>Liechtenstein<\/li>\n<\/ul>\n<\/div>\n<\/div><\/div><\/div><div id=\"pgc-w68e3c8b6a8dd5-0-1\"  class=\"panel-grid-cell\" ><div id=\"panel-w68e3c8b6a8dd5-0-1-0\" class=\"so-panel widget widget_sow-editor panel-first-child panel-last-child\" data-index=\"1\" ><div\n\t\t\t\n\t\t\tclass=\"so-widget-sow-editor so-widget-sow-editor-base\"\n\t\t\t\n\t\t>\n<div class=\"siteorigin-widget-tinymce textwidget\">\n\t<ul>\n<li>\u00a0Macau<\/li>\n<li>\u00a0Malasia<\/li>\n<li>\u00a0Mauritius<\/li>\n<li>\u00a0M\u00e9xico<\/li>\n<li>\u00a0Moldavia<\/li>\n<li>\u00a0Monaco<\/li>\n<li>\u00a0Mongolia<\/li>\n<li>Montenegro<\/li>\n<li>Nueva Zelanda<\/li>\n<li>Nicaragua<\/li>\n<li>Macedonia del Norte<\/li>\n<li>Noruega<\/li>\n<li>Panama<\/li>\n<li>Paraguay<\/li>\n<li>Per\u00fa<\/li>\n<li>Rusia<\/li>\n<li>San Crist\u00f3bal y Nieves<\/li>\n<li>Santa Luc\u00eda<\/li>\n<li>San Vicente y las Granadinas<\/li>\n<li>San Marino<\/li>\n<li>Serbia<\/li>\n<li>Singapur<\/li>\n<li>Sud\u00e1frica<\/li>\n<li>Corea del Sur<\/li>\n<li>Suiza<\/li>\n<\/ul>\n<\/div>\n<\/div><\/div><\/div><div id=\"pgc-w68e3c8b6a8dd5-0-2\"  class=\"panel-grid-cell\" ><div id=\"panel-w68e3c8b6a8dd5-0-2-0\" class=\"so-panel widget widget_sow-editor panel-first-child panel-last-child\" data-index=\"2\" ><div\n\t\t\t\n\t\t\tclass=\"so-widget-sow-editor so-widget-sow-editor-base\"\n\t\t\t\n\t\t>\n<div class=\"siteorigin-widget-tinymce textwidget\">\n\t<ul>\n<li>Taiwan<\/li>\n<li>Tailandia<\/li>\n<li>Tonga<\/li>\n<li>Trinidad y Tobago<\/li>\n<li>Turqu\u00eda<\/li>\n<li>Ucrania<\/li>\n<li>Emiratos \u00c1rabes Unidos<\/li>\n<li>United Kingdom<\/li>\n<li>Estados Unidos<\/li>\n<li>Uruguay<\/li>\n<li>Ciudad del Vaticano<\/li>\n<li>Vietnam<\/li>\n<\/ul>\n<\/div>\n<\/div><\/div><\/div><\/div><\/div><\/div><\/div><\/div><\/div><\/div><div id=\"panel-517-0-0-2\" class=\"so-panel widget widget_sow-editor\" data-index=\"2\" ><div\n\t\t\t\n\t\t\tclass=\"so-widget-sow-editor so-widget-sow-editor-base\"\n\t\t\t\n\t\t>\n<div class=\"siteorigin-widget-tinymce textwidget\">\n\t<p>Los pa\u00edses mencionados anteriormente pueden permanecer en Chile sin necesidad de visa por un per\u00edodo de hasta 90 d\u00edas, excepto los siguientes, cuyos ciudadanos pueden permanecer en Chile sin visa por un m\u00e1ximo de\u00a0<strong><u>30 d\u00edas<\/u><\/strong>:<\/p>\n<ul>\n<li>Macau<\/li>\n<li>Malasia<\/li>\n<li>Singapur<\/li>\n<\/ul>\n<\/div>\n<\/div><\/div><div id=\"panel-517-0-0-3\" class=\"so-panel widget widget_siteorigin-panels-builder panel-last-child\" data-index=\"3\" ><div id=\"pl-w6801bb162083b\"  class=\"panel-layout\" ><div id=\"pg-w6801bb162083b-0\"  class=\"panel-grid panel-no-style\" ><div id=\"pgc-w6801bb162083b-0-0\"  class=\"panel-grid-cell\" ><div id=\"panel-w6801bb162083b-0-0-0\" class=\"so-panel widget widget_sow-editor panel-first-child\" data-index=\"0\" ><div\n\t\t\t\n\t\t\tclass=\"so-widget-sow-editor so-widget-sow-editor-base\"\n\t\t\t\n\t\t>\n<div class=\"siteorigin-widget-tinymce textwidget\">\n\t<p>Los ciudadanos de los pa\u00edses exentos de visa pueden ingresar a Chile con su pasaporte o documento de identidad (ver lista a continuaci\u00f3n) y deber\u00e1n obtener una Tarjeta de Turismo (<em>Tarjeta de Turismo<\/em>) de las autoridades migratorias al momento del ingreso.<br \/>\nPa\u00edses cuyos ciudadanos pueden ingresar a Chile solo con su c\u00e9dula de identidad:<\/p>\n<\/div>\n<\/div><\/div><div id=\"panel-w6801bb162083b-0-0-1\" class=\"so-panel widget widget_siteorigin-panels-builder\" data-index=\"1\" ><div id=\"pl-w6801bb162095a\"  class=\"panel-layout\" ><div id=\"pg-w6801bb162095a-0\"  class=\"panel-grid panel-no-style\" ><div id=\"pgc-w6801bb162095a-0-0\"  class=\"panel-grid-cell\" ><div id=\"panel-w6801bb162095a-0-0-0\" class=\"so-panel widget widget_sow-editor panel-first-child panel-last-child\" data-index=\"0\" ><div\n\t\t\t\n\t\t\tclass=\"so-widget-sow-editor so-widget-sow-editor-base\"\n\t\t\t\n\t\t>\n<div class=\"siteorigin-widget-tinymce textwidget\">\n\t<ul>\n<li>Argentina<\/li>\n<li>Bolivia<\/li>\n<li>Brasil<\/li>\n<li>Colombia<\/li>\n<\/ul>\n<\/div>\n<\/div><\/div><\/div><div id=\"pgc-w6801bb162095a-0-1\"  class=\"panel-grid-cell panel-grid-cell-mobile-last\" ><div id=\"panel-w6801bb162095a-0-1-0\" class=\"so-panel widget widget_sow-editor panel-first-child panel-last-child\" data-index=\"1\" ><div\n\t\t\t\n\t\t\tclass=\"so-widget-sow-editor so-widget-sow-editor-base\"\n\t\t\t\n\t\t>\n<div class=\"siteorigin-widget-tinymce textwidget\">\n\t<ul>\n<li>Ecuador<\/li>\n<li>Paraguay<\/li>\n<li>Per\u00fa<\/li>\n<li>Uruguay<\/li>\n<\/ul>\n<\/div>\n<\/div><\/div><\/div><div id=\"pgc-w6801bb162095a-0-2\"  class=\"panel-grid-cell panel-grid-cell-empty\" ><\/div><\/div><\/div><\/div><div id=\"panel-w6801bb162083b-0-0-2\" class=\"so-panel widget widget_sow-editor panel-last-child\" data-index=\"2\" ><div\n\t\t\t\n\t\t\tclass=\"so-widget-sow-editor so-widget-sow-editor-base\"\n\t\t\t\n\t\t>\n<div class=\"siteorigin-widget-tinymce textwidget\">\n\t<p><strong>Para la informaci\u00f3n m\u00e1s actualizada sobre los requisitos de visa para Chile, visita el sitio web del\u00a0<\/strong><a href=\"https:\/\/serviciomigraciones.cl\/en\/permanencia-transitoria-permit\/subcategories\/tourists\/\"><strong>Servicio Nacional de Migraciones<\/strong><\/a><strong>.<\/strong><br \/>\n<strong>Una versi\u00f3n actualizada de esta lista (en espa\u00f1ol) tambi\u00e9n est\u00e1 disponible\u00a0<\/strong><a href=\"https:\/\/www.consulado.gob.cl\/consulados\/site\/docs\/20190220\/20190220161313\/cuadro_de_aranceles_y_vistos_de_turismo_2020.pdf\"><strong>aqu\u00ed<\/strong><\/a><strong>.<\/strong><br \/>\nSi eres ciudadano de un pa\u00eds que requiere visa, debes solicitar una visa para Chile en l\u00ednea y obtenerla en la embajada o consulado chileno m\u00e1s cercano: <a href=\"https:\/\/tramites.minrel.gov.cl\/\"><strong>aqu\u00ed<\/strong><\/a><\/p>\n<\/div>\n<\/div><\/div><\/div><\/div><\/div><\/div><\/div><\/div><div id=\"pg-517-1\"  class=\"panel-grid panel-has-style\" ><div class=\"panel-row-style panel-row-style-for-517-1\" ><div id=\"pgc-517-1-0\"  class=\"panel-grid-cell\" ><div id=\"panel-517-1-0-0\" class=\"so-panel widget widget_sow-editor panel-first-child panel-last-child\" data-index=\"4\" ><div class=\"panel-widget-style panel-widget-style-for-517-1-0-0\" ><div\n\t\t\t\n\t\t\tclass=\"so-widget-sow-editor so-widget-sow-editor-base\"\n\t\t\t\n\t\t><h3 class=\"widget-title\"><p style=\"text-align: center;color: white\">CARTA DE INVITACI\u00d3N PARA FINES DE VISA<\/p><\/h3>\n<div class=\"siteorigin-widget-tinymce textwidget\">\n\t<p style=\"text-align: center;\"><span style=\"color: #ffffff;\">Los participantes que necesiten una carta de invitaci\u00f3n firmada y sellada deben completar previamente <a style=\"color: #ffffff;\" href=\"https:\/\/www.idfwds2025.com\/es\/registration\/\">su registro<\/a> al evento.<\/span><\/p>\n<p style=\"text-align: center;\"><span style=\"color: #ffffff;\"><strong>IMPORTANTE:<\/strong><\/span><\/p>\n<p style=\"text-align: center;\"><span style=\"color: #ffffff;\">Lamentablemente, no podemos enviar cartas de invitaci\u00f3n directamente a los consulados. Estas cartas son preparadas \u00fanicamente para los solicitantes individuales y se les env\u00edan directamente.\nPara m\u00e1s informaci\u00f3n, por favor contacta a: romina@econgress.cl<\/span><\/p>\n<\/div>\n<\/div><\/div><\/div><\/div><\/div><\/div><\/div>","protected":false},"excerpt":{"rendered":"<p>The countries listed above can stay in Chile without a visa\u00a0for up to 90 days, except for the following countries, whose citizens can stay in Chile visa-free\u00a0for up to\u00a030 days: Macau Malaysia Singapore Participants who require a signed and stamped letter are kindly requested to complete their registration to the summit. NOTE: Unfortunately, we are&#8230;<\/p>\n<div class=\"more-link-wrapper\"><a class=\"more-link\" href=\"https:\/\/www.idfwds2025.com\/es\/visa-to-visit-chile\/\"><span class=\"more-text\">Sigue leyendo<\/span><\/a><\/div>","protected":false},"author":1,"featured_media":0,"parent":0,"menu_order":0,"comment_status":"closed","ping_status":"closed","template":"","meta":{"footnotes":""},"class_list":["post-517","page","type-page","status-publish","hentry","post"],"_links":{"self":[{"href":"https:\/\/www.idfwds2025.com\/es\/wp-json\/wp\/v2\/pages\/517","targetHints":{"allow":["GET"]}}],"collection":[{"href":"https:\/\/www.idfwds2025.com\/es\/wp-json\/wp\/v2\/pages"}],"about":[{"href":"https:\/\/www.idfwds2025.com\/es\/wp-json\/wp\/v2\/types\/page"}],"author":[{"embeddable":true,"href":"https:\/\/www.idfwds2025.com\/es\/wp-json\/wp\/v2\/users\/1"}],"replies":[{"embeddable":true,"href":"https:\/\/www.idfwds2025.com\/es\/wp-json\/wp\/v2\/comments?post=517"}],"version-history":[{"count":3,"href":"https:\/\/www.idfwds2025.com\/es\/wp-json\/wp\/v2\/pages\/517\/revisions"}],"predecessor-version":[{"id":996,"href":"https:\/\/www.idfwds2025.com\/es\/wp-json\/wp\/v2\/pages\/517\/revisions\/996"}],"wp:attachment":[{"href":"https:\/\/www.idfwds2025.com\/es\/wp-json\/wp\/v2\/media?parent=517"}],"curies":[{"name":"wp","href":"https:\/\/api.w.org\/{rel}","templated":true}]}}