{"id":314,"date":"2025-03-27T10:29:07","date_gmt":"2025-03-27T13:29:07","guid":{"rendered":"https:\/\/www.idfwds2025.com\/?page_id=314"},"modified":"2025-08-13T16:08:20","modified_gmt":"2025-08-13T19:08:20","slug":"registration","status":"publish","type":"page","link":"https:\/\/www.idfwds2025.com\/es\/registration\/","title":{"rendered":"Inscripci\u00f3n"},"content":{"rendered":"<div id=\"pl-314\"  class=\"panel-layout\" ><div id=\"pg-314-0\"  class=\"panel-grid panel-no-style\" ><div id=\"pgc-314-0-0\"  class=\"panel-grid-cell\" ><div id=\"panel-314-0-0-0\" class=\"so-panel widget widget_sow-headline panel-first-child panel-last-child\" data-index=\"0\" ><div\n\t\t\t\n\t\t\tclass=\"so-widget-sow-headline so-widget-sow-headline-default-ec1eb4cebc48-314\"\n\t\t\t\n\t\t><div class=\"sow-headline-container\">\n\t\t\t\t\t\t\t<h2 class=\"sow-headline translation-block\"><b>INSCRIPCI\u00d3N<\/b> A LA CONFERENCIA<\/h2>\n\t\t\t\t\t\t\t\t\t\t\t<div class=\"decoration\">\n\t\t\t\t\t\t<div class=\"decoration-inside\"><\/div>\n\t\t\t\t\t<\/div>\n\t\t\t\t\t<\/div>\n<\/div><\/div><\/div><\/div><div id=\"pg-314-1\"  class=\"panel-grid panel-no-style\" ><div id=\"pgc-314-1-0\"  class=\"panel-grid-cell\" ><div id=\"panel-314-1-0-0\" class=\"so-panel widget widget_sow-editor panel-first-child\" data-index=\"1\" ><div\n\t\t\t\n\t\t\tclass=\"so-widget-sow-editor so-widget-sow-editor-base\"\n\t\t\t\n\t\t><h3 class=\"widget-title\">IDF World Dairy Summit 2025 \u2013 Informaci\u00f3n de Inscripci\u00f3n<\/h3>\n<div class=\"siteorigin-widget-tinymce textwidget\">\n\t<p class=\"translation-block\">El <strong>IDF World Dairy Summit 2025<\/strong> se llevar\u00e1 a cabo en el  <strong>Hotel Intercontinental en Santiago, Chile, del 20 al 23 de octubre de 2025.<\/strong><\/p>\n<p><strong>\u00bfQu\u00e9 incluye?<\/strong><\/p>\n<ul>\n<li class=\"translation-block\"><strong>Inscripci\u00f3n completa: <\/strong>Acceso a todas las sesiones y exposiciones, la Recepci\u00f3n de Bienvenida (domingo 19), y los almuerzos y pausas para caf\u00e9 durante el evento.<\/li>\n<li class=\"translation-block\"><strong>Inscripci\u00f3n para estudiantes: <\/strong>Los mismos beneficios que la inscripci\u00f3n completa a una tarifa reducida.<\/li>\n<li class=\"translation-block\"><strong>Inscripci\u00f3n de acompa\u00f1antes:<\/strong> Incluye almuerzos y coffee breaks durante el evento, adem\u00e1s de la recepci\u00f3n de bienvenida. Tenga en cuenta que los acompa\u00f1antes no tienen acceso a las sesiones cient\u00edficas ni a las presentaciones de la cumbre.<\/li>\n<li class=\"translation-block\"><strong>Cena de Gala (evento opcional): <\/strong>Se realizar\u00e1 el <strong>mi\u00e9rcoles 22 de octubre<\/strong>, con un costo adicional de <strong>USD 140<\/strong>.<\/strong><\/li>\n<li class=\"translation-block\"><strong>Cena de Agricultores <\/strong> (<strong>evento opcional): <\/strong>Se realizar\u00e1 el <strong>martes 21 de octubre<\/strong>, con un costo adicional de <strong>USD 90.<\/strong>.<\/li>\n<\/ul>\n<\/div>\n<\/div><\/div><div id=\"panel-314-1-0-1\" class=\"widget_text so-panel widget widget_custom_html\" data-index=\"2\" ><div class=\"textwidget custom-html-widget\"><div style=\"    background-color: #ffffff;    border: 2px solid red;    border-radius: 8px;    padding: 20px;    margin: 20px 0;    box-shadow: 0 4px 8px rgba(0, 79, 109, 0.1);    font-family: Arial, sans-serif;\">\n    <div style=\"        display: flex;        align-items: center;        margin-bottom: 15px;    \">\n        <svg style=\"            width: 24px;            height: 24px;            margin-right: 10px;            fill: red;        \" xmlns=\"http:\/\/www.w3.org\/2000\/svg\" viewbox=\"0 0 24 24\">\n            <path d=\"M12 2C6.48 2 2 6.48 2 12s4.48 10 10 10 10-4.48 10-10S17.52 2 12 2zm1 15h-2v-2h2v2zm0-4h-2V7h2v6z\"\/>\n        <\/svg>\n        <h3 style=\"            color: #004F6D;            margin: 0;            font-size: 1.2em;\t\t\t\t\t\tfont-weight: 600;        \">\n            Informaci\u00f3n importante sobre el registro\n        <\/h3>\n    <\/div>\n    \n    <p style=\"        color: #004F6D;        line-height: 1.5;        margin: 0;    \">\n        Una inscripci\u00f3n con pago pendiente no garantiza el cupo en el evento ni en ning\u00fan producto adicional (cena de gala, visitas t\u00e9cnicas u otros).\n    <\/p>\n<\/div><\/div><\/div><div id=\"panel-314-1-0-2\" class=\"widget_text so-panel widget widget_custom_html\" data-index=\"3\" ><div class=\"textwidget custom-html-widget\"><div style=\"    background-color: #ffffff;    border: 2px solid #66C1E9;    border-radius: 8px;    padding: 20px;    margin: 20px 0;    box-shadow: 0 4px 8px rgba(0, 79, 109, 0.1);    font-family: Arial, sans-serif;\">\n    <div style=\"        display: flex;        align-items: center;        margin-bottom: 15px;    \">\n        <svg style=\"            width: 24px;            height: 24px;            margin-right: 10px;            fill: #66C1E9;        \" xmlns=\"http:\/\/www.w3.org\/2000\/svg\" viewbox=\"0 0 24 24\">\n            <path d=\"M12 2C6.48 2 2 6.48 2 12s4.48 10 10 10 10-4.48 10-10S17.52 2 12 2zm1 15h-2v-2h2v2zm0-4h-2V7h2v6z\"\/>\n        <\/svg>\n        <h3 style=\"            color: #004F6D;            margin: 0;            font-size: 1.2em;\t\t\t\t\t\t\t\t\t font-weight: 600;        \">\n            Informaci\u00f3n importante sobre transferencias internacionales\n        <\/h3>\n    <\/div>\n    \n    <p style=\"        color: #004F6D;        line-height: 1.5;        margin: 0;    \">\n        Para las transferencias bancarias internacionales, aseg\u00farese de que su operador realice la transacci\u00f3n de manera que eCongress reciba el importe total de esta inscripci\u00f3n libre de impuestos, retenciones y comisiones.\n    <\/p>\n<\/div><\/div><\/div><div id=\"panel-314-1-0-3\" class=\"so-panel widget widget_sow-image\" data-index=\"4\" ><div\n\t\t\t\n\t\t\tclass=\"so-widget-sow-image so-widget-sow-image-default-c67d20f9f743-314\"\n\t\t\t\n\t\t>\n<div class=\"sow-image-container\">\n\t\t<img fetchpriority=\"high\" \n\tsrc=\"https:\/\/www.idfwds2025.com\/wp-content\/uploads\/2025\/03\/Tarifas-IDF-WDS-2025-e1743777890349-768x406.png\" width=\"750\" height=\"396\" srcset=\"https:\/\/www.idfwds2025.com\/wp-content\/uploads\/2025\/03\/Tarifas-IDF-WDS-2025-e1743777890349-768x406.png 768w, https:\/\/www.idfwds2025.com\/wp-content\/uploads\/2025\/03\/Tarifas-IDF-WDS-2025-e1743777890349-300x158.png 300w, https:\/\/www.idfwds2025.com\/wp-content\/uploads\/2025\/03\/Tarifas-IDF-WDS-2025-e1743777890349-1024x541.png 1024w, https:\/\/www.idfwds2025.com\/wp-content\/uploads\/2025\/03\/Tarifas-IDF-WDS-2025-e1743777890349-1536x811.png 1536w, https:\/\/www.idfwds2025.com\/wp-content\/uploads\/2025\/03\/Tarifas-IDF-WDS-2025-e1743777890349-2048x1082.png 2048w\" sizes=\"(max-width: 750px) 100vw, 750px\" title=\"Tarifas IDF WDS 2025\" alt=\"\" \t\tclass=\"so-widget-image\"\/>\n\t<\/div>\n\n<\/div><\/div><div id=\"panel-314-1-0-4\" class=\"so-panel widget widget_sow-image\" data-index=\"5\" ><div\n\t\t\t\n\t\t\tclass=\"so-widget-sow-image so-widget-sow-image-default-c67d20f9f743-314\"\n\t\t\t\n\t\t>\n<div class=\"sow-image-container\">\n\t\t<img \n\tsrc=\"https:\/\/www.idfwds2025.com\/wp-content\/uploads\/2025\/03\/Products-e1743083743264-768x252.png\" width=\"750\" height=\"246\" srcset=\"https:\/\/www.idfwds2025.com\/wp-content\/uploads\/2025\/03\/Products-e1743083743264-768x252.png 768w, https:\/\/www.idfwds2025.com\/wp-content\/uploads\/2025\/03\/Products-e1743083743264-300x99.png 300w, https:\/\/www.idfwds2025.com\/wp-content\/uploads\/2025\/03\/Products-e1743083743264-1024x336.png 1024w, https:\/\/www.idfwds2025.com\/wp-content\/uploads\/2025\/03\/Products-e1743083743264-1536x504.png 1536w, https:\/\/www.idfwds2025.com\/wp-content\/uploads\/2025\/03\/Products-e1743083743264.png 2025w\" sizes=\"(max-width: 750px) 100vw, 750px\" title=\"Products\" alt=\"\" \t\tclass=\"so-widget-image\"\/>\n\t<\/div>\n\n<\/div><\/div><div id=\"panel-314-1-0-5\" class=\"so-panel widget widget_sow-button\" data-index=\"6\" ><div\n\t\t\t\n\t\t\tclass=\"so-widget-sow-button so-widget-sow-button-flat-66466acb9e12-314\"\n\t\t\t\n\t\t><div class=\"ow-button-base ow-button-align-center\"\n>\n\t\t\t<a\n\t\t\t\t\thref=\"https:\/\/eregister.cl\/register?event_id=553\"\n\t\t\t\t\tclass=\"sowb-button ow-icon-placement-left ow-button-hover\" target=\"_blank\" rel=\"noopener noreferrer\" \t>\n\t\t<span>\n\t\t\t\n\t\t\tFORMULARIO DE INSCRIPCI\u00d3N EN L\u00cdNEA\t\t<\/span>\n\t\t\t<\/a>\n\t<\/div>\n<\/div><\/div><div id=\"panel-314-1-0-6\" class=\"so-panel widget widget_sow-editor panel-last-child\" data-index=\"7\" ><div\n\t\t\t\n\t\t\tclass=\"so-widget-sow-editor so-widget-sow-editor-base\"\n\t\t\t\n\t\t>\n<div class=\"siteorigin-widget-tinymce textwidget\">\n\t<p>Se invita a los miembros de FEPALE o del Comit\u00e9 Nacional Chileno (Minagri, Fedeleche y Consorcio Lechero) a <a href=\"https:\/\/econgress.wufoo.com\/forms\/idf-world-dairy-summit-2025\/\">completar el formulario<\/a> para acceder a la tarifa de inscripci\u00f3n con descuento.<\/p>\n<\/div>\n<\/div><\/div><\/div><\/div><div id=\"pg-314-2\"  class=\"panel-grid panel-no-style\" ><div id=\"pgc-314-2-0\"  class=\"panel-grid-cell\" ><div id=\"panel-314-2-0-0\" class=\"so-panel widget widget_sow-accordion panel-first-child panel-last-child\" data-index=\"8\" ><div\n\t\t\t\n\t\t\tclass=\"so-widget-sow-accordion so-widget-sow-accordion-default-5c307eacab12-314\"\n\t\t\t data-max-open-panels=\"0\" data-initial-scroll-panel=\"0\"\n\t\t><div>\n\t<div class=\"sow-accordion\">\n\t\t\t<div class=\"sow-accordion-panel\"\n\t\t\tdata-anchor-id=\"technical-tours\">\n\t\t\t\t<div class=\"sow-accordion-panel-header-container\" role=\"heading\" aria-level=\"2\">\n\t\t\t\t\t<div class=\"sow-accordion-panel-header\" tabindex=\"0\" role=\"button\" id=\"accordion-label-technical-tours\" aria-controls=\"accordion-content-technical-tours\" aria-expanded=\"false\">\n\t\t\t\t\t\t<div class=\"sow-accordion-title sow-accordion-title-icon-left\">\n\t\t\t\t\t\t\t\t\t\t\t\t\t\tTours T\u00e9cnicos\t\t\t\t\t\t\t\t\t\t\t\t\t<\/div>\n\t\t\t\t\t\t<div class=\"sow-accordion-open-close-button\">\n\t\t\t\t\t\t\t<div class=\"sow-accordion-open-button\">\n\t\t\t\t\t\t\t\t<span class=\"sow-icon-fontawesome sow-fas\" data-sow-icon=\"&#x2b;\"\n\t\t \n\t\taria-hidden=\"true\"><\/span>\t\t\t\t\t\t\t<\/div>\n\t\t\t\t\t\t\t<div class=\"sow-accordion-close-button\">\n\t\t\t\t\t\t\t\t<span class=\"sow-icon-fontawesome sow-fas\" data-sow-icon=\"&#xf068;\"\n\t\t \n\t\taria-hidden=\"true\"><\/span>\t\t\t\t\t\t\t<\/div>\n\t\t\t\t\t\t<\/div>\n\t\t\t\t\t<\/div>\n\t\t\t\t<\/div>\n\n\t\t\t<div\n\t\t\t\tclass=\"sow-accordion-panel-content\"\n\t\t\t\trole=\"region\"\n\t\t\t\taria-labelledby=\"accordion-label-technical-tours\"\n\t\t\t\tid=\"accordion-content-technical-tours\"\n\t\t\t\tstyle=\"display: none;\"\t\t\t>\n\t\t\t\t<div class=\"sow-accordion-panel-border\">\n\t\t\t\t\t<p class=\"translation-block\">Los tours t\u00e9cnicos se llevar\u00e1n a cabo  <strong>despu\u00e9s de la cumbre.<\/strong> Puedes reservar tu tour durante el proceso de inscripci\u00f3n. M\u00e1s detalles est\u00e1n disponibles en la  <a href=\"https:\/\/www.idfwds2025.com\/es\/technical-tours\/\" target=\"_self\"><strong>\n\t\t\t\t\t\t\t\t\t\t\t\t\t\tsecci\u00f3n de Tours T\u00e9cnicos \t\t\t\t\t\t\t\t\t\t\t\t\t<\/strong><\/a> del sitio web.<\/p>\n\t\t\t\t<\/div>\n\t\t\t<\/div>\n\t\t<\/div>\n\t\t\t<div class=\"sow-accordion-panel\"\n\t\t\tdata-anchor-id=\"group-registration\">\n\t\t\t\t<div class=\"sow-accordion-panel-header-container\" role=\"heading\" aria-level=\"2\">\n\t\t\t\t\t<div class=\"sow-accordion-panel-header\" tabindex=\"0\" role=\"button\" id=\"accordion-label-group-registration\" aria-controls=\"accordion-content-group-registration\" aria-expanded=\"false\">\n\t\t\t\t\t\t<div class=\"sow-accordion-title sow-accordion-title-icon-left\">\n\t\t\t\t\t\t\t\t\t\t\t\t\t\tInscripci\u00f3n para Grupos\t\t\t\t\t\t\t\t\t\t\t\t\t<\/div>\n\t\t\t\t\t\t<div class=\"sow-accordion-open-close-button\">\n\t\t\t\t\t\t\t<div class=\"sow-accordion-open-button\">\n\t\t\t\t\t\t\t\t<span class=\"sow-icon-fontawesome sow-fas\" data-sow-icon=\"&#x2b;\"\n\t\t \n\t\taria-hidden=\"true\"><\/span>\t\t\t\t\t\t\t<\/div>\n\t\t\t\t\t\t\t<div class=\"sow-accordion-close-button\">\n\t\t\t\t\t\t\t\t<span class=\"sow-icon-fontawesome sow-fas\" data-sow-icon=\"&#xf068;\"\n\t\t \n\t\taria-hidden=\"true\"><\/span>\t\t\t\t\t\t\t<\/div>\n\t\t\t\t\t\t<\/div>\n\t\t\t\t\t<\/div>\n\t\t\t\t<\/div>\n\n\t\t\t<div\n\t\t\t\tclass=\"sow-accordion-panel-content\"\n\t\t\t\trole=\"region\"\n\t\t\t\taria-labelledby=\"accordion-label-group-registration\"\n\t\t\t\tid=\"accordion-content-group-registration\"\n\t\t\t\tstyle=\"display: none;\"\t\t\t>\n\t\t\t\t<div class=\"sow-accordion-panel-border\">\n\t\t\t\t\t<p class=\"translation-block\">Para grupos de <strong>10 o m\u00e1s participantes<\/strong>, por favor cont\u00e1ctanos a <strong>contact@idfwds2025.com<\/strong> para hacer arreglos especiales.<\/p>\n\t\t\t\t<\/div>\n\t\t\t<\/div>\n\t\t<\/div>\n\t\t\t<div class=\"sow-accordion-panel\"\n\t\t\tdata-anchor-id=\"payment-methods\">\n\t\t\t\t<div class=\"sow-accordion-panel-header-container\" role=\"heading\" aria-level=\"2\">\n\t\t\t\t\t<div class=\"sow-accordion-panel-header\" tabindex=\"0\" role=\"button\" id=\"accordion-label-payment-methods\" aria-controls=\"accordion-content-payment-methods\" aria-expanded=\"false\">\n\t\t\t\t\t\t<div class=\"sow-accordion-title sow-accordion-title-icon-left\">\n\t\t\t\t\t\t\t\t\t\t\t\t\t\tM\u00e9todos de Pago\t\t\t\t\t\t\t\t\t\t\t\t\t<\/div>\n\t\t\t\t\t\t<div class=\"sow-accordion-open-close-button\">\n\t\t\t\t\t\t\t<div class=\"sow-accordion-open-button\">\n\t\t\t\t\t\t\t\t<span class=\"sow-icon-fontawesome sow-fas\" data-sow-icon=\"&#x2b;\"\n\t\t \n\t\taria-hidden=\"true\"><\/span>\t\t\t\t\t\t\t<\/div>\n\t\t\t\t\t\t\t<div class=\"sow-accordion-close-button\">\n\t\t\t\t\t\t\t\t<span class=\"sow-icon-fontawesome sow-fas\" data-sow-icon=\"&#xf068;\"\n\t\t \n\t\taria-hidden=\"true\"><\/span>\t\t\t\t\t\t\t<\/div>\n\t\t\t\t\t\t<\/div>\n\t\t\t\t\t<\/div>\n\t\t\t\t<\/div>\n\n\t\t\t<div\n\t\t\t\tclass=\"sow-accordion-panel-content\"\n\t\t\t\trole=\"region\"\n\t\t\t\taria-labelledby=\"accordion-label-payment-methods\"\n\t\t\t\tid=\"accordion-content-payment-methods\"\n\t\t\t\tstyle=\"display: none;\"\t\t\t>\n\t\t\t\t<div class=\"sow-accordion-panel-border\">\n\t\t\t\t\t<p class=\"translation-block\">Los m\u00e9todos de pago aceptados incluyen  <strong>tarjetas de cr\u00e9dito, PayPal y transferencias bancarias<\/strong>. Los pagos pueden realizarse en Pesos Chilenos (CLP) para participantes en Chile o en D\u00f3lares Estadounidenses (USD) para participantes internacionales. Si realizas una transferencia bancaria, es importante seleccionar \"OUR\" como el t\u00e9rmino de la transacci\u00f3n.<\/p>\n\t\t\t\t<\/div>\n\t\t\t<\/div>\n\t\t<\/div>\n\t\t\t<div class=\"sow-accordion-panel\"\n\t\t\tdata-anchor-id=\"cancellation-refund-policy\">\n\t\t\t\t<div class=\"sow-accordion-panel-header-container\" role=\"heading\" aria-level=\"2\">\n\t\t\t\t\t<div class=\"sow-accordion-panel-header\" tabindex=\"0\" role=\"button\" id=\"accordion-label-cancellation-refund-policy\" aria-controls=\"accordion-content-cancellation-refund-policy\" aria-expanded=\"false\">\n\t\t\t\t\t\t<div class=\"sow-accordion-title sow-accordion-title-icon-left\">\n\t\t\t\t\t\t\t\t\t\t\t\t\t\tPol\u00edtica de Cancelaci\u00f3n y Reembolsos\t\t\t\t\t\t\t\t\t\t\t\t\t<\/div>\n\t\t\t\t\t\t<div class=\"sow-accordion-open-close-button\">\n\t\t\t\t\t\t\t<div class=\"sow-accordion-open-button\">\n\t\t\t\t\t\t\t\t<span class=\"sow-icon-fontawesome sow-fas\" data-sow-icon=\"&#x2b;\"\n\t\t \n\t\taria-hidden=\"true\"><\/span>\t\t\t\t\t\t\t<\/div>\n\t\t\t\t\t\t\t<div class=\"sow-accordion-close-button\">\n\t\t\t\t\t\t\t\t<span class=\"sow-icon-fontawesome sow-fas\" data-sow-icon=\"&#xf068;\"\n\t\t \n\t\taria-hidden=\"true\"><\/span>\t\t\t\t\t\t\t<\/div>\n\t\t\t\t\t\t<\/div>\n\t\t\t\t\t<\/div>\n\t\t\t\t<\/div>\n\n\t\t\t<div\n\t\t\t\tclass=\"sow-accordion-panel-content\"\n\t\t\t\trole=\"region\"\n\t\t\t\taria-labelledby=\"accordion-label-cancellation-refund-policy\"\n\t\t\t\tid=\"accordion-content-cancellation-refund-policy\"\n\t\t\t\tstyle=\"display: none;\"\t\t\t>\n\t\t\t\t<div class=\"sow-accordion-panel-border\">\n\t\t\t\t\t<ul>\n<li><strong>Cancelaciones antes del 31 de agosto de 2025:<\/strong>Se aplicar\u00e1 una tarifa de cancelaci\u00f3n del 15%.<\/li>\n<li><strong>Cancelaciones despu\u00e9s del 31 de agosto de 2025:<\/strong>No se otorgar\u00e1n reembolsos.<\/li>\n<\/ul>\n<p>Los reembolsos pueden demorar hasta 15 d\u00edas h\u00e1biles despu\u00e9s de que se env\u00ede una solicitud formal por correo electr\u00f3nico a contact@idfwds2025.com. Los reembolsos se procesar\u00e1n utilizando el m\u00e9todo de pago original. Si esto no es posible, el reembolso se emitir\u00e1 mediante transferencia bancaria a la cuenta del pagador original.<\/p>\n\t\t\t\t<\/div>\n\t\t\t<\/div>\n\t\t<\/div>\n\t\t\t<div class=\"sow-accordion-panel\"\n\t\t\tdata-anchor-id=\"invitation-letters-for-visa-applications\">\n\t\t\t\t<div class=\"sow-accordion-panel-header-container\" role=\"heading\" aria-level=\"2\">\n\t\t\t\t\t<div class=\"sow-accordion-panel-header\" tabindex=\"0\" role=\"button\" id=\"accordion-label-invitation-letters-for-visa-applications\" aria-controls=\"accordion-content-invitation-letters-for-visa-applications\" aria-expanded=\"false\">\n\t\t\t\t\t\t<div class=\"sow-accordion-title sow-accordion-title-icon-left\">\n\t\t\t\t\t\t\t\t\t\t\t\t\t\tCartas de Invitaci\u00f3n para Solicitudes de Visa\t\t\t\t\t\t\t\t\t\t\t\t\t<\/div>\n\t\t\t\t\t\t<div class=\"sow-accordion-open-close-button\">\n\t\t\t\t\t\t\t<div class=\"sow-accordion-open-button\">\n\t\t\t\t\t\t\t\t<span class=\"sow-icon-fontawesome sow-fas\" data-sow-icon=\"&#x2b;\"\n\t\t \n\t\taria-hidden=\"true\"><\/span>\t\t\t\t\t\t\t<\/div>\n\t\t\t\t\t\t\t<div class=\"sow-accordion-close-button\">\n\t\t\t\t\t\t\t\t<span class=\"sow-icon-fontawesome sow-fas\" data-sow-icon=\"&#xf068;\"\n\t\t \n\t\taria-hidden=\"true\"><\/span>\t\t\t\t\t\t\t<\/div>\n\t\t\t\t\t\t<\/div>\n\t\t\t\t\t<\/div>\n\t\t\t\t<\/div>\n\n\t\t\t<div\n\t\t\t\tclass=\"sow-accordion-panel-content\"\n\t\t\t\trole=\"region\"\n\t\t\t\taria-labelledby=\"accordion-label-invitation-letters-for-visa-applications\"\n\t\t\t\tid=\"accordion-content-invitation-letters-for-visa-applications\"\n\t\t\t\tstyle=\"display: none;\"\t\t\t>\n\t\t\t\t<div class=\"sow-accordion-panel-border\">\n\t\t\t\t\t<p>Si necesitas una carta de invitaci\u00f3n para fines de visa, puedes solicitarla despu\u00e9s de completar tu inscripci\u00f3n contactando a <strong>contact@idfwds2025.com<\/strong>.<\/p>\n\t\t\t\t<\/div>\n\t\t\t<\/div>\n\t\t<\/div>\n\t\t\t<div class=\"sow-accordion-panel\"\n\t\t\tdata-anchor-id=\"registration-support\">\n\t\t\t\t<div class=\"sow-accordion-panel-header-container\" role=\"heading\" aria-level=\"2\">\n\t\t\t\t\t<div class=\"sow-accordion-panel-header\" tabindex=\"0\" role=\"button\" id=\"accordion-label-registration-support\" aria-controls=\"accordion-content-registration-support\" aria-expanded=\"false\">\n\t\t\t\t\t\t<div class=\"sow-accordion-title sow-accordion-title-icon-left\">\n\t\t\t\t\t\t\t\t\t\t\t\t\t\tSoporte de Inscripci\u00f3n\t\t\t\t\t\t\t\t\t\t\t\t\t<\/div>\n\t\t\t\t\t\t<div class=\"sow-accordion-open-close-button\">\n\t\t\t\t\t\t\t<div class=\"sow-accordion-open-button\">\n\t\t\t\t\t\t\t\t<span class=\"sow-icon-fontawesome sow-fas\" data-sow-icon=\"&#x2b;\"\n\t\t \n\t\taria-hidden=\"true\"><\/span>\t\t\t\t\t\t\t<\/div>\n\t\t\t\t\t\t\t<div class=\"sow-accordion-close-button\">\n\t\t\t\t\t\t\t\t<span class=\"sow-icon-fontawesome sow-fas\" data-sow-icon=\"&#xf068;\"\n\t\t \n\t\taria-hidden=\"true\"><\/span>\t\t\t\t\t\t\t<\/div>\n\t\t\t\t\t\t<\/div>\n\t\t\t\t\t<\/div>\n\t\t\t\t<\/div>\n\n\t\t\t<div\n\t\t\t\tclass=\"sow-accordion-panel-content\"\n\t\t\t\trole=\"region\"\n\t\t\t\taria-labelledby=\"accordion-label-registration-support\"\n\t\t\t\tid=\"accordion-content-registration-support\"\n\t\t\t\tstyle=\"display: none;\"\t\t\t>\n\t\t\t\t<div class=\"sow-accordion-panel-border\">\n\t\t\t\t\t<p>Para cualquier consulta, por favor cont\u00e1ctanos a <strong>contact@idfwds2025.com<\/strong> o a trav\u00e9s de la p\u00e1gina de contacto de nuestro sitio web.<\/p>\n\t\t\t\t<\/div>\n\t\t\t<\/div>\n\t\t<\/div>\n\t\t<\/div>\n<\/div>\n<\/div><\/div><\/div><\/div><\/div>","protected":false},"excerpt":{"rendered":"<p>The IDF World Dairy Summit 2025 will take place at the Hotel Intercontinental in Santiago, Chile, from October 20 to 23, 2025. What\u2019s Included? Full registration: Access to all sessions and exhibitions, the Welcome Reception (Sunday 19th), and lunch &amp; coffee breaks during the event. Student registration: Same benefits as full registration at a reduced&#8230;<\/p>\n<div class=\"more-link-wrapper\"><a class=\"more-link\" href=\"https:\/\/www.idfwds2025.com\/es\/registration\/\"><span class=\"more-text\">Sigue leyendo<\/span><\/a><\/div>","protected":false},"author":1,"featured_media":0,"parent":0,"menu_order":0,"comment_status":"closed","ping_status":"closed","template":"","meta":{"footnotes":""},"class_list":["post-314","page","type-page","status-publish","hentry","post"],"_links":{"self":[{"href":"https:\/\/www.idfwds2025.com\/es\/wp-json\/wp\/v2\/pages\/314","targetHints":{"allow":["GET"]}}],"collection":[{"href":"https:\/\/www.idfwds2025.com\/es\/wp-json\/wp\/v2\/pages"}],"about":[{"href":"https:\/\/www.idfwds2025.com\/es\/wp-json\/wp\/v2\/types\/page"}],"author":[{"embeddable":true,"href":"https:\/\/www.idfwds2025.com\/es\/wp-json\/wp\/v2\/users\/1"}],"replies":[{"embeddable":true,"href":"https:\/\/www.idfwds2025.com\/es\/wp-json\/wp\/v2\/comments?post=314"}],"version-history":[{"count":12,"href":"https:\/\/www.idfwds2025.com\/es\/wp-json\/wp\/v2\/pages\/314\/revisions"}],"predecessor-version":[{"id":869,"href":"https:\/\/www.idfwds2025.com\/es\/wp-json\/wp\/v2\/pages\/314\/revisions\/869"}],"wp:attachment":[{"href":"https:\/\/www.idfwds2025.com\/es\/wp-json\/wp\/v2\/media?parent=314"}],"curies":[{"name":"wp","href":"https:\/\/api.w.org\/{rel}","templated":true}]}}