{"id":255,"date":"2025-02-27T00:34:11","date_gmt":"2025-02-27T03:34:11","guid":{"rendered":"https:\/\/www.idfwds2025.com\/?page_id=255"},"modified":"2025-02-27T00:46:44","modified_gmt":"2025-02-27T03:46:44","slug":"the-venue","status":"publish","type":"page","link":"https:\/\/www.idfwds2025.com\/es\/the-venue\/","title":{"rendered":"La Sede"},"content":{"rendered":"<div id=\"pl-255\"  class=\"panel-layout\" ><div id=\"pg-255-0\"  class=\"panel-grid panel-has-style\" ><div class=\"siteorigin-panels-stretch panel-row-style panel-row-style-for-255-0\" data-stretch-type=\"full-width-stretch\" ><div id=\"pgc-255-0-0\"  class=\"panel-grid-cell\" ><div id=\"panel-255-0-0-0\" class=\"so-panel widget widget_sow-hero panel-first-child panel-last-child\" data-index=\"0\" ><div\n\t\t\t\n\t\t\tclass=\"so-widget-sow-hero so-widget-sow-hero-default-568774ae091d-255 so-widget-fittext-wrapper\"\n\t\t\t data-fit-text-compressor=\"0.85\"\n\t\t>\t\t\t\t<div class=\"sow-slider-base\" style=\"display: none\" tabindex=\"0\">\n\t\t\t\t\t<ul\n\t\t\t\t\tclass=\"sow-slider-images\"\n\t\t\t\t\tdata-settings=\"{&quot;pagination&quot;:true,&quot;speed&quot;:800,&quot;timeout&quot;:8000,&quot;paused&quot;:false,&quot;pause_on_hover&quot;:false,&quot;swipe&quot;:true,&quot;nav_always_show_desktop&quot;:&quot;&quot;,&quot;nav_always_show_mobile&quot;:&quot;&quot;,&quot;breakpoint&quot;:&quot;780px&quot;,&quot;unmute&quot;:false,&quot;anchor&quot;:null}\"\n\t\t\t\t\tstyle=\"min-height: 750px\"\t\t\t\t\tdata-anchor-id=\"\"\n\t\t\t\t>\t\t<li class=\"sow-slider-image  sow-slider-image-cover\" style=\"visibility: visible;;background-color: #ffffff\" >\n\t\t\t\t\t<div class=\"sow-slider-image-container\">\n\t\t\t<div class=\"sow-slider-image-wrapper\">\n\t\t\t\t<h1><img fetchpriority=\"high\" decoding=\"async\" class=\"wp-image-241 alignleft\" src=\"https:\/\/www.idfwds2025.com\/wp-content\/uploads\/2025\/02\/Logo-IDF-Summit-2025-1024x922.png\" alt=\"\" width=\"273\" height=\"246\" srcset=\"https:\/\/www.idfwds2025.com\/wp-content\/uploads\/2025\/02\/Logo-IDF-Summit-2025-1024x922.png 1024w, https:\/\/www.idfwds2025.com\/wp-content\/uploads\/2025\/02\/Logo-IDF-Summit-2025-300x270.png 300w, https:\/\/www.idfwds2025.com\/wp-content\/uploads\/2025\/02\/Logo-IDF-Summit-2025-768x691.png 768w, https:\/\/www.idfwds2025.com\/wp-content\/uploads\/2025\/02\/Logo-IDF-Summit-2025-1536x1382.png 1536w, https:\/\/www.idfwds2025.com\/wp-content\/uploads\/2025\/02\/Logo-IDF-Summit-2025.png 1890w\" sizes=\"(max-width: 273px) 100vw, 273px\" \/><\/h1>\n<h1 style=\"text-align: center\"><\/h1>\n<p>&nbsp;<\/p>\n\t\t\t<\/div>\n\t\t<\/div>\n\t\t<div class=\"sow-slider-image-overlay sow-slider-image-cover\" style=\"opacity: 0.65;background-image: url(https:\/\/www.idfwds2025.com\/wp-content\/uploads\/2025\/02\/intercontinental-santiago-scaled.avif)\"  ><\/div>\t\t<\/li>\n\t\t\t\t<li class=\"sow-slider-image  sow-slider-image-cover\" style=\"visibility: hidden;;background-color: #ffffff\" >\n\t\t\t\t\t<div class=\"sow-slider-image-container\">\n\t\t\t<div class=\"sow-slider-image-wrapper\">\n\t\t\t\t<h1><img fetchpriority=\"high\" decoding=\"async\" class=\"wp-image-241 alignleft\" src=\"https:\/\/www.idfwds2025.com\/wp-content\/uploads\/2025\/02\/Logo-IDF-Summit-2025-1024x922.png\" alt=\"\" width=\"273\" height=\"246\" srcset=\"https:\/\/www.idfwds2025.com\/wp-content\/uploads\/2025\/02\/Logo-IDF-Summit-2025-1024x922.png 1024w, https:\/\/www.idfwds2025.com\/wp-content\/uploads\/2025\/02\/Logo-IDF-Summit-2025-300x270.png 300w, https:\/\/www.idfwds2025.com\/wp-content\/uploads\/2025\/02\/Logo-IDF-Summit-2025-768x691.png 768w, https:\/\/www.idfwds2025.com\/wp-content\/uploads\/2025\/02\/Logo-IDF-Summit-2025-1536x1382.png 1536w, https:\/\/www.idfwds2025.com\/wp-content\/uploads\/2025\/02\/Logo-IDF-Summit-2025.png 1890w\" sizes=\"(max-width: 273px) 100vw, 273px\" \/><\/h1>\n<h1 style=\"text-align: center\"><\/h1>\n\t\t\t<\/div>\n\t\t<\/div>\n\t\t<div class=\"sow-slider-image-overlay sow-slider-image-cover\" style=\"opacity: 0.65\" data-background=\"url(https:\/\/www.idfwds2025.com\/wp-content\/uploads\/2025\/02\/Front-Inter.jpg)\"  ><\/div>\t\t<\/li>\n\t\t\t\t<li class=\"sow-slider-image  sow-slider-image-cover\" style=\"visibility: hidden;;background-color: #ffffff\" >\n\t\t\t\t\t<div class=\"sow-slider-image-container\">\n\t\t\t<div class=\"sow-slider-image-wrapper\">\n\t\t\t\t<h1><img fetchpriority=\"high\" decoding=\"async\" class=\"wp-image-241 alignleft\" src=\"https:\/\/www.idfwds2025.com\/wp-content\/uploads\/2025\/02\/Logo-IDF-Summit-2025-1024x922.png\" alt=\"\" width=\"273\" height=\"246\" srcset=\"https:\/\/www.idfwds2025.com\/wp-content\/uploads\/2025\/02\/Logo-IDF-Summit-2025-1024x922.png 1024w, https:\/\/www.idfwds2025.com\/wp-content\/uploads\/2025\/02\/Logo-IDF-Summit-2025-300x270.png 300w, https:\/\/www.idfwds2025.com\/wp-content\/uploads\/2025\/02\/Logo-IDF-Summit-2025-768x691.png 768w, https:\/\/www.idfwds2025.com\/wp-content\/uploads\/2025\/02\/Logo-IDF-Summit-2025-1536x1382.png 1536w, https:\/\/www.idfwds2025.com\/wp-content\/uploads\/2025\/02\/Logo-IDF-Summit-2025.png 1890w\" sizes=\"(max-width: 273px) 100vw, 273px\" \/><\/h1>\n<h1 style=\"text-align: center\"><\/h1>\n\t\t\t<\/div>\n\t\t<\/div>\n\t\t<div class=\"sow-slider-image-overlay sow-slider-image-cover\" style=\"opacity: 0.65\" data-background=\"url(https:\/\/www.idfwds2025.com\/wp-content\/uploads\/2025\/02\/Room-INter2.png)\"  ><\/div>\t\t<\/li>\n\t\t\t\t<li class=\"sow-slider-image  sow-slider-image-cover\" style=\"visibility: hidden;;background-color: #ffffff\" >\n\t\t\t\t\t<div class=\"sow-slider-image-container\">\n\t\t\t<div class=\"sow-slider-image-wrapper\">\n\t\t\t\t<h1><img fetchpriority=\"high\" decoding=\"async\" class=\"wp-image-241 alignleft\" src=\"https:\/\/www.idfwds2025.com\/wp-content\/uploads\/2025\/02\/Logo-IDF-Summit-2025-1024x922.png\" alt=\"\" width=\"273\" height=\"246\" srcset=\"https:\/\/www.idfwds2025.com\/wp-content\/uploads\/2025\/02\/Logo-IDF-Summit-2025-1024x922.png 1024w, https:\/\/www.idfwds2025.com\/wp-content\/uploads\/2025\/02\/Logo-IDF-Summit-2025-300x270.png 300w, https:\/\/www.idfwds2025.com\/wp-content\/uploads\/2025\/02\/Logo-IDF-Summit-2025-768x691.png 768w, https:\/\/www.idfwds2025.com\/wp-content\/uploads\/2025\/02\/Logo-IDF-Summit-2025-1536x1382.png 1536w, https:\/\/www.idfwds2025.com\/wp-content\/uploads\/2025\/02\/Logo-IDF-Summit-2025.png 1890w\" sizes=\"(max-width: 273px) 100vw, 273px\" \/><\/h1>\n<h1 style=\"text-align: center\">\u00a0<\/h1>\n\t\t\t<\/div>\n\t\t<\/div>\n\t\t<div class=\"sow-slider-image-overlay sow-slider-image-cover\" style=\"opacity: 0.65\" data-background=\"url(https:\/\/www.idfwds2025.com\/wp-content\/uploads\/2025\/02\/Pool-Inter.jpg)\"  ><\/div>\t\t<\/li>\n\t\t\t\t<li class=\"sow-slider-image  sow-slider-image-cover\" style=\"visibility: hidden;;background-color: #ffffff\" >\n\t\t\t\t\t<div class=\"sow-slider-image-container\">\n\t\t\t<div class=\"sow-slider-image-wrapper\">\n\t\t\t\t<h1><img fetchpriority=\"high\" decoding=\"async\" class=\"wp-image-241 alignleft\" src=\"https:\/\/www.idfwds2025.com\/wp-content\/uploads\/2025\/02\/Logo-IDF-Summit-2025-1024x922.png\" alt=\"\" width=\"273\" height=\"246\" srcset=\"https:\/\/www.idfwds2025.com\/wp-content\/uploads\/2025\/02\/Logo-IDF-Summit-2025-1024x922.png 1024w, https:\/\/www.idfwds2025.com\/wp-content\/uploads\/2025\/02\/Logo-IDF-Summit-2025-300x270.png 300w, https:\/\/www.idfwds2025.com\/wp-content\/uploads\/2025\/02\/Logo-IDF-Summit-2025-768x691.png 768w, https:\/\/www.idfwds2025.com\/wp-content\/uploads\/2025\/02\/Logo-IDF-Summit-2025-1536x1382.png 1536w, https:\/\/www.idfwds2025.com\/wp-content\/uploads\/2025\/02\/Logo-IDF-Summit-2025.png 1890w\" sizes=\"(max-width: 273px) 100vw, 273px\" \/><\/h1>\n<h1 style=\"text-align: center\">\u00a0<\/h1>\n\t\t\t<\/div>\n\t\t<\/div>\n\t\t<div class=\"sow-slider-image-overlay sow-slider-image-cover\" style=\"opacity: 0.65\" data-background=\"url(https:\/\/www.idfwds2025.com\/wp-content\/uploads\/2025\/02\/Room-INter.png)\"  ><\/div>\t\t<\/li>\n\t\t\t\t<li class=\"sow-slider-image  sow-slider-image-cover\" style=\"visibility: hidden;;background-color: #ffffff\" >\n\t\t\t\t\t<div class=\"sow-slider-image-container\">\n\t\t\t<div class=\"sow-slider-image-wrapper\">\n\t\t\t\t<h1><img fetchpriority=\"high\" decoding=\"async\" class=\"wp-image-241 alignleft\" src=\"https:\/\/www.idfwds2025.com\/wp-content\/uploads\/2025\/02\/Logo-IDF-Summit-2025-1024x922.png\" alt=\"\" width=\"273\" height=\"246\" srcset=\"https:\/\/www.idfwds2025.com\/wp-content\/uploads\/2025\/02\/Logo-IDF-Summit-2025-1024x922.png 1024w, https:\/\/www.idfwds2025.com\/wp-content\/uploads\/2025\/02\/Logo-IDF-Summit-2025-300x270.png 300w, https:\/\/www.idfwds2025.com\/wp-content\/uploads\/2025\/02\/Logo-IDF-Summit-2025-768x691.png 768w, https:\/\/www.idfwds2025.com\/wp-content\/uploads\/2025\/02\/Logo-IDF-Summit-2025-1536x1382.png 1536w, https:\/\/www.idfwds2025.com\/wp-content\/uploads\/2025\/02\/Logo-IDF-Summit-2025.png 1890w\" sizes=\"(max-width: 273px) 100vw, 273px\" \/><\/h1>\n<h1 style=\"text-align: center\">\u00a0<\/h1>\n\t\t\t<\/div>\n\t\t<\/div>\n\t\t<div class=\"sow-slider-image-overlay sow-slider-image-cover\" style=\"opacity: 0.65\" data-background=\"url(https:\/\/www.idfwds2025.com\/wp-content\/uploads\/2025\/02\/Restaurant-Inter.jpg)\"  ><\/div>\t\t<\/li>\n\t\t<\/ul>\t\t\t\t<ol class=\"sow-slider-pagination\">\n\t\t\t\t\t\t\t\t\t\t\t<li><a href=\"#\" data-goto=\"0\" aria-label=\"Mostrar diapositiva 1\"><\/a><\/li>\n\t\t\t\t\t\t\t\t\t\t\t<li><a href=\"#\" data-goto=\"1\" aria-label=\"Mostrar diapositiva 2\"><\/a><\/li>\n\t\t\t\t\t\t\t\t\t\t\t<li><a href=\"#\" data-goto=\"2\" aria-label=\"Mostrar diapositiva 3\"><\/a><\/li>\n\t\t\t\t\t\t\t\t\t\t\t<li><a href=\"#\" data-goto=\"3\" aria-label=\"Mostrar diapositiva 4\"><\/a><\/li>\n\t\t\t\t\t\t\t\t\t\t\t<li><a href=\"#\" data-goto=\"4\" aria-label=\"Mostrar diapositiva 5\"><\/a><\/li>\n\t\t\t\t\t\t\t\t\t\t\t<li><a href=\"#\" data-goto=\"5\" aria-label=\"Mostrar diapositiva 6\"><\/a><\/li>\n\t\t\t\t\t\t\t\t\t<\/ol>\n\n\t\t\t\t<div class=\"sow-slide-nav sow-slide-nav-next\">\n\t\t\t\t\t<a href=\"#\" data-goto=\"next\" aria-label=\"Diapositiva siguiente\" data-action=\"next\">\n\t\t\t\t\t\t<em class=\"sow-sld-icon-thin-right\"><\/em>\n\t\t\t\t\t<\/a>\n\t\t\t\t<\/div>\n\n\t\t\t\t<div class=\"sow-slide-nav sow-slide-nav-prev\">\n\t\t\t\t\t<a href=\"#\" data-goto=\"previous\" aria-label=\"Diapositiva anterior\" data-action=\"prev\">\n\t\t\t\t\t\t<em class=\"sow-sld-icon-thin-left\"><\/em>\n\t\t\t\t\t<\/a>\n\t\t\t\t<\/div>\n\t\t\t\t<\/div><\/div><\/div><\/div><\/div><\/div><div id=\"pg-255-1\"  class=\"panel-grid panel-no-style\" ><div id=\"pgc-255-1-0\"  class=\"panel-grid-cell\" ><div id=\"panel-255-1-0-0\" class=\"so-panel widget widget_sow-headline panel-first-child\" data-index=\"1\" ><div\n\t\t\t\n\t\t\tclass=\"so-widget-sow-headline so-widget-sow-headline-default-ec1eb4cebc48-255\"\n\t\t\t\n\t\t><div class=\"sow-headline-container\">\n\t\t\t\t\t\t\t<h2 class=\"sow-headline translation-block\"><b>HOTEL INTERCONTINENTAL<\/b> SANTIAGO<\/h2>\n\t\t\t\t\t\t\t\t\t\t\t<div class=\"decoration\">\n\t\t\t\t\t\t<div class=\"decoration-inside\"><\/div>\n\t\t\t\t\t<\/div>\n\t\t\t\t\t<\/div>\n<\/div><\/div><div id=\"panel-255-1-0-1\" class=\"so-panel widget widget_sow-editor panel-last-child\" data-index=\"2\" ><div\n\t\t\t\n\t\t\tclass=\"so-widget-sow-editor so-widget-sow-editor-base\"\n\t\t\t\n\t\t>\n<div class=\"siteorigin-widget-tinymce textwidget\">\n\t<p>La sede de la conferencia est\u00e1 ubicada en el sector oriente de Santiago, en el barrio El Golf \u2014conocido como el nuevo centro financiero, comercial y gastron\u00f3mico de la capital de Chile\u2014, dentro de la comuna de Las Condes. Su ubicaci\u00f3n permite llegar al centro de Santiago en 20 minutos y al aeropuerto en 15 minutos. Se puede acceder a centros de esqu\u00ed en 45 minutos y a la costa del Pac\u00edfico en menos de dos horas.\nUbicada en el coraz\u00f3n del exclusivo distrito de Las Condes en Santiago, Isidora Goyenechea es una de las zonas m\u00e1s vibrantes y sofisticadas de la ciudad. Esta animada avenida es reconocida por su moderno perfil urbano, restaurantes gourmet, caf\u00e9s de estilo y boutiques elegantes, lo que la convierte en una visita obligada para quienes buscan experimentar el estilo de vida contempor\u00e1neo de Santiago.\nIsidora Goyenechea ofrece una combinaci\u00f3n \u00fanica de sofisticaci\u00f3n urbana y encanto cultural. Al recorrerla, estar\u00e1s rodeado de imponentes rascacielos, hoteles de lujo y plazas cuidadosamente dise\u00f1adas. La zona es un punto de encuentro para los amantes de la gastronom\u00eda, con una amplia oferta culinaria que va desde la cocina chilena tradicional hasta platos gourmet internacionales. Ya sea que busques una experiencia de alta cocina o una pausa casual para el caf\u00e9, Isidora Goyenechea tiene algo para satisfacer todos los gustos.\nAdem\u00e1s de su propuesta gastron\u00f3mica, la avenida alberga varias galer\u00edas de arte y tiendas de dise\u00f1o, donde se puede descubrir arte local y moda contempor\u00e1nea. Su proximidad a los principales centros de negocios la convierte en un lugar popular tanto para profesionales como para turistas, lo que contribuye a su ambiente din\u00e1mico y cosmopolita.\nAl caer la tarde, Isidora Goyenechea cobra vida con una animada vida nocturna. Bares y salones de moda ofrecen el entorno ideal para relajarse despu\u00e9s de un d\u00eda de exploraci\u00f3n, algunos de ellos con vistas impresionantes del skyline de la ciudad.\nYa sea explor\u00e1ndola durante el d\u00eda o disfrutando de su vibrante ambiente nocturno, Isidora Goyenechea es un destino que captura la esencia del Santiago moderno. Es un lugar donde la tradici\u00f3n se encuentra con la modernidad, ofreciendo a los visitantes una visi\u00f3n del car\u00e1cter din\u00e1mico y en constante evoluci\u00f3n de la ciudad.<\/p>\n<\/div>\n<\/div><\/div><\/div><\/div><div id=\"pg-255-2\"  class=\"panel-grid panel-has-style\" ><div class=\"siteorigin-panels-stretch panel-row-style panel-row-style-for-255-2\" id=\"newalbum\" data-stretch-type=\"full-width-stretch\" ><div id=\"pgc-255-2-0\"  class=\"panel-grid-cell\" ><div id=\"panel-255-2-0-0\" class=\"so-panel widget widget_sow-headline panel-first-child\" data-index=\"3\" ><div class=\"panel-widget-style panel-widget-style-for-255-2-0-0\" ><div\n\t\t\t\n\t\t\tclass=\"so-widget-sow-headline so-widget-sow-headline-default-dbd91d6adadd-255\"\n\t\t\t\n\t\t><div class=\"sow-headline-container\">\n\t\t\t\t\t\t\t<h1 class=\"sow-headline\">\n\t\t\t\t\t\tServicios Cercanos\t\t\t\t\t\t<\/h1>\n\t\t\t\t\t\t<\/div>\n<\/div><\/div><\/div><div id=\"panel-255-2-0-1\" class=\"so-panel widget widget_siteorigin-panels-builder panel-last-child\" data-index=\"4\" ><div id=\"pl-w67bfd7d515a9d\"  class=\"panel-layout\" ><div id=\"pg-w67bfd7d515a9d-0\"  class=\"panel-grid panel-no-style\" ><div id=\"pgc-w67bfd7d515a9d-0-0\"  class=\"panel-grid-cell\" ><div id=\"panel-w67bfd7d515a9d-0-0-0\" class=\"so-panel widget widget_sow-icon panel-first-child\" data-index=\"0\" ><div\n\t\t\t\n\t\t\tclass=\"so-widget-sow-icon so-widget-sow-icon-default-608a63ba3222\"\n\t\t\t\n\t\t>\n<div class=\"sow-icon-container sow-icon\">\n\t\t\t<span class=\"sow-icon-materialicons sowm-regular\" data-sow-icon=\"&#xe556\"\n\t\t \n\t\taria-hidden=\"true\"><\/span>\t<\/div>\n<\/div><\/div><div id=\"panel-w67bfd7d515a9d-0-0-1\" class=\"so-panel widget widget_lsow-accordion panel-last-child\" data-index=\"1\" ><div\n\t\t\t\n\t\t\tclass=\"so-widget-lsow-accordion so-widget-lsow-accordion-default-d75171398898\"\n\t\t\t\n\t\t>\n<div class=\"lsow-accordion style1\" data-toggle=\"false\" data-expanded=\"false\"><div class=\"lsow-panel\" id=\"restaurants\"><div class=\"lsow-panel-title\">Restaurantes<\/div><div class=\"lsow-panel-content\"><p>M\u00e1s de 20 restaurantes que ofrecen una variedad de opciones culinarias y lugares para disfrutar de un momento agradable, con diferentes ambientes y decoraciones que te permiten elegir entre diversos estilos y preferencias.<\/p>\n<\/div><\/div><!-- .lsow-panel --><\/div><!-- .lsow-accordion --><\/div><\/div><\/div><div id=\"pgc-w67bfd7d515a9d-0-1\"  class=\"panel-grid-cell\" ><div id=\"panel-w67bfd7d515a9d-0-1-0\" class=\"so-panel widget widget_sow-icon panel-first-child\" data-index=\"2\" ><div\n\t\t\t\n\t\t\tclass=\"so-widget-sow-icon so-widget-sow-icon-default-608a63ba3222\"\n\t\t\t\n\t\t>\n<div class=\"sow-icon-container sow-icon\">\n\t\t\t<span class=\"sow-icon-materialicons sowm-regular\" data-sow-icon=\"&#xe53a\"\n\t\t \n\t\taria-hidden=\"true\"><\/span>\t<\/div>\n<\/div><\/div><div id=\"panel-w67bfd7d515a9d-0-1-1\" class=\"so-panel widget widget_lsow-accordion panel-last-child\" data-index=\"3\" ><div\n\t\t\t\n\t\t\tclass=\"so-widget-lsow-accordion so-widget-lsow-accordion-default-d75171398898\"\n\t\t\t\n\t\t>\n<div class=\"lsow-accordion style1\" data-toggle=\"false\" data-expanded=\"false\"><div class=\"lsow-panel\" id=\"accommodations\"><div class=\"lsow-panel-title\">Alojamientos<\/div><div class=\"lsow-panel-content\"><p>Encontrar\u00e1s hoteles de clase mundial que ofrecen alojamientos lujosos, perfectos para relajarte despu\u00e9s de un d\u00eda de conferencias. El distrito cercano al lugar sede del IDFWDS ofrece una amplia gama de opciones hoteleras para satisfacer las necesidades de todo tipo de viajero, ya sea que visites por negocios o por placer. Desde hoteles de lujo cinco estrellas hasta acogedores alojamientos boutique, encontrar\u00e1s el lugar perfecto para hospedarte en este vibrante distrito de Santiago.<\/p>\n<\/div><\/div><!-- .lsow-panel --><\/div><!-- .lsow-accordion --><\/div><\/div><\/div><div id=\"pgc-w67bfd7d515a9d-0-2\"  class=\"panel-grid-cell\" ><div id=\"panel-w67bfd7d515a9d-0-2-0\" class=\"so-panel widget widget_sow-icon panel-first-child\" data-index=\"4\" ><div\n\t\t\t\n\t\t\tclass=\"so-widget-sow-icon so-widget-sow-icon-default-608a63ba3222\"\n\t\t\t\n\t\t>\n<div class=\"sow-icon-container sow-icon\">\n\t\t\t<span class=\"sow-icon-materialicons sowm-regular\" data-sow-icon=\"&#xea9d\"\n\t\t \n\t\taria-hidden=\"true\"><\/span>\t<\/div>\n<\/div><\/div><div id=\"panel-w67bfd7d515a9d-0-2-1\" class=\"so-panel widget widget_lsow-accordion panel-last-child\" data-index=\"5\" ><div\n\t\t\t\n\t\t\tclass=\"so-widget-lsow-accordion so-widget-lsow-accordion-default-d75171398898\"\n\t\t\t\n\t\t>\n<div class=\"lsow-accordion style1\" data-toggle=\"false\" data-expanded=\"false\"><div class=\"lsow-panel\" id=\"shopping\"><div class=\"lsow-panel-title\">Comercios<\/div><div class=\"lsow-panel-content\"><p>El distrito tambi\u00e9n es reconocido por su excelente oferta comercial, con centros comerciales de alto nivel como Costanera Center (a poca distancia a pie) y Parque Arauco, que ofrecen desde marcas internacionales hasta artesan\u00edas locales chilenas.<\/p>\n<\/div><\/div><!-- .lsow-panel --><\/div><!-- .lsow-accordion --><\/div><\/div><\/div><\/div><\/div><\/div><\/div><\/div><\/div><div id=\"pg-255-3\"  class=\"panel-grid panel-has-style\" ><div class=\"siteorigin-panels-stretch panel-row-style panel-row-style-for-255-3\" id=\"share\" data-stretch-type=\"full\" ><div id=\"pgc-255-3-0\"  class=\"panel-grid-cell\" ><div id=\"panel-255-3-0-0\" class=\"so-panel widget widget_sow-headline panel-first-child panel-last-child\" data-index=\"5\" ><div\n\t\t\t\n\t\t\tclass=\"so-widget-sow-headline so-widget-sow-headline-default-0037921b2266-255\"\n\t\t\t\n\t\t><div class=\"sow-headline-container\">\n\t\t\t\t\t\t\t<p class=\"sow-headline\">\n\t\t\t\t\t\t<b>S\u00cdGUENOS<\/b> Y COMPARTE\t\t\t\t\t\t<\/p>\n\t\t\t\t\t\t<\/div>\n<\/div><\/div><\/div><div id=\"pgc-255-3-1\"  class=\"panel-grid-cell\" ><div class=\"redes panel-cell-style panel-cell-style-for-255-3-1\" ><div id=\"panel-255-3-1-0\" class=\"so-panel widget widget_sow-social-media-buttons panel-first-child panel-last-child\" data-index=\"6\" ><div class=\"redes panel-widget-style panel-widget-style-for-255-3-1-0\" ><div\n\t\t\t\n\t\t\tclass=\"so-widget-sow-social-media-buttons so-widget-sow-social-media-buttons-flat-88cb093e2fd1-255\"\n\t\t\t\n\t\t>\n\n<div class=\"social-media-button-container\">\n\t\n\t\t<a \n\t\tclass=\"ow-button-hover sow-social-media-button-facebook-0 sow-social-media-button\" title=\"IDF WDS 2025 en Facebook\" aria-label=\"IDF WDS 2025 en Facebook\" target=\"_blank\" rel=\"noopener noreferrer\" href=\"https:\/\/www.facebook.com\/ConsorcioLechero\/\" \t\t>\n\t\t\t<span>\n\t\t\t\t\t\t\t\t<span class=\"sow-icon-fontawesome sow-fab\" data-sow-icon=\"&#xf39e;\"\n\t\t \n\t\taria-hidden=\"true\"><\/span>\t\t\t\t\t\t\t<\/span>\n\t\t<\/a>\n\t\n\t\t<a \n\t\tclass=\"ow-button-hover sow-social-media-button-x-twitter-0 sow-social-media-button\" title=\"IDF WDS 2025 en X Twitter\" aria-label=\"IDF WDS 2025 en X Twitter\" target=\"_blank\" rel=\"noopener noreferrer\" href=\"https:\/\/twitter.com\/consorciolecher\" \t\t>\n\t\t\t<span>\n\t\t\t\t\t\t\t\t<span class=\"sow-icon-fontawesome sow-fab\" data-sow-icon=\"&#xe61b;\"\n\t\t \n\t\taria-hidden=\"true\"><\/span>\t\t\t\t\t\t\t<\/span>\n\t\t<\/a>\n\t\n\t\t<a \n\t\tclass=\"ow-button-hover sow-social-media-button-instagram-0 sow-social-media-button\" title=\"IDF WDS 2025 en Instagram\" aria-label=\"IDF WDS 2025 en Instagram\" target=\"_blank\" rel=\"noopener noreferrer\" href=\"https:\/\/www.instagram.com\/consorciolechero\/\" \t\t>\n\t\t\t<span>\n\t\t\t\t\t\t\t\t<span class=\"sow-icon-fontawesome sow-fab\" data-sow-icon=\"&#xf16d;\"\n\t\t \n\t\taria-hidden=\"true\"><\/span>\t\t\t\t\t\t\t<\/span>\n\t\t<\/a>\n\t\n\t\t<a \n\t\tclass=\"ow-button-hover sow-social-media-button-youtube-0 sow-social-media-button\" title=\"IDF WDS 2025 en Youtube\" aria-label=\"IDF WDS 2025 en Youtube\" target=\"_blank\" rel=\"noopener noreferrer\" href=\"https:\/\/www.youtube.com\/channel\/UC4hHXktod-DlbpI0fkVeeZA\" \t\t>\n\t\t\t<span>\n\t\t\t\t\t\t\t\t<span class=\"sow-icon-fontawesome sow-fab\" data-sow-icon=\"&#xf167;\"\n\t\t \n\t\taria-hidden=\"true\"><\/span>\t\t\t\t\t\t\t<\/span>\n\t\t<\/a>\n\t\n\t\t<a \n\t\tclass=\"ow-button-hover sow-social-media-button-linkedin-0 sow-social-media-button\" title=\"IDF WDS 2025 en Linkedin\" aria-label=\"IDF WDS 2025 en Linkedin\" target=\"_blank\" rel=\"noopener noreferrer\" href=\"https:\/\/www.linkedin.com\/in\/consorcio-lechero-309625264\/\" \t\t>\n\t\t\t<span>\n\t\t\t\t\t\t\t\t<span class=\"sow-icon-fontawesome sow-fab\" data-sow-icon=\"&#xf0e1;\"\n\t\t \n\t\taria-hidden=\"true\"><\/span>\t\t\t\t\t\t\t<\/span>\n\t\t<\/a>\n\t<\/div>\n<\/div><\/div><\/div><\/div><\/div><\/div><\/div><\/div>","protected":false},"excerpt":{"rendered":"<p>The conference venue is located on Santiago\u2019s Eastside, in the El Golf sector \u2013 known as the new financial, commercial and gastronomic center of the capital of Chile \u2013 in the Las Condes commune. Its location allows you to reach the center of Santiago in 20 minutes and the airport in 15 minutes. You can&#8230;<\/p>\n<div class=\"more-link-wrapper\"><a class=\"more-link\" href=\"https:\/\/www.idfwds2025.com\/es\/the-venue\/\"><span class=\"more-text\">Sigue leyendo<\/span><\/a><\/div>","protected":false},"author":1,"featured_media":0,"parent":0,"menu_order":0,"comment_status":"closed","ping_status":"closed","template":"","meta":{"footnotes":""},"class_list":["post-255","page","type-page","status-publish","hentry","post"],"_links":{"self":[{"href":"https:\/\/www.idfwds2025.com\/es\/wp-json\/wp\/v2\/pages\/255","targetHints":{"allow":["GET"]}}],"collection":[{"href":"https:\/\/www.idfwds2025.com\/es\/wp-json\/wp\/v2\/pages"}],"about":[{"href":"https:\/\/www.idfwds2025.com\/es\/wp-json\/wp\/v2\/types\/page"}],"author":[{"embeddable":true,"href":"https:\/\/www.idfwds2025.com\/es\/wp-json\/wp\/v2\/users\/1"}],"replies":[{"embeddable":true,"href":"https:\/\/www.idfwds2025.com\/es\/wp-json\/wp\/v2\/comments?post=255"}],"version-history":[{"count":3,"href":"https:\/\/www.idfwds2025.com\/es\/wp-json\/wp\/v2\/pages\/255\/revisions"}],"predecessor-version":[{"id":264,"href":"https:\/\/www.idfwds2025.com\/es\/wp-json\/wp\/v2\/pages\/255\/revisions\/264"}],"wp:attachment":[{"href":"https:\/\/www.idfwds2025.com\/es\/wp-json\/wp\/v2\/media?parent=255"}],"curies":[{"name":"wp","href":"https:\/\/api.w.org\/{rel}","templated":true}]}}