{"id":245,"date":"2025-02-27T00:15:35","date_gmt":"2025-02-27T03:15:35","guid":{"rendered":"https:\/\/www.idfwds2025.com\/?page_id=245"},"modified":"2025-02-27T00:23:32","modified_gmt":"2025-02-27T03:23:32","slug":"idf-president-message","status":"publish","type":"page","link":"https:\/\/www.idfwds2025.com\/es\/idf-president-message\/","title":{"rendered":"IDF President Message"},"content":{"rendered":"<div id=\"pl-245\"  class=\"panel-layout\" ><div id=\"pg-245-0\"  class=\"panel-grid panel-no-style\" ><div id=\"pgc-245-0-0\"  class=\"panel-grid-cell\" ><div id=\"panel-245-0-0-0\" class=\"so-panel widget widget_sow-image panel-first-child panel-last-child\" data-index=\"0\" ><div\n\t\t\t\n\t\t\tclass=\"so-widget-sow-image so-widget-sow-image-default-8b5b6f678277-245\"\n\t\t\t data-overlay-enabled=\"1\" data-overlay-settings=\"{&quot;enabled_for_widgets&quot;:[&quot;sow-image&quot;,&quot;sow-image-grid&quot;,&quot;sow-simple-masonry&quot;],&quot;theme&quot;:&quot;&quot;,&quot;show_delay&quot;:300,&quot;overlay_color&quot;:&quot;#000000&quot;,&quot;overlay_opacity&quot;:0.8000000000000000444089209850062616169452667236328125,&quot;overlay_position&quot;:&quot;bottom&quot;,&quot;overlay_size&quot;:0.299999999999999988897769753748434595763683319091796875,&quot;desktop_show_trigger&quot;:&quot;hover&quot;,&quot;touch_show_trigger&quot;:&quot;touch&quot;,&quot;responsive_breakpoint&quot;:&quot;1024px&quot;,&quot;responsive_breakpoint_unit&quot;:&quot;px&quot;,&quot;overlay_animation&quot;:&quot;fade&quot;,&quot;overlay_animation_onscreen&quot;:false,&quot;font_family&quot;:&quot;&quot;,&quot;text_size&quot;:&quot;15px&quot;,&quot;text_size_unit&quot;:&quot;px&quot;,&quot;text_color&quot;:&quot;#fff&quot;,&quot;text_padding&quot;:&quot;22px 22px 22px 22px&quot;,&quot;text_position&quot;:&quot;middle&quot;,&quot;text_align&quot;:&quot;left&quot;,&quot;text_animation&quot;:&quot;&quot;}\"\n\t\t>\n<div class=\"sow-image-container\">\n\t\t<img fetchpriority=\"high\" \n\tsrc=\"https:\/\/www.idfwds2025.com\/wp-content\/uploads\/2025\/02\/Gilles-Froment.png\" width=\"470\" height=\"470\" srcset=\"https:\/\/www.idfwds2025.com\/wp-content\/uploads\/2025\/02\/Gilles-Froment.png 470w, https:\/\/www.idfwds2025.com\/wp-content\/uploads\/2025\/02\/Gilles-Froment-300x300.png 300w, https:\/\/www.idfwds2025.com\/wp-content\/uploads\/2025\/02\/Gilles-Froment-150x150.png 150w, https:\/\/www.idfwds2025.com\/wp-content\/uploads\/2025\/02\/Gilles-Froment-375x375.png 375w, https:\/\/www.idfwds2025.com\/wp-content\/uploads\/2025\/02\/Gilles-Froment-216x216.png 216w\" sizes=\"(max-width: 470px) 100vw, 470px\" title=\"Gilles Froment\" alt=\"\" \t\tclass=\"so-widget-image\"\/>\n\t<\/div>\n\n<\/div><\/div><\/div><div id=\"pgc-245-0-1\"  class=\"panel-grid-cell\" ><div id=\"panel-245-0-1-0\" class=\"so-panel widget widget_sow-editor panel-first-child\" data-index=\"1\" ><div\n\t\t\t\n\t\t\tclass=\"so-widget-sow-editor so-widget-sow-editor-base\"\n\t\t\t\n\t\t><h3 class=\"widget-title\">Gilles Froment<\/h3>\n<div class=\"siteorigin-widget-tinymce textwidget\">\n\t<p>Senior VP, Government &amp; Industry Relations Lactalis Canada and President of the International Dairy Federation - F\u00e9d\u00e9ration internationale du lait<\/p>\n<\/div>\n<\/div><\/div><div id=\"panel-245-0-1-1\" class=\"so-panel widget widget_sow-editor panel-last-child\" data-index=\"2\" ><div\n\t\t\t\n\t\t\tclass=\"so-widget-sow-editor so-widget-sow-editor-base\"\n\t\t\t\n\t\t>\n<div class=\"siteorigin-widget-tinymce textwidget\">\n\t<p>En nombre de la Federaci\u00f3n Internacional de Lecher\u00eda (IDF), extendemos un cordial saludo a todos los representantes del sector l\u00e1cteo a nivel mundial. Los invitamos a participar en nuestro evento anual m\u00e1s importante, que se llevar\u00e1 a cabo en Santiago de Chile, del 20 al 23 de octubre. Este encuentro \u00fanico es una oportunidad para reunirnos, escuchar, compartir experiencias y buscar juntos caminos comunes para el futuro de la lecher\u00eda.<\/p>\n<p>\u00bfPor qu\u00e9 deber\u00edas participar?<\/p>\n<ul>\n<li>Oportunidades de networking<\/li>\n<li>Intercambio de conocimientos<\/li>\n<li>Exhibici\u00f3n de innovaci\u00f3n<\/li>\n<li>Trabajo colaborativo<\/li>\n<li>Conferencias inspiradoras<\/li>\n<li>Sesiones interactivas<\/li>\n<li>Gran sala de exposici\u00f3n<\/li>\n<\/ul>\n<p>We look forward to welcoming you to this prestigious event and working together to shape a brighter future for the global dairy sector. Let\u2019s make this year's gathering an unforgettable experience!<\/p>\n<p>Kind Regards<\/p>\n<p><strong>Gilles Froment<\/strong><br \/>\n<em>International Dairy Federation President<\/em><\/p>\n<\/div>\n<\/div><\/div><\/div><\/div><\/div>","protected":false},"excerpt":{"rendered":"<p>Senior VP, Government &amp; Industry Relations Lactalis Canada and President of the International Dairy Federation &#8211; F\u00e9d\u00e9ration internationale du lait On behalf of the International Dairy Federation (IDF), we extend our warmest greetings to the representatives of the global dairy sector. We invite you to join us at our annual milestone event in Santiago de&#8230;<\/p>\n<div class=\"more-link-wrapper\"><a class=\"more-link\" href=\"https:\/\/www.idfwds2025.com\/es\/idf-president-message\/\"><span class=\"more-text\">Sigue leyendo<\/span><\/a><\/div>","protected":false},"author":1,"featured_media":0,"parent":0,"menu_order":0,"comment_status":"closed","ping_status":"closed","template":"","meta":{"footnotes":""},"class_list":["post-245","page","type-page","status-publish","hentry","post"],"_links":{"self":[{"href":"https:\/\/www.idfwds2025.com\/es\/wp-json\/wp\/v2\/pages\/245","targetHints":{"allow":["GET"]}}],"collection":[{"href":"https:\/\/www.idfwds2025.com\/es\/wp-json\/wp\/v2\/pages"}],"about":[{"href":"https:\/\/www.idfwds2025.com\/es\/wp-json\/wp\/v2\/types\/page"}],"author":[{"embeddable":true,"href":"https:\/\/www.idfwds2025.com\/es\/wp-json\/wp\/v2\/users\/1"}],"replies":[{"embeddable":true,"href":"https:\/\/www.idfwds2025.com\/es\/wp-json\/wp\/v2\/comments?post=245"}],"version-history":[{"count":2,"href":"https:\/\/www.idfwds2025.com\/es\/wp-json\/wp\/v2\/pages\/245\/revisions"}],"predecessor-version":[{"id":248,"href":"https:\/\/www.idfwds2025.com\/es\/wp-json\/wp\/v2\/pages\/245\/revisions\/248"}],"wp:attachment":[{"href":"https:\/\/www.idfwds2025.com\/es\/wp-json\/wp\/v2\/media?parent=245"}],"curies":[{"name":"wp","href":"https:\/\/api.w.org\/{rel}","templated":true}]}}