{"id":185,"date":"2024-09-16T10:34:44","date_gmt":"2024-09-16T13:34:44","guid":{"rendered":"https:\/\/www.idfwds2025.com\/?page_id=185"},"modified":"2025-06-10T14:26:53","modified_gmt":"2025-06-10T17:26:53","slug":"sponsor","status":"publish","type":"page","link":"https:\/\/www.idfwds2025.com\/es\/sponsor\/","title":{"rendered":"Convi\u00e9rtete en Patrocinador"},"content":{"rendered":"<div id=\"pl-185\"  class=\"panel-layout\" ><div id=\"pg-185-0\"  class=\"panel-grid panel-has-style\" ><div class=\"siteorigin-panels-stretch panel-row-style panel-row-style-for-185-0\" data-stretch-type=\"full-width-stretch\" ><div id=\"pgc-185-0-0\"  class=\"panel-grid-cell\" ><div id=\"panel-185-0-0-0\" class=\"so-panel widget widget_sow-hero panel-first-child panel-last-child\" data-index=\"0\" ><div\n\t\t\t\n\t\t\tclass=\"so-widget-sow-hero so-widget-sow-hero-default-f4de5ff16e0f-185 so-widget-fittext-wrapper\"\n\t\t\t data-fit-text-compressor=\"0.85\"\n\t\t>\t\t\t\t<div class=\"sow-slider-base\" style=\"display: none\" tabindex=\"0\">\n\t\t\t\t\t<ul\n\t\t\t\t\tclass=\"sow-slider-images\"\n\t\t\t\t\tdata-settings=\"{&quot;pagination&quot;:true,&quot;speed&quot;:800,&quot;timeout&quot;:8000,&quot;paused&quot;:false,&quot;pause_on_hover&quot;:false,&quot;swipe&quot;:true,&quot;nav_always_show_desktop&quot;:&quot;&quot;,&quot;nav_always_show_mobile&quot;:&quot;&quot;,&quot;breakpoint&quot;:&quot;780px&quot;,&quot;unmute&quot;:false,&quot;anchor&quot;:null}\"\n\t\t\t\t\t\t\t\t\t\tdata-anchor-id=\"\"\n\t\t\t\t>\t\t<li class=\"sow-slider-image  sow-slider-image-cover\" style=\"visibility: visible;;background-color: #000000\" >\n\t\t\t\t\t<div class=\"sow-slider-image-container\">\n\t\t\t<div class=\"sow-slider-image-wrapper\">\n\t\t\t\t<h1 style=\"text-align: center\"><strong>PATROCINADORES<\/strong><\/h1>\n<p style=\"text-align: left\">\n<\/p>\t\t\t<\/div>\n\t\t<\/div>\n\t\t<div class=\"sow-slider-image-overlay sow-slider-image-cover\" style=\"opacity: 0.85;background-image: url(https:\/\/www.idfwds2025.com\/wp-content\/uploads\/2024\/09\/Exhibitors-picture-scaled.jpg)\"  ><\/div>\t\t<\/li>\n\t\t<\/ul>\t\t\t\t<ol class=\"sow-slider-pagination\">\n\t\t\t\t\t\t\t\t\t\t\t<li><a href=\"#\" data-goto=\"0\" aria-label=\"Mostrar diapositiva 1\"><\/a><\/li>\n\t\t\t\t\t\t\t\t\t<\/ol>\n\n\t\t\t\t<div class=\"sow-slide-nav sow-slide-nav-next\">\n\t\t\t\t\t<a href=\"#\" data-goto=\"next\" aria-label=\"Diapositiva siguiente\" data-action=\"next\">\n\t\t\t\t\t\t<em class=\"sow-sld-icon-thin-right\"><\/em>\n\t\t\t\t\t<\/a>\n\t\t\t\t<\/div>\n\n\t\t\t\t<div class=\"sow-slide-nav sow-slide-nav-prev\">\n\t\t\t\t\t<a href=\"#\" data-goto=\"previous\" aria-label=\"Diapositiva anterior\" data-action=\"prev\">\n\t\t\t\t\t\t<em class=\"sow-sld-icon-thin-left\"><\/em>\n\t\t\t\t\t<\/a>\n\t\t\t\t<\/div>\n\t\t\t\t<\/div><\/div><\/div><\/div><\/div><\/div><div id=\"pg-185-1\"  class=\"panel-grid panel-no-style\" ><div id=\"pgc-185-1-0\"  class=\"panel-grid-cell\" ><div id=\"panel-185-1-0-0\" class=\"so-panel widget widget_sow-editor panel-first-child panel-last-child\" data-index=\"1\" ><div\n\t\t\t\n\t\t\tclass=\"so-widget-sow-editor so-widget-sow-editor-base\"\n\t\t\t\n\t\t><h3 class=\"widget-title\">CONVI\u00c9RTASE EN UN PATROCINADOR<\/h3>\n<div class=\"siteorigin-widget-tinymce textwidget\">\n\t<p class=\"first-token\" data-sourcepos=\"1:1-1:26\"><strong>Estimado socio de la industria,<\/strong><\/p>\n<p data-sourcepos=\"3:1-3:47\">Nos honra invitarle al <strong>IDF World Dairy Summit<\/strong> en la vibrante ciudad de <strong>Santiago, Chile<\/strong>, del <strong>20 al 23 de Octubre, 2025<\/strong>. Este evento global de primer nivel reunir\u00e1 a los principales expertos del sector l\u00e1cteo de todo el mundo.<\/p>\n<p class=\"cvGsUA direction-ltr align-justify para-style-body\"><span class=\"OYPEnA font-feature-liga-off font-feature-clig-off font-feature-calt-off text-decoration-none text-strikethrough-none\">El perfil de los participantes incluye a CEOs y empleados de empresas procesadoras de productos l\u00e1cteos, productores l\u00e1cteos, proveedores de la industria l\u00e1ctea, acad\u00e9micos y representantes gubernamentales.<\/span><\/p>\n<p class=\"cvGsUA direction-ltr align-justify para-style-body\"><span class=\"OYPEnA font-feature-liga-off font-feature-clig-off font-feature-calt-off text-decoration-none text-strikethrough-none\">El IDF World Dairy Summit ofrecer\u00e1 un foro para que los expertos de la industria compartan conocimientos e ideas sobre c\u00f3mo el sector puede contribuir a alimentar al mundo con una producci\u00f3n l\u00e1ctea segura y sostenible.<\/span><\/p>\n<p>Como socio, tendr\u00e1 la oportunidad \u00fanica de exhibir sus productos o servicios ante una audiencia altamente enfocada, con la posibilidad de conectarse con influyentes tomadores de decisiones, fomentar nuevas colaboraciones y fortalecer su posici\u00f3n en el mercado.<\/p>\n<\/div>\n<\/div><\/div><\/div><\/div><div id=\"pg-185-2\"  class=\"panel-grid panel-no-style\" ><div id=\"pgc-185-2-0\"  class=\"panel-grid-cell\" ><div id=\"panel-185-2-0-0\" class=\"so-panel widget widget_lsow-accordion panel-first-child panel-last-child\" data-index=\"2\" ><div\n\t\t\t\n\t\t\tclass=\"so-widget-lsow-accordion so-widget-lsow-accordion-default-d75171398898-185\"\n\t\t\t\n\t\t>\n<h3 class=\"widget-title\">TOP 4 RAZONES PARA PATROCINAR Y\/O EXHIBIR<\/h3><div class=\"lsow-accordion style1\" data-toggle=\"false\" data-expanded=\"false\"><div class=\"lsow-panel\" id=\"networking\"><div class=\"lsow-panel-title\">Networking<\/div><div class=\"lsow-panel-content\"><p><span class=\"OYPEnA font-feature-liga-off font-feature-clig-off font-feature-calt-off text-decoration-none text-strikethrough-none\">Desarrolle relaciones valiosas con l\u00edderes, investigadores, productores y personas de la industria l\u00e1ctea.<\/span><\/p>\n<\/div><\/div><!-- .lsow-panel --><div class=\"lsow-panel\" id=\"showcase-your-products\"><div class=\"lsow-panel-title\">Exhibir sus productos<\/div><div class=\"lsow-panel-content\"><p><span class=\"OYPEnA font-feature-liga-off font-feature-clig-off font-feature-calt-off text-decoration-none text-strikethrough-none\">Presente su marca y servicios junto a las empresas m\u00e1s importantes de la industria l\u00e1ctea.<\/span><\/p>\n<\/div><\/div><!-- .lsow-panel --><div class=\"lsow-panel\" id=\"innovations\"><div class=\"lsow-panel-title\">Innovaciones <\/div><div class=\"lsow-panel-content\"><p><span class=\"OYPEnA font-feature-liga-off font-feature-clig-off font-feature-calt-off text-decoration-none text-strikethrough-none\">Conozca las \u00faltimas tecnolog\u00edas en l\u00e1cteos, sostenibilidad y nutrici\u00f3n.<\/span><\/p>\n<\/div><\/div><!-- .lsow-panel --><div class=\"lsow-panel\" id=\"global-relations\"><div class=\"lsow-panel-title\">Relaciones globales<\/div><div class=\"lsow-panel-content\"><p><span class=\"OYPEnA font-feature-liga-off font-feature-clig-off font-feature-calt-off text-decoration-none text-strikethrough-none\">Haga networking con empresas l\u00e1cteas globales, investigadores, consultores y l\u00edderes gubernamentales.<\/span><\/p>\n<\/div><\/div><!-- .lsow-panel --><\/div><!-- .lsow-accordion --><\/div><\/div><\/div><\/div><div id=\"pg-185-3\"  class=\"panel-grid panel-no-style\" ><div id=\"pgc-185-3-0\"  class=\"panel-grid-cell panel-grid-cell-empty\" ><\/div><div id=\"pgc-185-3-1\"  class=\"panel-grid-cell panel-grid-cell-empty panel-grid-cell-mobile-last\" ><\/div><div id=\"pgc-185-3-2\"  class=\"panel-grid-cell panel-grid-cell-empty\" ><\/div><\/div><div id=\"pg-185-4\"  class=\"panel-grid panel-has-style\" ><div class=\"panel-row-style panel-row-style-for-185-4\" ><div id=\"pgc-185-4-0\"  class=\"panel-grid-cell\" ><div id=\"panel-185-4-0-0\" class=\"so-panel widget widget_sow-headline panel-first-child\" data-index=\"3\" ><div class=\"panel-widget-style panel-widget-style-for-185-4-0-0\" ><div\n\t\t\t\n\t\t\tclass=\"so-widget-sow-headline so-widget-sow-headline-default-2a00bb161e10-185\"\n\t\t\t\n\t\t><div class=\"sow-headline-container\">\n\t\t\t\t\t\t\t<h1 class=\"sow-headline\">\n\t\t\t\t\t\tNo dude en contactarnos a trav\u00e9s de nuestro formulario en l\u00ednea y nos pondremos en contacto con usted:\t\t\t\t\t\t<\/h1>\n\t\t\t\t\t\t\t\t\t\t\t<div class=\"decoration\">\n\t\t\t\t\t\t<div class=\"decoration-inside\"><\/div>\n\t\t\t\t\t<\/div>\n\t\t\t\t\t<\/div>\n<\/div><\/div><\/div><div id=\"panel-185-4-0-1\" class=\"so-panel widget widget_sow-contact-form panel-last-child\" data-index=\"4\" ><div\n\t\t\t\n\t\t\tclass=\"so-widget-sow-contact-form so-widget-sow-contact-form-default-aa4a356a9f6e-185\"\n\t\t\t\n\t\t>\t<form\n\t\taction=\"\/es\/wp-json\/wp\/v2\/pages\/185\"\n\t\tmethod=\"POST\"\n\t\tclass=\"sow-contact-form\"\n\t\tid=\"contact-form-6103\" data-trp-original-action=\"\/es\/wp-json\/wp\/v2\/pages\/185\"\n\t>\n\n\t\t\n\t\t\t\t\t<div class=\"sow-form-field sow-form-field-name\">\n\t\t\t\t<label class=\"sow-form-field-label-above\" for=\"sow-contact-form-field-your-name-1\">\n\t\t\t\t<strong>\n\t\t\t\t\tSu nombre\t\t\t\t\t\t\t\t\t<\/strong>\n\t\t\t<\/label>\n\t\t\t\t\t\t\t<div class=\"sow-field-container\">\n\t\t\t\t\t\t\t<input\n\t\t\ttype=\"text\"\n\t\t\tname=\"your-name-1\"\n\t\t\tid=\"sow-contact-form-field-your-name-1\"\n\t\t\tvalue=\"\"\n\t\t\tclass=\"sow-text-field\"\n\t\t\t\t\t\t\t\t\/>\n\t\t\t\t\t\t<\/div>\n\t\t\t\t\t\t\t<\/div>\n\t\t\t\t\t\t<div class=\"sow-form-field sow-form-field-email\">\n\t\t\t\t<label class=\"sow-form-field-label-above\" for=\"sow-contact-form-field-your-email-1\">\n\t\t\t\t<strong>\n\t\t\t\t\tSu correo electr\u00f3nico\t\t\t\t\t\t\t\t\t<\/strong>\n\t\t\t<\/label>\n\t\t\t\t\t\t\t<div class=\"sow-field-container\">\n\t\t\t\t\t\t\t<input\n\t\t\ttype=\"email\"\n\t\t\tname=\"your-email-1\"\n\t\t\tid=\"sow-contact-form-field-your-email-1\"\n\t\t\tvalue=\"\"\n\t\t\tclass=\"sow-text-field\"\t\t\t\t\t\t\t\t\/>\n\t\t\t\t\t\t<\/div>\n\t\t\t\t\t\t\t<\/div>\n\t\t\t\t\t\t<div class=\"sow-form-field sow-form-field-subject\">\n\t\t\t\t<label class=\"sow-form-field-label-above\" for=\"sow-contact-form-field-subject-1\">\n\t\t\t\t<strong>\n\t\t\t\t\tAsunto\t\t\t\t\t\t\t\t\t<\/strong>\n\t\t\t<\/label>\n\t\t\t\t\t\t\t<div class=\"sow-field-container\">\n\t\t\t\t\t\t\t<input\n\t\t\ttype=\"text\"\n\t\t\tname=\"subject-1\"\n\t\t\tid=\"sow-contact-form-field-subject-1\"\n\t\t\tvalue=\"\"\n\t\t\tclass=\"sow-text-field\"\n\t\t\t\t\t\t\t\t\/>\n\t\t\t\t\t\t<\/div>\n\t\t\t\t\t\t\t<\/div>\n\t\t\t\t\t\t<div class=\"sow-form-field sow-form-field-textarea\">\n\t\t\t\t<label class=\"sow-form-field-label-above\" for=\"sow-contact-form-field-message-1\">\n\t\t\t\t<strong>\n\t\t\t\t\tMensaje\t\t\t\t\t\t\t\t\t<\/strong>\n\t\t\t<\/label>\n\t\t\t\t\t\t\t<div class=\"sow-field-container\">\n\t\t\t\t\t\t\t<textarea\n\t\t\tname=\"message-1\"\n\t\t\tid=\"sow-contact-form-field-message-1\"\n\t\t\trows=\"10\"\n\t\t\t\t\t\t\t\t><\/textarea>\n\t\t\t\t\t\t<\/div>\n\t\t\t\t\t\t\t<\/div>\n\t\t\t\n\t\t\n\t\t<div class=\"sow-submit-wrapper \t\tsow-submit-styled\">\n\n\t\t\t<button\n\t\t\t\ttype=\"submit\"\n\t\t\t\tclass=\"sow-submit\"\n\t\t\t\t\t\t\t>\n\t\t\t\tCont\u00e1ctenos\t\t\t<\/button>\n\t\t<\/div>\n\t\t\t\t<input\n\t\t\ttype=\"hidden\"\n\t\t\tname=\"instance_hash-1\"\n\t\t\tvalue=\"61034023\"\n\t\t\/>\n\n\t\t<input type=\"hidden\" id=\"_wpnonce\" name=\"_wpnonce\" value=\"ae0c3115b2\" \/><input type=\"hidden\" name=\"_wp_http_referer\" value=\"\/es\/wp-json\/wp\/v2\/pages\/185\" \/>\t<input type=\"hidden\" name=\"trp-form-language\" value=\"es\"\/><\/form>\n\t<\/div><\/div><\/div><\/div><\/div><\/div>","protected":false},"excerpt":{"rendered":"<p>Dear Industry Partner, We are honored to invite you to the IDF World Dairy Summit in the vibrant city of Santiago, Chile, from October 20 to 23, 2025. This premier global event will bring together leading experts in the field of Dairy Industry around the world. The participant profile includes CEOs and employees of dairy&#8230;<\/p>\n<div class=\"more-link-wrapper\"><a class=\"more-link\" href=\"https:\/\/www.idfwds2025.com\/es\/sponsor\/\"><span class=\"more-text\">Sigue leyendo<\/span><\/a><\/div>","protected":false},"author":1,"featured_media":0,"parent":0,"menu_order":0,"comment_status":"closed","ping_status":"closed","template":"","meta":{"footnotes":""},"class_list":["post-185","page","type-page","status-publish","hentry","post"],"_links":{"self":[{"href":"https:\/\/www.idfwds2025.com\/es\/wp-json\/wp\/v2\/pages\/185","targetHints":{"allow":["GET"]}}],"collection":[{"href":"https:\/\/www.idfwds2025.com\/es\/wp-json\/wp\/v2\/pages"}],"about":[{"href":"https:\/\/www.idfwds2025.com\/es\/wp-json\/wp\/v2\/types\/page"}],"author":[{"embeddable":true,"href":"https:\/\/www.idfwds2025.com\/es\/wp-json\/wp\/v2\/users\/1"}],"replies":[{"embeddable":true,"href":"https:\/\/www.idfwds2025.com\/es\/wp-json\/wp\/v2\/comments?post=185"}],"version-history":[{"count":11,"href":"https:\/\/www.idfwds2025.com\/es\/wp-json\/wp\/v2\/pages\/185\/revisions"}],"predecessor-version":[{"id":588,"href":"https:\/\/www.idfwds2025.com\/es\/wp-json\/wp\/v2\/pages\/185\/revisions\/588"}],"wp:attachment":[{"href":"https:\/\/www.idfwds2025.com\/es\/wp-json\/wp\/v2\/media?parent=185"}],"curies":[{"name":"wp","href":"https:\/\/api.w.org\/{rel}","templated":true}]}}