{"id":1032,"date":"2025-10-09T15:18:59","date_gmt":"2025-10-09T18:18:59","guid":{"rendered":"https:\/\/www.idfwds2025.com\/?page_id=1032"},"modified":"2025-10-09T15:48:07","modified_gmt":"2025-10-09T18:48:07","slug":"arrival-in-chile","status":"publish","type":"page","link":"https:\/\/www.idfwds2025.com\/es\/arrival-in-chile\/","title":{"rendered":"Arrival in Chile"},"content":{"rendered":"<div id=\"pl-1032\"  class=\"panel-layout\" ><div id=\"pg-1032-0\"  class=\"panel-grid panel-no-style\" ><div id=\"pgc-1032-0-0\"  class=\"panel-grid-cell\" ><div id=\"panel-1032-0-0-0\" class=\"so-panel widget widget_sow-headline panel-first-child\" data-index=\"0\" ><div id=\"arrival\" class=\"panel-widget-style panel-widget-style-for-1032-0-0-0\" ><div\n\t\t\t\n\t\t\tclass=\"so-widget-sow-headline so-widget-sow-headline-default-f953e2068b05-1032\"\n\t\t\t\n\t\t><div class=\"sow-headline-container\">\n\t\t\t\t\t\t\t<h1 class=\"sow-headline\">\n\t\t\t\t\t\t<b>LLEGADA<\/b> A CHILE\t\t\t\t\t\t<\/h1>\n\t\t\t\t\t\t\t\t\t\t\t<div class=\"decoration\">\n\t\t\t\t\t\t<div class=\"decoration-inside\"><\/div>\n\t\t\t\t\t<\/div>\n\t\t\t\t\t<\/div>\n<\/div><\/div><\/div><div id=\"panel-1032-0-0-1\" class=\"so-panel widget widget_sow-image\" data-index=\"1\" ><div\n\t\t\t\n\t\t\tclass=\"so-widget-sow-image so-widget-sow-image-default-8b5b6f678277-1032\"\n\t\t\t\n\t\t>\n<div class=\"sow-image-container\">\n\t\t<img fetchpriority=\"high\" \n\tsrc=\"https:\/\/www.idfwds2025.com\/wp-content\/uploads\/2025\/08\/BANNER-WEB-IDF-scaled.jpg\" width=\"2560\" height=\"854\" srcset=\"https:\/\/www.idfwds2025.com\/wp-content\/uploads\/2025\/08\/BANNER-WEB-IDF-scaled.jpg 2560w, https:\/\/www.idfwds2025.com\/wp-content\/uploads\/2025\/08\/BANNER-WEB-IDF-300x100.jpg 300w, https:\/\/www.idfwds2025.com\/wp-content\/uploads\/2025\/08\/BANNER-WEB-IDF-1024x342.jpg 1024w, https:\/\/www.idfwds2025.com\/wp-content\/uploads\/2025\/08\/BANNER-WEB-IDF-768x256.jpg 768w, https:\/\/www.idfwds2025.com\/wp-content\/uploads\/2025\/08\/BANNER-WEB-IDF-1536x512.jpg 1536w, https:\/\/www.idfwds2025.com\/wp-content\/uploads\/2025\/08\/BANNER-WEB-IDF-2048x683.jpg 2048w, https:\/\/www.idfwds2025.com\/wp-content\/uploads\/2025\/08\/BANNER-WEB-IDF-18x6.jpg 18w\" sizes=\"(max-width: 2560px) 100vw, 2560px\" title=\"BANNER-WEB-IDF\" alt=\"\" \t\tclass=\"so-widget-image\"\/>\n\t<\/div>\n\n<\/div><\/div><div id=\"panel-1032-0-0-2\" class=\"so-panel widget widget_sow-editor\" data-index=\"2\" ><div\n\t\t\t\n\t\t\tclass=\"so-widget-sow-editor so-widget-sow-editor-base\"\n\t\t\t\n\t\t>\n<div class=\"siteorigin-widget-tinymce textwidget\">\n\t<p style=\"text-align: center;\">Puede reservar directamente desde el sitio web. <strong><a href=\"http:\/\/www.wetransport.cl\" target=\"_blank\" rel=\"noopener\">www.wetransport.cl<\/a><\/strong> o desde la <strong>APP<\/strong><\/p>\n<\/div>\n<\/div><\/div><div id=\"panel-1032-0-0-3\" class=\"so-panel widget widget_sow-editor\" data-index=\"3\" ><div\n\t\t\t\n\t\t\tclass=\"so-widget-sow-editor so-widget-sow-editor-base\"\n\t\t\t\n\t\t>\n<div class=\"siteorigin-widget-tinymce textwidget\">\n\t<ul>\n<li>Todos los pasajeros deben cumplir las normas e instrucciones de las autoridades de inmigraci\u00f3n y aduanas. Es muy importante leer todas las instrucciones y la lista de elementos prohibidos (el formulario de aduana se recibir\u00e1 en el avi\u00f3n antes de aterrizar en Chile). Se puede completar a trav\u00e9s de un formulario en l\u00ednea (recomendado) y la aerol\u00ednea proporcionar\u00e1 el enlace.<\/li>\n<li>Debe declarar todos los productos de origen vegetal y animal. En caso de duda, siempre es recomendable declararlos y preguntar a las autoridades aduaneras una vez que les haya entregado el formulario de aduana.<\/li>\n<li>Despu\u00e9s de pasar por la aduana, saldr\u00e1 de la zona restringida de la terminal y llegar\u00e1 a la zona de llegadas del aeropuerto. Utilice \u00fanicamente los servicios de transporte de las empresas oficiales del aeropuerto de Santiago.<\/li>\n<li>Al registrarse en los hoteles, debe presentar su pasaporte\/documento de identidad, el documento de inmigraci\u00f3n que le entregar\u00e1n las autoridades en el aeropuerto y una tarjeta de cr\u00e9dito para garantizar posibles gastos adicionales.<\/li>\n<\/ul>\n<\/div>\n<\/div><\/div><div id=\"panel-1032-0-0-4\" class=\"so-panel widget widget_lsow-services panel-last-child\" data-index=\"4\" ><div\n\t\t\t\n\t\t\tclass=\"so-widget-lsow-services so-widget-lsow-services-default-af5090dbde53-1032\"\n\t\t\t\n\t\t><div id=\"lsow-services-1\" class=\"lsow-services lsow-style1 lsow-grid-container  lsow-grid-desktop-3 lsow-grid-tablet-2 lsow-grid-mobile-1\"><div class=\"lsow-grid-item lsow-service-wrapper\"><div class=\"lsow-service\" ><div class=\"lsow-icon-wrapper\"><span class=\"sow-icon-materialicons sowm-regular\" data-sow-icon=\"&#xef74\"\n\t\t \n\t\taria-hidden=\"true\"><\/span><\/div><div class=\"lsow-service-text\"><h3 class=\"lsow-title\">Taxis<\/h3><div class=\"lsow-service-details\">Para viajar en taxi de forma segura y sin estr\u00e9s, compre un billete en las taquillas oficiales antes de entrar en la sala de llegadas. Un representante le acompa\u00f1ar\u00e1 hasta su veh\u00edculo.\nEvite a los vendedores no autorizados dentro de la zona de llegadas, ya que pueden ser agresivos y a menudo est\u00e1n involucrados en estafas.<\/div><\/div><!-- .lsow-service-text --><\/div><!-- .lsow-service --><\/div><!-- .lsow-service-wrapper --><div class=\"lsow-grid-item lsow-service-wrapper\"><div class=\"lsow-service\" ><div class=\"lsow-icon-wrapper\"><span class=\"sow-icon-materialicons sowm-regular\" data-sow-icon=\"&#xe98f\"\n\t\t \n\t\taria-hidden=\"true\"><\/span><\/div><div class=\"lsow-service-text\"><h3 class=\"lsow-title\">Minibus (transfer)<\/h3><div class=\"lsow-service-details\">Adem\u00e1s de los taxis oficiales, los servicios de minib\u00fas ofrecen dos opciones:<br \/>\n\n<strong>Compartido: <\/strong>M\u00e1s barato, pero m\u00e1s lento, con m\u00faltiples paradas.<br \/>\n<strong>Privado: <\/strong> M\u00e1s caro, pero directo y puerta a puerta.<\/div><\/div><!-- .lsow-service-text --><\/div><!-- .lsow-service --><\/div><!-- .lsow-service-wrapper --><div class=\"lsow-grid-item lsow-service-wrapper\"><div class=\"lsow-service\" ><div class=\"lsow-icon-wrapper\"><span class=\"sow-icon-materialicons sowm-regular\" data-sow-icon=\"&#xebf2\"\n\t\t \n\t\taria-hidden=\"true\"><\/span><\/div><div class=\"lsow-service-text\"><h3 class=\"lsow-title\">Rent a Car<\/h3><div class=\"lsow-service-details\">Realice los tr\u00e1mites en el mostrador de la sala de llegadas y luego tome un autob\u00fas hasta el aparcamiento. Utilice una aplicaci\u00f3n de navegaci\u00f3n para el trayecto de 30 minutos hasta la ciudad (a menudo m\u00e1s largo si hay tr\u00e1fico).\n<br \/>\n<strong>Peajes: <\/strong>Un \u00abtag\u00bb electr\u00f3nico en el coche paga autom\u00e1ticamente los peajes de autopista; la empresa de alquiler le cobrar\u00e1 los gastos incurridos.<\/div><\/div><!-- .lsow-service-text --><\/div><!-- .lsow-service --><\/div><!-- .lsow-service-wrapper --><\/div><!-- .lsow-services --><div class=\"lsow-clear\"><\/div><\/div><\/div><\/div><\/div><div id=\"pg-1032-1\"  class=\"panel-grid panel-has-style\" ><div id=\"tourguide\" class=\"panel-row-style panel-row-style-for-1032-1\" ><div id=\"pgc-1032-1-0\"  class=\"panel-grid-cell\" ><div id=\"panel-1032-1-0-0\" class=\"so-panel widget widget_sow-headline panel-first-child\" data-index=\"5\" ><div class=\"panel-widget-style panel-widget-style-for-1032-1-0-0\" ><div\n\t\t\t\n\t\t\tclass=\"so-widget-sow-headline so-widget-sow-headline-default-f953e2068b05-1032\"\n\t\t\t\n\t\t><div class=\"sow-headline-container\">\n\t\t\t\t\t\t\t<h1 class=\"sow-headline\">\n\t\t\t\t\t\t<b>INFORMACI\u00d3N<\/b> GENERAL\t\t\t\t\t\t<\/h1>\n\t\t\t\t\t\t\t\t\t\t\t<div class=\"decoration\">\n\t\t\t\t\t\t<div class=\"decoration-inside\"><\/div>\n\t\t\t\t\t<\/div>\n\t\t\t\t\t<\/div>\n<\/div><\/div><\/div><div id=\"panel-1032-1-0-1\" class=\"so-panel widget widget_lsow-services\" data-index=\"6\" ><div\n\t\t\t\n\t\t\tclass=\"so-widget-lsow-services so-widget-lsow-services-default-f3e856806475-1032\"\n\t\t\t\n\t\t><div id=\"lsow-services-1\" class=\"lsow-services lsow-style1 lsow-grid-container  lsow-grid-desktop-5 lsow-grid-tablet-2 lsow-grid-mobile-1\"><div class=\"lsow-grid-item lsow-service-wrapper\"><div class=\"lsow-service\" ><div class=\"lsow-icon-wrapper\"><span class=\"sow-icon-materialicons sowm-regular\" data-sow-icon=\"&#xec1c\"\n\t\t \n\t\taria-hidden=\"true\"><\/span><\/div><div class=\"lsow-service-text\"><h3 class=\"lsow-title\">Electricidad<\/h3><div class=\"lsow-service-details\">220 V, tipo C y L, patas redondeadas.<\/div><\/div><!-- .lsow-service-text --><\/div><!-- .lsow-service --><\/div><!-- .lsow-service-wrapper --><div class=\"lsow-grid-item lsow-service-wrapper\"><div class=\"lsow-service\" ><div class=\"lsow-icon-wrapper\"><span class=\"sow-icon-materialicons sowm-regular\" data-sow-icon=\"&#xefd6\"\n\t\t \n\t\taria-hidden=\"true\"><\/span><\/div><div class=\"lsow-service-text\"><h3 class=\"lsow-title\">La hora en Chile<\/h3><div class=\"lsow-service-details\">GMT-3 in summer.<\/div><\/div><!-- .lsow-service-text --><\/div><!-- .lsow-service --><\/div><!-- .lsow-service-wrapper --><div class=\"lsow-grid-item lsow-service-wrapper\"><div class=\"lsow-service\" ><div class=\"lsow-icon-wrapper\"><span class=\"sow-icon-materialicons sowm-regular\" data-sow-icon=\"&#xe227\"\n\t\t \n\t\taria-hidden=\"true\"><\/span><\/div><div class=\"lsow-service-text\"><h3 class=\"lsow-title\">Moneda<\/h3><div class=\"lsow-service-details\">El peso chileno (CLP) es la moneda oficial. Rara vez se aceptan d\u00f3lares estadounidenses o euros.\n<\/div><\/div><!-- .lsow-service-text --><\/div><!-- .lsow-service --><\/div><!-- .lsow-service-wrapper --><div class=\"lsow-grid-item lsow-service-wrapper\"><div class=\"lsow-service\" ><div class=\"lsow-icon-wrapper\"><span class=\"sow-icon-materialicons sowm-regular\" data-sow-icon=\"&#xeb70\"\n\t\t \n\t\taria-hidden=\"true\"><\/span><\/div><div class=\"lsow-service-text\"><h3 class=\"lsow-title\">Intercambio<\/h3><div class=\"lsow-service-details\">Las oficinas de cambio de divisas est\u00e1n muy extendidas en las ciudades; pregunte en su hotel cu\u00e1l es la m\u00e1s cercana.\n<\/div><\/div><!-- .lsow-service-text --><\/div><!-- .lsow-service --><\/div><!-- .lsow-service-wrapper --><div class=\"lsow-grid-item lsow-service-wrapper\"><div class=\"lsow-service\" ><div class=\"lsow-icon-wrapper\"><span class=\"sow-icon-materialicons sowm-regular\" data-sow-icon=\"&#xe8a1\"\n\t\t \n\t\taria-hidden=\"true\"><\/span><\/div><div class=\"lsow-service-text\"><h3 class=\"lsow-title\">Pago<\/h3><div class=\"lsow-service-details\">Las tarjetas de cr\u00e9dito\/d\u00e9bito se aceptan en casi todas partes. Hay cajeros autom\u00e1ticos disponibles en las zonas urbanas.\n<\/div><\/div><!-- .lsow-service-text --><\/div><!-- .lsow-service --><\/div><!-- .lsow-service-wrapper --><div class=\"lsow-grid-item lsow-service-wrapper\"><div class=\"lsow-service\" ><div class=\"lsow-icon-wrapper\"><span class=\"sow-icon-materialicons sowm-regular\" data-sow-icon=\"&#xe5fa\"\n\t\t \n\t\taria-hidden=\"true\"><\/span><\/div><div class=\"lsow-service-text\"><h3 class=\"lsow-title\">Consulados<\/h3><div class=\"lsow-service-details\">En caso de p\u00e9rdida de cualquier documento u otros problemas, p\u00f3ngase en contacto con la embajada o el consulado de su pa\u00eds en Chile. <\/div><\/div><!-- .lsow-service-text --><\/div><!-- .lsow-service --><\/div><!-- .lsow-service-wrapper --><div class=\"lsow-grid-item lsow-service-wrapper\"><div class=\"lsow-service\" ><div class=\"lsow-icon-wrapper\"><span class=\"sow-icon-materialicons sowm-regular\" data-sow-icon=\"&#xe548\"\n\t\t \n\t\taria-hidden=\"true\"><\/span><\/div><div class=\"lsow-service-text\"><h3 class=\"lsow-title\">Salud<\/h3><div class=\"lsow-service-details\"><strong>Vacunas: <\/strong>No son requeridas<br \/>\n<strong>Agua: <\/strong>El agua del grifo es segura, pero se recomienda a los visitantes que consuman agua embotellada, que se puede encontrar f\u00e1cilmente.<br \/>\n<strong> Emergencia: <\/strong>P\u00f3ngase en contacto con su seguro de viaje y acuda al hospital m\u00e1s cercano.\n<\/div><\/div><!-- .lsow-service-text --><\/div><!-- .lsow-service --><\/div><!-- .lsow-service-wrapper --><div class=\"lsow-grid-item lsow-service-wrapper\"><div class=\"lsow-service\" ><div class=\"lsow-icon-wrapper\"><span class=\"sow-icon-materialicons sowm-regular\" data-sow-icon=\"&#xe1d5\"\n\t\t \n\t\taria-hidden=\"true\"><\/span><\/div><div class=\"lsow-service-text\"><h3 class=\"lsow-title\">Seguridad<\/h3><div class=\"lsow-service-details\">Santiago es relativamente segura, pero tome las precauciones habituales. Mantenga sus objetos de valor ocultos y utilice los bolsillos delanteros. Evite las zonas oscuras por la noche.\nLleve consigo una copia de su pasaporte y deje el original en la caja fuerte del hotel.\n<\/div><\/div><!-- .lsow-service-text --><\/div><!-- .lsow-service --><\/div><!-- .lsow-service-wrapper --><div class=\"lsow-grid-item lsow-service-wrapper\"><div class=\"lsow-service\" ><div class=\"lsow-icon-wrapper\"><span class=\"sow-icon-materialicons sowm-regular\" data-sow-icon=\"&#xea1f\"\n\t\t \n\t\taria-hidden=\"true\"><\/span><\/div><div class=\"lsow-service-text\"><h3 class=\"lsow-title\">Transporte al aeropuerto y a la ciudad<\/h3><div class=\"lsow-service-details\"><strong>Taxis:<\/strong> Aseg\u00farese siempre de que el conductor utilice el tax\u00edmetro. Para su referencia, solicite a su hotel una estimaci\u00f3n de las tarifas. Utilice \u00fanicamente taxis oficiales (negros con techo amarillo).\n<br \/>\n<strong>Apps:<\/strong> Para mayor comodidad, utiliza Uber o Cabify; ambos aceptan pagos con tarjeta de cr\u00e9dito.<\/div><\/div><!-- .lsow-service-text --><\/div><!-- .lsow-service --><\/div><!-- .lsow-service-wrapper --><div class=\"lsow-grid-item lsow-service-wrapper\"><div class=\"lsow-service\" ><div class=\"lsow-icon-wrapper\"><span class=\"sow-icon-materialicons sowm-regular\" data-sow-icon=\"&#xefd9\"\n\t\t \n\t\taria-hidden=\"true\"><\/span><\/div><div class=\"lsow-service-text\"><h3 class=\"lsow-title\">Presentaci\u00f3n en aeropuertos<\/h3><div class=\"lsow-service-details\">Vuelos nacionales: 2 horas antes de la salida. Vuelos internacionales: 3 horas antes de la salida.<\/div><\/div><!-- .lsow-service-text --><\/div><!-- .lsow-service --><\/div><!-- .lsow-service-wrapper --><\/div><!-- .lsow-services --><div class=\"lsow-clear\"><\/div><\/div><\/div><div id=\"panel-1032-1-0-2\" class=\"so-panel widget widget_sow-headline\" data-index=\"7\" ><div class=\"panel-widget-style panel-widget-style-for-1032-1-0-2\" ><div\n\t\t\t\n\t\t\tclass=\"so-widget-sow-headline so-widget-sow-headline-default-f953e2068b05-1032\"\n\t\t\t\n\t\t><div class=\"sow-headline-container\">\n\t\t\t\t\t\t\t<h1 class=\"sow-headline\">\n\t\t\t\t\t\t<b>HORARIO<\/b> COMERCIAL\t\t\t\t\t\t<\/h1>\n\t\t\t\t\t\t\t\t\t\t\t<div class=\"decoration\">\n\t\t\t\t\t\t<div class=\"decoration-inside\"><\/div>\n\t\t\t\t\t<\/div>\n\t\t\t\t\t<\/div>\n<\/div><\/div><\/div><div id=\"panel-1032-1-0-3\" class=\"so-panel widget widget_lsow-services panel-last-child\" data-index=\"8\" ><div\n\t\t\t\n\t\t\tclass=\"so-widget-lsow-services so-widget-lsow-services-default-f3e856806475-1032\"\n\t\t\t\n\t\t><div id=\"lsow-services-1\" class=\"lsow-services lsow-style1 lsow-grid-container  lsow-grid-desktop-3 lsow-grid-tablet-1 lsow-grid-mobile-1\"><div class=\"lsow-grid-item lsow-service-wrapper\"><div class=\"lsow-service\" ><div class=\"lsow-icon-wrapper\"><span class=\"sow-icon-materialicons sowm-regular\" data-sow-icon=\"&#xe84f\"\n\t\t \n\t\taria-hidden=\"true\"><\/span><\/div><div class=\"lsow-service-text\"><h3 class=\"lsow-title\">Bancos<\/h3><div class=\"lsow-service-details\">Los bancos abren de lunes a viernes de 9:00 a 14:00.<\/div><\/div><!-- .lsow-service-text --><\/div><!-- .lsow-service --><\/div><!-- .lsow-service-wrapper --><div class=\"lsow-grid-item lsow-service-wrapper\"><div class=\"lsow-service\" ><div class=\"lsow-icon-wrapper\"><span class=\"sow-icon-materialicons sowm-regular\" data-sow-icon=\"&#xe8cc\"\n\t\t \n\t\taria-hidden=\"true\"><\/span><\/div><div class=\"lsow-service-text\"><h3 class=\"lsow-title\">Tiendas<\/h3><div class=\"lsow-service-details\">Las tiendas abren alrededor de las 10:00 hasta las 19:00 (algunas cierran a la hora del almuerzo, de 13:00 a 15:00).<\/div><\/div><!-- .lsow-service-text --><\/div><!-- .lsow-service --><\/div><!-- .lsow-service-wrapper --><div class=\"lsow-grid-item lsow-service-wrapper\"><div class=\"lsow-service\" ><div class=\"lsow-icon-wrapper\"><span class=\"sow-icon-materialicons sowm-regular\" data-sow-icon=\"&#xea9d\"\n\t\t \n\t\taria-hidden=\"true\"><\/span><\/div><div class=\"lsow-service-text\"><h3 class=\"lsow-title\">Centros comerciales<\/h3><div class=\"lsow-service-details\">Los centros comerciales suelen abrir a las 10:00 y cerrar a las 21:00.<\/div><\/div><!-- .lsow-service-text --><\/div><!-- .lsow-service --><\/div><!-- .lsow-service-wrapper --><\/div><!-- .lsow-services --><div class=\"lsow-clear\"><\/div><\/div><\/div><\/div><\/div><\/div><div id=\"pg-1032-2\"  class=\"panel-grid panel-no-style\" ><div id=\"pgc-1032-2-0\"  class=\"panel-grid-cell\" ><div id=\"panel-1032-2-0-0\" class=\"so-panel widget widget_sow-editor panel-first-child panel-last-child\" data-index=\"9\" ><div\n\t\t\t\n\t\t\tclass=\"so-widget-sow-editor so-widget-sow-editor-base\"\n\t\t\t\n\t\t><h3 class=\"widget-title\">ANTES DEL VIAJE<\/h3>\n<div class=\"siteorigin-widget-tinymce textwidget\">\n\t<p>\u00bb Para ingresar a Chile, debe completar una Declaraci\u00f3n Jurada para el Servicio Agr\u00edcola y Ganadero (SAG) de Chile, indicando si lleva consigo: animales, vegetales, productos, partes o subproductos de origen animal y\/o vegetal. Puede completarla en l\u00ednea en <strong><a class=\"c-link\" href=\"http:\/\/www.ingresoachile.cl\/\" target=\"_blank\" rel=\"noopener noreferrer\" data-stringify-link=\"http:\/\/www.ingresoachile.cl\" data-sk=\"tooltip_parent\">www.ingresoachile.cl<\/a><\/strong>, o en formularios impresos disponibles en los puntos de entrada.<br aria-hidden=\"true\" \/>\u00bb Reserve servicios formales y oficiales. Busque diferentes alternativas de alojamiento y actividades tur\u00edsticas en el Registro Nacional de Prestadores de Servicios Tur\u00edsticos del pa\u00eds\u00a0<strong><a class=\"c-link\" href=\"http:\/\/www.serviciosturisticos.sernatur.cl\/\" target=\"_blank\" rel=\"noopener noreferrer\" data-stringify-link=\"http:\/\/www.serviciosturisticos.sernatur.cl\" data-sk=\"tooltip_parent\">www.serviciosturisticos.sernatur.cl<\/a><\/strong>.<br aria-hidden=\"true\" \/>\u00bb En los aeropuertos y terminales de autobuses, utilice siempre servicios de transporte formales y oficiales. En el Aeropuerto Internacional Arturo Merino Ben\u00edtez (AMB), los medios de transporte autorizados se pueden reservar en la salida de la Terminal T2, en los mostradores autorizados. Se encuentran despu\u00e9s de la recogida de equipajes y en la salida de la terminal. Preste especial atenci\u00f3n a las recomendaciones anunciadas por<br aria-hidden=\"true\" \/>los altavoces del aeropuerto.<br aria-hidden=\"true\" \/>\u00bb Compruebe los requisitos de inmigraci\u00f3n para la entrada.<br aria-hidden=\"true\" \/>\u00bb Se recomienda contratar un seguro de viaje.<br aria-hidden=\"true\" \/>\u00bb Identifique las aplicaciones de viaje para explorar y disfrutar de Chile y descargue mapas sin conexi\u00f3n en su tel\u00e9fono. Aprovechar\u00e1 al m\u00e1ximo su estancia y podr\u00e1 visitar muchas atracciones tur\u00edsticas.<\/p>\n<\/div>\n<\/div><\/div><\/div><\/div><\/div>","protected":false},"excerpt":{"rendered":"<p>You can book directly from the website www.wetransport.cl or the APP Every passenger must follow the norms and instructions of immigration and customs authorities. It\u2019s very important to read all instructions and the list of forbidden elements (custom form will be received in the aircraft before landing in Chile). It can be completed through an&#8230;<\/p>\n<div class=\"more-link-wrapper\"><a class=\"more-link\" href=\"https:\/\/www.idfwds2025.com\/es\/arrival-in-chile\/\"><span class=\"more-text\">Sigue leyendo<\/span><\/a><\/div>","protected":false},"author":1,"featured_media":0,"parent":0,"menu_order":0,"comment_status":"closed","ping_status":"closed","template":"","meta":{"footnotes":""},"class_list":["post-1032","page","type-page","status-publish","hentry","post"],"_links":{"self":[{"href":"https:\/\/www.idfwds2025.com\/es\/wp-json\/wp\/v2\/pages\/1032","targetHints":{"allow":["GET"]}}],"collection":[{"href":"https:\/\/www.idfwds2025.com\/es\/wp-json\/wp\/v2\/pages"}],"about":[{"href":"https:\/\/www.idfwds2025.com\/es\/wp-json\/wp\/v2\/types\/page"}],"author":[{"embeddable":true,"href":"https:\/\/www.idfwds2025.com\/es\/wp-json\/wp\/v2\/users\/1"}],"replies":[{"embeddable":true,"href":"https:\/\/www.idfwds2025.com\/es\/wp-json\/wp\/v2\/comments?post=1032"}],"version-history":[{"count":5,"href":"https:\/\/www.idfwds2025.com\/es\/wp-json\/wp\/v2\/pages\/1032\/revisions"}],"predecessor-version":[{"id":1040,"href":"https:\/\/www.idfwds2025.com\/es\/wp-json\/wp\/v2\/pages\/1032\/revisions\/1040"}],"wp:attachment":[{"href":"https:\/\/www.idfwds2025.com\/es\/wp-json\/wp\/v2\/media?parent=1032"}],"curies":[{"name":"wp","href":"https:\/\/api.w.org\/{rel}","templated":true}]}}