{"id":1017,"date":"2025-10-09T13:50:20","date_gmt":"2025-10-09T16:50:20","guid":{"rendered":"https:\/\/www.idfwds2025.com\/?page_id=1017"},"modified":"2025-10-09T15:11:55","modified_gmt":"2025-10-09T18:11:55","slug":"discover-santiago","status":"publish","type":"page","link":"https:\/\/www.idfwds2025.com\/es\/discover-santiago\/","title":{"rendered":"Descubre Santiago"},"content":{"rendered":"<div id=\"pl-1017\"  class=\"panel-layout\" ><div id=\"pg-1017-0\"  class=\"panel-grid panel-no-style\" ><div id=\"pgc-1017-0-0\"  class=\"panel-grid-cell\" ><div id=\"panel-1017-0-0-0\" class=\"so-panel widget widget_sow-headline panel-first-child\" data-index=\"0\" ><div class=\"panel-widget-style panel-widget-style-for-1017-0-0-0\" ><div\n\t\t\t\n\t\t\tclass=\"so-widget-sow-headline so-widget-sow-headline-default-f953e2068b05-1017\"\n\t\t\t\n\t\t><div class=\"sow-headline-container\">\n\t\t\t\t\t\t\t<h1 class=\"sow-headline translation-block\"><b>TURISMO<\/b> EN SANTIAGO<\/h1>\n\t\t\t\t\t\t\t\t\t\t\t<div class=\"decoration\">\n\t\t\t\t\t\t<div class=\"decoration-inside\"><\/div>\n\t\t\t\t\t<\/div>\n\t\t\t\t\t<\/div>\n<\/div><\/div><\/div><div id=\"panel-1017-0-0-1\" class=\"so-panel widget widget_sow-editor\" data-index=\"1\" ><div\n\t\t\t\n\t\t\tclass=\"so-widget-sow-editor so-widget-sow-editor-base\"\n\t\t\t\n\t\t>\n<div class=\"siteorigin-widget-tinymce textwidget\">\n\t<p>Durante tu estad\u00eda en Santiago, aprovecha la oportunidad de descubrir la ciudad y sus alrededores con las mejores experiencias tur\u00edsticas.<\/p>\n<p>Turistik, empresa l\u00edder en tours y experiencias urbanas, ofrece a los asistentes del IDF World Dairy Summit 2025 un 5% de descuento en tours seleccionados al comprar directamente a trav\u00e9s del sitio web oficial:<\/p>\n<\/div>\n<\/div><\/div><div id=\"panel-1017-0-0-2\" class=\"so-panel widget widget_sow-button panel-last-child\" data-index=\"2\" ><div\n\t\t\t\n\t\t\tclass=\"so-widget-sow-button so-widget-sow-button-flat-36e22cfc6189-1017\"\n\t\t\t\n\t\t><div class=\"ow-button-base ow-button-align-center\"\n>\n\t\t\t<a\n\t\t\t\t\thref=\"https:\/\/turistik.com\/en\/especial\/idf-world-dairy-summit-2025\/\"\n\t\t\t\t\tclass=\"sowb-button ow-icon-placement-left ow-button-hover\" target=\"_blank\" rel=\"noopener noreferrer\" \t>\n\t\t<span>\n\t\t\t<span class=\"sow-icon-fontawesome sow-far\" data-sow-icon=\"&#xf274;\"\n\t\tstyle=\"\" \n\t\taria-hidden=\"true\"><\/span>\n\t\t\tReservar Tours\t\t<\/span>\n\t\t\t<\/a>\n\t<\/div>\n<\/div><\/div><\/div><\/div><div id=\"pg-1017-1\"  class=\"panel-grid panel-no-style\" ><div id=\"pgc-1017-1-0\"  class=\"panel-grid-cell\" ><div id=\"panel-1017-1-0-0\" class=\"so-panel widget widget_sow-headline panel-first-child\" data-index=\"3\" ><div\n\t\t\t\n\t\t\tclass=\"so-widget-sow-headline so-widget-sow-headline-default-ec1eb4cebc48-1017\"\n\t\t\t\n\t\t><div class=\"sow-headline-container\">\n\t\t\t\t\t\t\t<h2 class=\"sow-headline\">\n\t\t\t\t\t\tValpara\u00edso\t\t\t\t\t\t<\/h2>\n\t\t\t\t\t\t\t\t\t\t\t<div class=\"decoration\">\n\t\t\t\t\t\t<div class=\"decoration-inside\"><\/div>\n\t\t\t\t\t<\/div>\n\t\t\t\t\t<\/div>\n<\/div><\/div><div id=\"panel-1017-1-0-1\" class=\"so-panel widget widget_sow-slider panel-last-child\" data-index=\"4\" ><div\n\t\t\t\n\t\t\tclass=\"so-widget-sow-slider so-widget-sow-slider-default-fba029157eaf-1017\"\n\t\t\t\n\t\t>\t\t\t\t<div class=\"sow-slider-base\" style=\"display: none\" tabindex=\"0\">\n\t\t\t\t\t<ul\n\t\t\t\t\tclass=\"sow-slider-images\"\n\t\t\t\t\tdata-settings=\"{&quot;pagination&quot;:true,&quot;speed&quot;:400,&quot;timeout&quot;:8000,&quot;paused&quot;:false,&quot;pause_on_hover&quot;:false,&quot;swipe&quot;:true,&quot;nav_always_show_desktop&quot;:&quot;&quot;,&quot;nav_always_show_mobile&quot;:&quot;&quot;,&quot;breakpoint&quot;:&quot;780px&quot;,&quot;unmute&quot;:false,&quot;anchor&quot;:null}\"\n\t\t\t\t\t\t\t\t\t\tdata-anchor-id=\"\"\n\t\t\t\t>\t\t<li class=\"sow-slider-image\" style=\"visibility: visible;\" >\n\t\t\t\t\t\t<img fetchpriority=\"high\" decoding=\"async\" width=\"576\" height=\"560\" src=\"https:\/\/www.idfwds2025.com\/wp-content\/uploads\/2025\/10\/discover-1.png\" class=\"sow-slider-background-image\" alt=\"\" style=\"height: 450px; width: auto; margin: 0 auto;\" srcset=\"https:\/\/www.idfwds2025.com\/wp-content\/uploads\/2025\/10\/discover-1.png 576w, https:\/\/www.idfwds2025.com\/wp-content\/uploads\/2025\/10\/discover-1-300x292.png 300w, https:\/\/www.idfwds2025.com\/wp-content\/uploads\/2025\/10\/discover-1-12x12.png 12w\" sizes=\"(max-width: 576px) 100vw, 576px\" \/>\t\t<\/li>\n\t\t\t\t<li class=\"sow-slider-image\" style=\"visibility: hidden;\" >\n\t\t\t\t\t\t<img decoding=\"async\" width=\"578\" height=\"528\" src=\"https:\/\/www.idfwds2025.com\/wp-content\/uploads\/2025\/10\/discover-2.png\" class=\"sow-slider-background-image\" alt=\"\" style=\"height: 450px; width: auto; margin: 0 auto;\" srcset=\"https:\/\/www.idfwds2025.com\/wp-content\/uploads\/2025\/10\/discover-2.png 578w, https:\/\/www.idfwds2025.com\/wp-content\/uploads\/2025\/10\/discover-2-300x274.png 300w, https:\/\/www.idfwds2025.com\/wp-content\/uploads\/2025\/10\/discover-2-13x12.png 13w\" sizes=\"(max-width: 578px) 100vw, 578px\" \/>\t\t<\/li>\n\t\t<\/ul>\t\t\t\t<ol class=\"sow-slider-pagination\">\n\t\t\t\t\t\t\t\t\t\t\t<li><a href=\"#\" data-goto=\"0\" aria-label=\"Mostrar diapositiva 1\"><\/a><\/li>\n\t\t\t\t\t\t\t\t\t\t\t<li><a href=\"#\" data-goto=\"1\" aria-label=\"Mostrar diapositiva 2\"><\/a><\/li>\n\t\t\t\t\t\t\t\t\t<\/ol>\n\n\t\t\t\t<div class=\"sow-slide-nav sow-slide-nav-next\">\n\t\t\t\t\t<a href=\"#\" data-goto=\"next\" aria-label=\"Diapositiva siguiente\" data-action=\"next\">\n\t\t\t\t\t\t<em class=\"sow-sld-icon-thin-right\"><\/em>\n\t\t\t\t\t<\/a>\n\t\t\t\t<\/div>\n\n\t\t\t\t<div class=\"sow-slide-nav sow-slide-nav-prev\">\n\t\t\t\t\t<a href=\"#\" data-goto=\"previous\" aria-label=\"Diapositiva anterior\" data-action=\"prev\">\n\t\t\t\t\t\t<em class=\"sow-sld-icon-thin-left\"><\/em>\n\t\t\t\t\t<\/a>\n\t\t\t\t<\/div>\n\t\t\t\t<\/div><\/div><\/div><\/div><div id=\"pgc-1017-1-1\"  class=\"panel-grid-cell\" ><div id=\"panel-1017-1-1-0\" class=\"so-panel widget widget_sow-headline panel-first-child\" data-index=\"5\" ><div\n\t\t\t\n\t\t\tclass=\"so-widget-sow-headline so-widget-sow-headline-default-ec1eb4cebc48-1017\"\n\t\t\t\n\t\t><div class=\"sow-headline-container\">\n\t\t\t\t\t\t\t<h2 class=\"sow-headline\">\n\t\t\t\t\t\tSantiago\t\t\t\t\t\t<\/h2>\n\t\t\t\t\t\t\t\t\t\t\t<div class=\"decoration\">\n\t\t\t\t\t\t<div class=\"decoration-inside\"><\/div>\n\t\t\t\t\t<\/div>\n\t\t\t\t\t<\/div>\n<\/div><\/div><div id=\"panel-1017-1-1-1\" class=\"so-panel widget widget_sow-slider panel-last-child\" data-index=\"6\" ><div\n\t\t\t\n\t\t\tclass=\"so-widget-sow-slider so-widget-sow-slider-default-fba029157eaf-1017\"\n\t\t\t\n\t\t>\t\t\t\t<div class=\"sow-slider-base\" style=\"display: none\" tabindex=\"0\">\n\t\t\t\t\t<ul\n\t\t\t\t\tclass=\"sow-slider-images\"\n\t\t\t\t\tdata-settings=\"{&quot;pagination&quot;:true,&quot;speed&quot;:400,&quot;timeout&quot;:8000,&quot;paused&quot;:false,&quot;pause_on_hover&quot;:false,&quot;swipe&quot;:true,&quot;nav_always_show_desktop&quot;:&quot;&quot;,&quot;nav_always_show_mobile&quot;:&quot;&quot;,&quot;breakpoint&quot;:&quot;780px&quot;,&quot;unmute&quot;:false,&quot;anchor&quot;:null}\"\n\t\t\t\t\t\t\t\t\t\tdata-anchor-id=\"\"\n\t\t\t\t>\t\t<li class=\"sow-slider-image\" style=\"visibility: visible;\" >\n\t\t\t\t\t\t<img decoding=\"async\" width=\"579\" height=\"506\" src=\"https:\/\/www.idfwds2025.com\/wp-content\/uploads\/2025\/10\/discover-3.png\" class=\"sow-slider-background-image\" alt=\"\" style=\"height: 450px; width: auto; margin: 0 auto;\" srcset=\"https:\/\/www.idfwds2025.com\/wp-content\/uploads\/2025\/10\/discover-3.png 579w, https:\/\/www.idfwds2025.com\/wp-content\/uploads\/2025\/10\/discover-3-300x262.png 300w, https:\/\/www.idfwds2025.com\/wp-content\/uploads\/2025\/10\/discover-3-14x12.png 14w\" sizes=\"(max-width: 579px) 100vw, 579px\" \/>\t\t<\/li>\n\t\t\t\t<li class=\"sow-slider-image\" style=\"visibility: hidden;\" >\n\t\t\t\t\t\t<img loading=\"lazy\" decoding=\"async\" width=\"583\" height=\"467\" src=\"https:\/\/www.idfwds2025.com\/wp-content\/uploads\/2025\/10\/discover-4.png\" class=\"sow-slider-background-image\" alt=\"\" style=\"height: 450px; width: auto; margin: 0 auto;\" srcset=\"https:\/\/www.idfwds2025.com\/wp-content\/uploads\/2025\/10\/discover-4.png 583w, https:\/\/www.idfwds2025.com\/wp-content\/uploads\/2025\/10\/discover-4-300x240.png 300w, https:\/\/www.idfwds2025.com\/wp-content\/uploads\/2025\/10\/discover-4-15x12.png 15w\" sizes=\"(max-width: 583px) 100vw, 583px\" \/>\t\t<\/li>\n\t\t<\/ul>\t\t\t\t<ol class=\"sow-slider-pagination\">\n\t\t\t\t\t\t\t\t\t\t\t<li><a href=\"#\" data-goto=\"0\" aria-label=\"Mostrar diapositiva 1\"><\/a><\/li>\n\t\t\t\t\t\t\t\t\t\t\t<li><a href=\"#\" data-goto=\"1\" aria-label=\"Mostrar diapositiva 2\"><\/a><\/li>\n\t\t\t\t\t\t\t\t\t<\/ol>\n\n\t\t\t\t<div class=\"sow-slide-nav sow-slide-nav-next\">\n\t\t\t\t\t<a href=\"#\" data-goto=\"next\" aria-label=\"Diapositiva siguiente\" data-action=\"next\">\n\t\t\t\t\t\t<em class=\"sow-sld-icon-thin-right\"><\/em>\n\t\t\t\t\t<\/a>\n\t\t\t\t<\/div>\n\n\t\t\t\t<div class=\"sow-slide-nav sow-slide-nav-prev\">\n\t\t\t\t\t<a href=\"#\" data-goto=\"previous\" aria-label=\"Diapositiva anterior\" data-action=\"prev\">\n\t\t\t\t\t\t<em class=\"sow-sld-icon-thin-left\"><\/em>\n\t\t\t\t\t<\/a>\n\t\t\t\t<\/div>\n\t\t\t\t<\/div><\/div><\/div><\/div><\/div><div id=\"pg-1017-2\"  class=\"panel-grid panel-no-style\" ><div id=\"pgc-1017-2-0\"  class=\"panel-grid-cell\" ><div id=\"panel-1017-2-0-0\" class=\"so-panel widget widget_sow-editor panel-first-child panel-last-child\" data-index=\"7\" ><div\n\t\t\t\n\t\t\tclass=\"so-widget-sow-editor so-widget-sow-editor-base\"\n\t\t\t\n\t\t>\n<div class=\"siteorigin-widget-tinymce textwidget\">\n\t<p>Disfruta de recorridos por los principales atractivos de Santiago, como el Cerro San Crist\u00f3bal, el Barrio Lastarria, vi\u00f1as tradicionales y experiencias gastron\u00f3micas \u00fanicas. Todos los tours incluyen transporte, gu\u00eda profesional y la posibilidad de reservar en l\u00ednea con facilidad y seguridad.<\/p>\n<p>Adem\u00e1s, te invitamos a vivir una experiencia distinta junto a Rollin Chile, una empresa local que combina la exploraci\u00f3n urbana y natural en tours en scooter el\u00e9ctrico. Guiados por expertos locales biling\u00fces, descubrir\u00e1s rincones escondidos, vistas panor\u00e1micas y una forma divertida y sostenible de recorrer la ciudad.<\/p>\n<\/div>\n<\/div><\/div><\/div><\/div><div id=\"pg-1017-3\"  class=\"panel-grid panel-no-style\" ><div id=\"pgc-1017-3-0\"  class=\"panel-grid-cell\" ><div id=\"panel-1017-3-0-0\" class=\"so-panel widget widget_sow-headline panel-first-child panel-last-child\" data-index=\"8\" ><div\n\t\t\t\n\t\t\tclass=\"so-widget-sow-headline so-widget-sow-headline-default-ec1eb4cebc48-1017\"\n\t\t\t\n\t\t><div class=\"sow-headline-container\">\n\t\t\t\t\t\t\t<h2 class=\"sow-headline\">\n\t\t\t\t\t\tTours destacados Rollin Chile\t\t\t\t\t\t<\/h2>\n\t\t\t\t\t\t\t\t\t\t\t<div class=\"decoration\">\n\t\t\t\t\t\t<div class=\"decoration-inside\"><\/div>\n\t\t\t\t\t<\/div>\n\t\t\t\t\t<\/div>\n<\/div><\/div><\/div><\/div><div id=\"pg-1017-4\"  class=\"panel-grid panel-no-style\" ><div id=\"pgc-1017-4-0\"  class=\"panel-grid-cell\" ><div id=\"panel-1017-4-0-0\" class=\"so-panel widget widget_sow-editor panel-first-child panel-last-child\" data-index=\"9\" ><div\n\t\t\t\n\t\t\tclass=\"so-widget-sow-editor so-widget-sow-editor-base\"\n\t\t\t\n\t\t>\n<div class=\"siteorigin-widget-tinymce textwidget\">\n\t<ul>\n<li>Ruta 1: Naturaleza y Urbanismo (4,5 hrs) \u2013 $65.000 CLP<br \/>\nDescubre hitos naturales, hist\u00f3ricos y urbanos, conectando con la historia, la naturaleza y el paisaje monta\u00f1oso.<\/li>\n<li>Ruta 2: Aventura San Crist\u00f3bal (3,5 hrs) \u2013 $55.000 CLP<br \/>\nSum\u00e9rgete en el Cerro San Crist\u00f3bal y el barrio Pedro de Valdivia Norte, la joya urbana de Providencia.<\/li>\n<li>Ruta 3: Precordillera de Los Andes (3,5 hrs) \u2013 $68.000 CLP<br \/>\nExplora la magia de la precordillera, los museos y el Centro Artesanal Los Dominicos.<\/li>\n<\/ul>\n<p>Todos los tours incluyen gu\u00eda biling\u00fce, equipamiento, snack tradicional y entradas a las atracciones.<\/p>\n<p>\ud83d\udccd M\u00e1s informaci\u00f3n y reservas: www.rollinchile.cl<br \/>\n\ud83d\udce7 macarena@rollinchile.cl | \ud83d\udcde +56 9 4412 2110<br \/>\n\ud83d\udcf8 Descubre m\u00e1s en su canal de YouTube: <strong><a href=\"https:\/\/www.youtube.com\/@rollin_chile\" target=\"_blank\" rel=\"noopener\">https:\/\/www.youtube.com\/@rollin_chile<\/a><\/strong><\/p>\n<\/div>\n<\/div><\/div><\/div><div id=\"pgc-1017-4-1\"  class=\"panel-grid-cell\" ><div id=\"panel-1017-4-1-0\" class=\"so-panel widget widget_sow-slider panel-first-child panel-last-child\" data-index=\"10\" ><div\n\t\t\t\n\t\t\tclass=\"so-widget-sow-slider so-widget-sow-slider-default-fba029157eaf-1017\"\n\t\t\t\n\t\t>\t\t\t\t<div class=\"sow-slider-base\" style=\"display: none\" tabindex=\"0\">\n\t\t\t\t\t<ul\n\t\t\t\t\tclass=\"sow-slider-images\"\n\t\t\t\t\tdata-settings=\"{&quot;pagination&quot;:true,&quot;speed&quot;:400,&quot;timeout&quot;:8000,&quot;paused&quot;:false,&quot;pause_on_hover&quot;:false,&quot;swipe&quot;:true,&quot;nav_always_show_desktop&quot;:&quot;&quot;,&quot;nav_always_show_mobile&quot;:&quot;&quot;,&quot;breakpoint&quot;:&quot;780px&quot;,&quot;unmute&quot;:false,&quot;anchor&quot;:null}\"\n\t\t\t\t\t\t\t\t\t\tdata-anchor-id=\"\"\n\t\t\t\t>\t\t<li class=\"sow-slider-image\" style=\"visibility: visible;\" >\n\t\t\t\t\t\t<img loading=\"lazy\" decoding=\"async\" width=\"468\" height=\"623\" src=\"https:\/\/www.idfwds2025.com\/wp-content\/uploads\/2025\/10\/imagen-1-last-carrosuel.jpg\" class=\"sow-slider-background-image\" alt=\"\" style=\"height: 450px; width: auto; margin: 0 auto;\" srcset=\"https:\/\/www.idfwds2025.com\/wp-content\/uploads\/2025\/10\/imagen-1-last-carrosuel.jpg 468w, https:\/\/www.idfwds2025.com\/wp-content\/uploads\/2025\/10\/imagen-1-last-carrosuel-225x300.jpg 225w, https:\/\/www.idfwds2025.com\/wp-content\/uploads\/2025\/10\/imagen-1-last-carrosuel-9x12.jpg 9w\" sizes=\"(max-width: 468px) 100vw, 468px\" \/>\t\t<\/li>\n\t\t\t\t<li class=\"sow-slider-image\" style=\"visibility: hidden;\" >\n\t\t\t\t\t\t<img loading=\"lazy\" decoding=\"async\" width=\"353\" height=\"470\" src=\"https:\/\/www.idfwds2025.com\/wp-content\/uploads\/2025\/10\/imagen-2-last-carrousel.jpg\" class=\"sow-slider-background-image\" alt=\"\" style=\"height: 450px; width: auto; margin: 0 auto;\" srcset=\"https:\/\/www.idfwds2025.com\/wp-content\/uploads\/2025\/10\/imagen-2-last-carrousel.jpg 353w, https:\/\/www.idfwds2025.com\/wp-content\/uploads\/2025\/10\/imagen-2-last-carrousel-225x300.jpg 225w, https:\/\/www.idfwds2025.com\/wp-content\/uploads\/2025\/10\/imagen-2-last-carrousel-9x12.jpg 9w\" sizes=\"(max-width: 353px) 100vw, 353px\" \/>\t\t<\/li>\n\t\t\t\t<li class=\"sow-slider-image\" style=\"visibility: hidden;\" >\n\t\t\t\t\t\t<img loading=\"lazy\" decoding=\"async\" width=\"347\" height=\"462\" src=\"https:\/\/www.idfwds2025.com\/wp-content\/uploads\/2025\/10\/imagen-3-last-carrousel.jpg\" class=\"sow-slider-background-image\" alt=\"\" style=\"height: 450px; width: auto; margin: 0 auto;\" srcset=\"https:\/\/www.idfwds2025.com\/wp-content\/uploads\/2025\/10\/imagen-3-last-carrousel.jpg 347w, https:\/\/www.idfwds2025.com\/wp-content\/uploads\/2025\/10\/imagen-3-last-carrousel-225x300.jpg 225w, https:\/\/www.idfwds2025.com\/wp-content\/uploads\/2025\/10\/imagen-3-last-carrousel-9x12.jpg 9w\" sizes=\"(max-width: 347px) 100vw, 347px\" \/>\t\t<\/li>\n\t\t<\/ul>\t\t\t\t<ol class=\"sow-slider-pagination\">\n\t\t\t\t\t\t\t\t\t\t\t<li><a href=\"#\" data-goto=\"0\" aria-label=\"Mostrar diapositiva 1\"><\/a><\/li>\n\t\t\t\t\t\t\t\t\t\t\t<li><a href=\"#\" data-goto=\"1\" aria-label=\"Mostrar diapositiva 2\"><\/a><\/li>\n\t\t\t\t\t\t\t\t\t\t\t<li><a href=\"#\" data-goto=\"2\" aria-label=\"Mostrar diapositiva 3\"><\/a><\/li>\n\t\t\t\t\t\t\t\t\t<\/ol>\n\n\t\t\t\t<div class=\"sow-slide-nav sow-slide-nav-next\">\n\t\t\t\t\t<a href=\"#\" data-goto=\"next\" aria-label=\"Diapositiva siguiente\" data-action=\"next\">\n\t\t\t\t\t\t<em class=\"sow-sld-icon-thin-right\"><\/em>\n\t\t\t\t\t<\/a>\n\t\t\t\t<\/div>\n\n\t\t\t\t<div class=\"sow-slide-nav sow-slide-nav-prev\">\n\t\t\t\t\t<a href=\"#\" data-goto=\"previous\" aria-label=\"Diapositiva anterior\" data-action=\"prev\">\n\t\t\t\t\t\t<em class=\"sow-sld-icon-thin-left\"><\/em>\n\t\t\t\t\t<\/a>\n\t\t\t\t<\/div>\n\t\t\t\t<\/div><\/div><\/div><\/div><\/div><\/div>","protected":false},"excerpt":{"rendered":"<p>During your stay in Santiago, take the opportunity to explore the city and its surroundings with world-class experiences. Turistik, Chile\u2019s leading tour company, offers 5% off selected tours for IDF World Dairy Summit 2025 participants when booking through the official website:<\/p>","protected":false},"author":1,"featured_media":0,"parent":0,"menu_order":0,"comment_status":"closed","ping_status":"closed","template":"","meta":{"footnotes":""},"class_list":["post-1017","page","type-page","status-publish","hentry","post"],"_links":{"self":[{"href":"https:\/\/www.idfwds2025.com\/es\/wp-json\/wp\/v2\/pages\/1017","targetHints":{"allow":["GET"]}}],"collection":[{"href":"https:\/\/www.idfwds2025.com\/es\/wp-json\/wp\/v2\/pages"}],"about":[{"href":"https:\/\/www.idfwds2025.com\/es\/wp-json\/wp\/v2\/types\/page"}],"author":[{"embeddable":true,"href":"https:\/\/www.idfwds2025.com\/es\/wp-json\/wp\/v2\/users\/1"}],"replies":[{"embeddable":true,"href":"https:\/\/www.idfwds2025.com\/es\/wp-json\/wp\/v2\/comments?post=1017"}],"version-history":[{"count":6,"href":"https:\/\/www.idfwds2025.com\/es\/wp-json\/wp\/v2\/pages\/1017\/revisions"}],"predecessor-version":[{"id":1031,"href":"https:\/\/www.idfwds2025.com\/es\/wp-json\/wp\/v2\/pages\/1017\/revisions\/1031"}],"wp:attachment":[{"href":"https:\/\/www.idfwds2025.com\/es\/wp-json\/wp\/v2\/media?parent=1017"}],"curies":[{"name":"wp","href":"https:\/\/api.w.org\/{rel}","templated":true}]}}