{"id":1009,"date":"2025-10-09T12:38:40","date_gmt":"2025-10-09T15:38:40","guid":{"rendered":"https:\/\/www.idfwds2025.com\/?page_id=1009"},"modified":"2025-10-09T18:05:43","modified_gmt":"2025-10-09T21:05:43","slug":"social-event","status":"publish","type":"page","link":"https:\/\/www.idfwds2025.com\/es\/social-event\/","title":{"rendered":"Eventos Sociales"},"content":{"rendered":"<div id=\"pl-1009\"  class=\"panel-layout\" ><div id=\"pg-1009-0\"  class=\"panel-grid panel-no-style\" ><div id=\"pgc-1009-0-0\"  class=\"panel-grid-cell\" ><div id=\"panel-1009-0-0-0\" class=\"so-panel widget widget_sow-headline panel-first-child panel-last-child\" data-index=\"0\" ><div class=\"panel-widget-style panel-widget-style-for-1009-0-0-0\" ><div\n\t\t\t\n\t\t\tclass=\"so-widget-sow-headline so-widget-sow-headline-default-f953e2068b05-1009\"\n\t\t\t\n\t\t><div class=\"sow-headline-container\">\n\t\t\t\t\t\t\t<h1 class=\"sow-headline translation-block\"><b>EVENTOS<\/b> SOCIALES<\/h1>\n\t\t\t\t\t\t\t\t\t\t\t<div class=\"decoration\">\n\t\t\t\t\t\t<div class=\"decoration-inside\"><\/div>\n\t\t\t\t\t<\/div>\n\t\t\t\t\t<\/div>\n<\/div><\/div><\/div><\/div><\/div><div id=\"pg-1009-1\"  class=\"panel-grid panel-no-style\" ><div id=\"pgc-1009-1-0\"  class=\"panel-grid-cell\" ><div id=\"panel-1009-1-0-0\" class=\"so-panel widget widget_sow-editor panel-first-child panel-last-child\" data-index=\"1\" ><div class=\"panel-widget-style panel-widget-style-for-1009-1-0-0\" ><div\n\t\t\t\n\t\t\tclass=\"so-widget-sow-editor so-widget-sow-editor-base\"\n\t\t\t\n\t\t>\n<div class=\"siteorigin-widget-tinymce textwidget\">\n\t<p style=\"padding-left: 40px;\"><span style=\"color: #ffffff;\"><strong>Recepci\u00f3n de bienvenida - Domingo, 19 de octubre<\/strong><\/span><\/p>\n<\/div>\n<\/div><\/div><\/div><\/div><\/div><div id=\"pg-1009-2\"  class=\"panel-grid panel-no-style\" ><div id=\"pgc-1009-2-0\"  class=\"panel-grid-cell\" ><div id=\"panel-1009-2-0-0\" class=\"so-panel widget widget_sow-editor panel-first-child panel-last-child\" data-index=\"2\" ><div\n\t\t\t\n\t\t\tclass=\"so-widget-sow-editor so-widget-sow-editor-base\"\n\t\t\t\n\t\t>\n<div class=\"siteorigin-widget-tinymce textwidget\">\n\t<p>La Recepci\u00f3n de Bienvenida se llevar\u00e1 a cabo en la ic\u00f3nica Vi\u00f1a Concha y Toro, ubicada en el coraz\u00f3n del valle de Pirque, reconocida mundialmente por su tradici\u00f3n vitivin\u00edcola y su entorno natural incomparable. \nLos asistentes disfrutar\u00e1n de un c\u00f3ctel al atardecer con productos locales y una selecci\u00f3n de vinos chilenos, mientras recorren su museo y las bodegas hist\u00f3ricas de la vi\u00f1a. Ser\u00e1 la ocasi\u00f3n perfecta para dar inicio a la cumbre y reencontrarse con colegas en un ambiente relajado y elegante.<\/p>\n<\/div>\n<\/div><\/div><\/div><div id=\"pgc-1009-2-1\"  class=\"panel-grid-cell\" ><div id=\"panel-1009-2-1-0\" class=\"so-panel widget widget_sow-image panel-first-child panel-last-child\" data-index=\"3\" ><div\n\t\t\t\n\t\t\tclass=\"so-widget-sow-image so-widget-sow-image-default-8b5b6f678277-1009\"\n\t\t\t\n\t\t>\n<div class=\"sow-image-container\">\n\t\t<img fetchpriority=\"high\" \n\tsrc=\"https:\/\/www.idfwds2025.com\/wp-content\/uploads\/2025\/10\/IMAGEN-1-SOCIAL-EVENT.jpg\" width=\"667\" height=\"445\" srcset=\"https:\/\/www.idfwds2025.com\/wp-content\/uploads\/2025\/10\/IMAGEN-1-SOCIAL-EVENT.jpg 667w, https:\/\/www.idfwds2025.com\/wp-content\/uploads\/2025\/10\/IMAGEN-1-SOCIAL-EVENT-300x200.jpg 300w, https:\/\/www.idfwds2025.com\/wp-content\/uploads\/2025\/10\/IMAGEN-1-SOCIAL-EVENT-18x12.jpg 18w, https:\/\/www.idfwds2025.com\/wp-content\/uploads\/2025\/10\/IMAGEN-1-SOCIAL-EVENT-263x174.jpg 263w, https:\/\/www.idfwds2025.com\/wp-content\/uploads\/2025\/10\/IMAGEN-1-SOCIAL-EVENT-272x182.jpg 272w, https:\/\/www.idfwds2025.com\/wp-content\/uploads\/2025\/10\/IMAGEN-1-SOCIAL-EVENT-360x240.jpg 360w\" sizes=\"(max-width: 667px) 100vw, 667px\" title=\"IMAGEN 1 SOCIAL EVENT\" alt=\"\" \t\tclass=\"so-widget-image\"\/>\n\t<\/div>\n\n<\/div><\/div><\/div><\/div><div id=\"pg-1009-3\"  class=\"panel-grid panel-no-style\" ><div id=\"pgc-1009-3-0\"  class=\"panel-grid-cell\" ><div id=\"panel-1009-3-0-0\" class=\"so-panel widget widget_sow-editor panel-first-child panel-last-child\" data-index=\"4\" ><div\n\t\t\t\n\t\t\tclass=\"so-widget-sow-editor so-widget-sow-editor-base\"\n\t\t\t\n\t\t>\n<div class=\"siteorigin-widget-tinymce textwidget\">\n\t<p><strong>Informaci\u00f3n pr\u00e1ctica:<\/strong><br \/>\nFecha: Domingo, 19 de Octubre<br \/>\nLugar: Vi\u00f1a Concha y Toro, Pirque<br \/>\nSalida de buses: 16:30 desde el Hotel Intercontinental Santiago (Av. Vitacura 2885, Las Condes)<br \/>\nHorario de la actividad: 18:00 \u2013 21:00<br \/>\nRegreso: Desde las 21:00<br \/>\nDress code: Smart casual, con una prenda abrigada y zapatos c\u00f3modos.<\/p>\n<\/div>\n<\/div><\/div><\/div><div id=\"pgc-1009-3-1\"  class=\"panel-grid-cell\" ><div id=\"panel-1009-3-1-0\" class=\"so-panel widget widget_sow-editor panel-first-child panel-last-child\" data-index=\"5\" ><div\n\t\t\t\n\t\t\tclass=\"so-widget-sow-editor so-widget-sow-editor-base\"\n\t\t\t\n\t\t>\n<div class=\"siteorigin-widget-tinymce textwidget\">\n\t<p><strong>Important information<\/strong><br \/>\nTodo participante deber\u00e1 portar su credencial oficial para ingresar al evento.<br \/>\nEl proceso de acreditaci\u00f3n estar\u00e1 disponible el domingo 19 de octubre a partir de las 10:00 horas.<br \/>\nSe recomienda asistir con anticipaci\u00f3n para realizar la acreditaci\u00f3n y evitar demoras al momento de abordar los buses de transporte hacia las actividades del evento.<\/p>\n<p>&nbsp;<\/p>\n<p>&nbsp;<\/p>\n<\/div>\n<\/div><\/div><\/div><\/div><div id=\"pg-1009-4\"  class=\"panel-grid panel-no-style\" ><div id=\"pgc-1009-4-0\"  class=\"panel-grid-cell\" ><div id=\"panel-1009-4-0-0\" class=\"so-panel widget widget_sow-editor panel-first-child panel-last-child\" data-index=\"6\" ><div class=\"panel-widget-style panel-widget-style-for-1009-4-0-0\" ><div\n\t\t\t\n\t\t\tclass=\"so-widget-sow-editor so-widget-sow-editor-base\"\n\t\t\t\n\t\t>\n<div class=\"siteorigin-widget-tinymce textwidget\">\n\t<p style=\"padding-left: 40px;\"><span style=\"color: #ffffff;\"><strong>Cena de Productores \u2013 Martes 21 de octubre<\/strong><\/span><\/p>\n<\/div>\n<\/div><\/div><\/div><\/div><\/div><div id=\"pg-1009-5\"  class=\"panel-grid panel-no-style\" ><div id=\"pgc-1009-5-0\"  class=\"panel-grid-cell\" ><div id=\"panel-1009-5-0-0\" class=\"so-panel widget widget_sow-editor panel-first-child panel-last-child\" data-index=\"7\" ><div\n\t\t\t\n\t\t\tclass=\"so-widget-sow-editor so-widget-sow-editor-base\"\n\t\t\t\n\t\t>\n<div class=\"siteorigin-widget-tinymce textwidget\">\n\t<p>La Cena de Productores reunir\u00e1 a delegados y representantes del sector lacteo en la tradicional Casona Santa Rosa de Apoquindo, un monumento hist\u00f3rico que combina arquitectura colonial, jardines y vistas a la precordillera de los Andes. Ser\u00e1 una velada inspirada en el campo chileno, con una propuesta gastron\u00f3mica que destaca ingredientes locales y el esp\u00edritu de la producci\u00f3n sustentable. Un espacio de encuentro y camarader\u00eda para celebrar la identidad agr\u00edcola y ganadera del pa\u00eds anfitri\u00f3n.<\/p>\n<\/div>\n<\/div><\/div><\/div><div id=\"pgc-1009-5-1\"  class=\"panel-grid-cell\" ><div id=\"panel-1009-5-1-0\" class=\"so-panel widget widget_sow-image panel-first-child panel-last-child\" data-index=\"8\" ><div\n\t\t\t\n\t\t\tclass=\"so-widget-sow-image so-widget-sow-image-default-8b5b6f678277-1009\"\n\t\t\t\n\t\t>\n<div class=\"sow-image-container\">\n\t\t<img \n\tsrc=\"https:\/\/www.idfwds2025.com\/wp-content\/uploads\/2025\/10\/imagen-2-social-event.jpg\" width=\"679\" height=\"380\" srcset=\"https:\/\/www.idfwds2025.com\/wp-content\/uploads\/2025\/10\/imagen-2-social-event.jpg 679w, https:\/\/www.idfwds2025.com\/wp-content\/uploads\/2025\/10\/imagen-2-social-event-300x168.jpg 300w, https:\/\/www.idfwds2025.com\/wp-content\/uploads\/2025\/10\/imagen-2-social-event-18x10.jpg 18w\" sizes=\"(max-width: 679px) 100vw, 679px\" title=\"imagen 2 social event\" alt=\"\" \t\tclass=\"so-widget-image\"\/>\n\t<\/div>\n\n<\/div><\/div><\/div><\/div><div id=\"pg-1009-6\"  class=\"panel-grid panel-no-style\" ><div id=\"pgc-1009-6-0\"  class=\"panel-grid-cell panel-grid-cell-mobile-last\" ><div id=\"panel-1009-6-0-0\" class=\"so-panel widget widget_sow-editor panel-first-child panel-last-child\" data-index=\"9\" ><div\n\t\t\t\n\t\t\tclass=\"so-widget-sow-editor so-widget-sow-editor-base\"\n\t\t\t\n\t\t>\n<div class=\"siteorigin-widget-tinymce textwidget\">\n\t<p><strong>Informaci\u00f3n pr\u00e1ctica:<\/strong><br \/>\nFecha: Martes, 21 de octubre<br \/>\nLugar: Casona Santa Rosa de Apoquindo<br \/>\nHorario: 19:00 \u2013 22:30<br \/>\nSalida de buses: 18:20 desde el Hotel Intercontinental Santiago<br \/>\nRegreso: Desde las 22:00<br \/>\nDress code: Smart casual, con abrigo liviano y calzado c\u00f3modo.<\/p>\n<\/div>\n<\/div><\/div><\/div><div id=\"pgc-1009-6-1\"  class=\"panel-grid-cell panel-grid-cell-empty\" ><\/div><\/div><div id=\"pg-1009-7\"  class=\"panel-grid panel-no-style\" ><div id=\"pgc-1009-7-0\"  class=\"panel-grid-cell\" ><div id=\"panel-1009-7-0-0\" class=\"so-panel widget widget_sow-editor panel-first-child panel-last-child\" data-index=\"10\" ><div class=\"panel-widget-style panel-widget-style-for-1009-7-0-0\" ><div\n\t\t\t\n\t\t\tclass=\"so-widget-sow-editor so-widget-sow-editor-base\"\n\t\t\t\n\t\t>\n<div class=\"siteorigin-widget-tinymce textwidget\">\n\t<p style=\"padding-left: 40px;\"><span style=\"color: #ffffff;\"><strong>Cena de Gala \u2013 Mi\u00e9rcoles 22 de octubre<\/strong><\/span><\/p>\n<\/div>\n<\/div><\/div><\/div><\/div><\/div><div id=\"pg-1009-8\"  class=\"panel-grid panel-no-style\" ><div id=\"pgc-1009-8-0\"  class=\"panel-grid-cell\" ><div id=\"panel-1009-8-0-0\" class=\"so-panel widget widget_sow-editor panel-first-child panel-last-child\" data-index=\"11\" ><div\n\t\t\t\n\t\t\tclass=\"so-widget-sow-editor so-widget-sow-editor-base\"\n\t\t\t\n\t\t>\n<div class=\"siteorigin-widget-tinymce textwidget\">\n\t<p>La Cena de Gala ser\u00e1 la culminaci\u00f3n de la semana del IDF World Dairy Summit 2025. El evento se realizar\u00e1 en el Centro de Eventos EntreMuros, un espacio moderno y elegante que reflejar\u00e1 la innovaci\u00f3n y excelencia de la industria l\u00e1ctea global. La noche ofrecer\u00e1 una cena de alto nivel, presentaci\u00f3n art\u00edstica y una atm\u00f3sfera que invitar\u00e1 a disfrutar de la velada.<\/p>\n<\/div>\n<\/div><\/div><\/div><div id=\"pgc-1009-8-1\"  class=\"panel-grid-cell\" ><div id=\"panel-1009-8-1-0\" class=\"so-panel widget widget_sow-image panel-first-child panel-last-child\" data-index=\"12\" ><div\n\t\t\t\n\t\t\tclass=\"so-widget-sow-image so-widget-sow-image-default-8b5b6f678277-1009\"\n\t\t\t\n\t\t>\n<div class=\"sow-image-container\">\n\t\t<img \n\tsrc=\"https:\/\/www.idfwds2025.com\/wp-content\/uploads\/2025\/10\/imagen-3-social-event.jpg\" width=\"620\" height=\"412\" srcset=\"https:\/\/www.idfwds2025.com\/wp-content\/uploads\/2025\/10\/imagen-3-social-event.jpg 620w, https:\/\/www.idfwds2025.com\/wp-content\/uploads\/2025\/10\/imagen-3-social-event-300x199.jpg 300w, https:\/\/www.idfwds2025.com\/wp-content\/uploads\/2025\/10\/imagen-3-social-event-18x12.jpg 18w, https:\/\/www.idfwds2025.com\/wp-content\/uploads\/2025\/10\/imagen-3-social-event-263x174.jpg 263w, https:\/\/www.idfwds2025.com\/wp-content\/uploads\/2025\/10\/imagen-3-social-event-360x240.jpg 360w, https:\/\/www.idfwds2025.com\/wp-content\/uploads\/2025\/10\/imagen-3-social-event-272x182.jpg 272w\" sizes=\"(max-width: 620px) 100vw, 620px\" title=\"imagen 3 social event\" alt=\"\" \t\tclass=\"so-widget-image\"\/>\n\t<\/div>\n\n<\/div><\/div><\/div><\/div><div id=\"pg-1009-9\"  class=\"panel-grid panel-no-style\" ><div id=\"pgc-1009-9-0\"  class=\"panel-grid-cell panel-grid-cell-mobile-last\" ><div id=\"panel-1009-9-0-0\" class=\"so-panel widget widget_sow-editor panel-first-child panel-last-child\" data-index=\"13\" ><div\n\t\t\t\n\t\t\tclass=\"so-widget-sow-editor so-widget-sow-editor-base\"\n\t\t\t\n\t\t>\n<div class=\"siteorigin-widget-tinymce textwidget\">\n\t<p><strong>Informaci\u00f3n pr\u00e1ctica:<\/strong><br \/>\nFecha: Mi\u00e9rcoles, 22 de octubre<br \/>\nLugar: Centro de Eventos EntreMuros<br \/>\nHorario: 19:00 \u2013 01:00<br \/>\nSalida de buses: 18:20 desde el Hotel Intercontinental Santiago<br \/>\nRegreso: Desde las 23:00<br \/>\nDress code: Smart casual, con un toque elegante.<\/p>\n<\/div>\n<\/div><\/div><\/div><div id=\"pgc-1009-9-1\"  class=\"panel-grid-cell panel-grid-cell-empty\" ><\/div><\/div><\/div>","protected":false},"excerpt":{"rendered":"<p>Recepci\u00f3n de bienvenida - Domingo, 19 de octubre<\/p>","protected":false},"author":1,"featured_media":0,"parent":0,"menu_order":0,"comment_status":"closed","ping_status":"closed","template":"","meta":{"footnotes":""},"class_list":["post-1009","page","type-page","status-publish","hentry","post"],"_links":{"self":[{"href":"https:\/\/www.idfwds2025.com\/es\/wp-json\/wp\/v2\/pages\/1009","targetHints":{"allow":["GET"]}}],"collection":[{"href":"https:\/\/www.idfwds2025.com\/es\/wp-json\/wp\/v2\/pages"}],"about":[{"href":"https:\/\/www.idfwds2025.com\/es\/wp-json\/wp\/v2\/types\/page"}],"author":[{"embeddable":true,"href":"https:\/\/www.idfwds2025.com\/es\/wp-json\/wp\/v2\/users\/1"}],"replies":[{"embeddable":true,"href":"https:\/\/www.idfwds2025.com\/es\/wp-json\/wp\/v2\/comments?post=1009"}],"version-history":[{"count":5,"href":"https:\/\/www.idfwds2025.com\/es\/wp-json\/wp\/v2\/pages\/1009\/revisions"}],"predecessor-version":[{"id":1043,"href":"https:\/\/www.idfwds2025.com\/es\/wp-json\/wp\/v2\/pages\/1009\/revisions\/1043"}],"wp:attachment":[{"href":"https:\/\/www.idfwds2025.com\/es\/wp-json\/wp\/v2\/media?parent=1009"}],"curies":[{"name":"wp","href":"https:\/\/api.w.org\/{rel}","templated":true}]}}